{"id":226,"date":"2017-09-19T08:35:11","date_gmt":"2017-09-19T15:35:11","guid":{"rendered":"http:\/\/web-2018.vmgagencysites.com\/?page_id=226"},"modified":"2025-12-09T13:43:50","modified_gmt":"2025-12-09T21:43:50","slug":"pongase-en-contacto-con","status":"publish","type":"page","link":"https:\/\/lemonlawswa.com\/es\/pongase-en-contacto-con\/","title":{"rendered":"Cont\u00e1ctenos"},"content":{"rendered":"<div class=\"wpb-content-wrapper\"><div class=\"vc_row wpb_row dark1\"><div class=\"container\"><div class=\"wpb_column vc_column_container vc_col-sm-12\"><div class=\"vc_column-inner\"><div class=\"wpb_wrapper\">\n\t<div class=\"wpb_text_column wpb_content_element\" >\n\t\t<div class=\"wpb_wrapper\">\n\t\t\t<h3 style=\"text-align: center;\">P\u00f3ngase en contacto con nosotros<\/h3>\n<p>Listo para resolver su <a href=\"https:\/\/lemonlawswa.com\/es\/preguntas-frecuentes-sobre-la-ley-del-limon\/\">ley del lim\u00f3n<\/a> caso? Nuestro <a href=\"https:\/\/lemonlawswa.com\/es\/abogados\/\">los mejores abogados de la ley del lim\u00f3n<\/a> tienen un historial probado de ayudar a los clientes a obtener la compensaci\u00f3n que merecen. Conf\u00ede en nuestro experimentado equipo para luchar por sus derechos y asegurar la compensaci\u00f3n que se merece. Ll\u00e1menos hoy al\u00a0<a href=\"tel:+18446612669\">(844) 661-2669<\/a>\u00a0para una consulta gratuita y ver si re\u00fane los requisitos para recibir ayuda.<\/p>\n\n\t\t<\/div>\n\t<\/div>\n\n\t<div class=\"wpb_raw_code wpb_raw_js\" >\n\t\t<div class=\"wpb_wrapper\">\n\t\t\t<script charset=\"utf-8\" type=\"text\/javascript\" src=\"\/\/js.hsforms.net\/forms\/embed\/v2.js\"><\/script>\n<script>\n  hbspt.forms.create({\n    region: \"na1\",\n    portalId: \"8932302\",\n    formId: \"0843527b-ee7b-48b5-ad10-2f7d3567927b\"\n  });\n<\/script>\n\t\t<\/div>\n\t<\/div>\n<\/div><\/div><\/div><\/div><\/div><div class=\"vc_row wpb_row fifty-fifty image-right dark2\"><div class=\"container\"><div class=\"nap-col wpb_column vc_column_container vc_col-sm-6\"><div class=\"vc_column-inner\"><div class=\"wpb_wrapper\">\n\t<div class=\"wpb_text_column wpb_content_element  mb0\" >\n\t\t<div class=\"wpb_wrapper\">\n\t\t\t<h3>Washington<\/h3>\n<hr class=\"line fw-line\" \/>\n<h5><\/h5>\n<h5>UBICACI\u00d3N<\/h5>\n<p>701 Fifth Ave.<br \/>\nSuite 4200<br \/>\nSeattle, Washington 98104<\/p>\n<p><a href=\"https:\/\/www.google.com\/maps\/place\/701+5th+Ave+Suite+4200,+Seattle,+WA+98104\/@47.6046363,-122.3307528,16z\/data=!3m1!4b1!4m6!3m5!1s0x54906ab0b8e0f233:0x4426f70836c72e05!8m2!3d47.6046363!4d-122.3307528!16s%2Fg%2F11mx6vtc_b?entry=ttu&amp;g_ep=EgoyMDI0MTIxMS4wIKXMDSoASAFQAw%3D%3D\" target=\"_blank\" rel=\"noopener\">C\u00f3mo llegar<\/a><\/p>\n<h5>TEL\u00c9FONO<\/h5>\n<p>Ll\u00e1menos: <a href=\"tel:+1(844) 749-1481\">(844) 749-1481<\/a><\/p>\n<h5>HORAS<\/h5>\n<p>De lunes a domingo: de 8.00 a 20.00 horas<\/p>\n<div id=\"aircall-extension-app\"><\/div>\n\n\t\t<\/div>\n\t<\/div>\n<\/div><\/div><\/div><div class=\"map-col wpb_column vc_column_container vc_col-sm-6\"><div class=\"vc_column-inner\"><div class=\"wpb_wrapper\"><div class=\"wpb_gmaps_widget wpb_content_element vc_map_responsive mb0 map-element\" >\n\t\t<div class=\"wpb_wrapper\">\n\t\t<div class=\"wpb_map_wraper\">\n\t\t\t<iframe src=\"https:\/\/www.google.com\/maps\/embed?pb=!1m18!1m12!1m3!1d5380.211199289304!2d-122.3307528!3d47.604636299999996!2m3!1f0!2f0!3f0!3m2!1i1024!2i768!4f13.1!3m3!1m2!1s0x54906ab0b8e0f233%3A0x4426f70836c72e05!2s701%205th%20Ave%20Suite%204200%2C%20Seattle%2C%20WA%2098104!5e0!3m2!1sen!2sus!4v1735852388015!5m2!1sen!2sus\" width=\"600\" height=\"450\" style=\"border:0;\" allowfullscreen=\"\" loading=\"lazy\" referrerpolicy=\"no-referrer-when-downgrade\"><\/iframe>\t\t<\/div>\n\t<\/div>\n<\/div>\n<\/div><\/div><\/div><\/div><\/div><div class=\"vc_row wpb_row cta-row dark1\"><div class=\"container\"><div class=\"wpb_column vc_column_container vc_col-sm-12\"><div class=\"vc_column-inner\"><div class=\"wpb_wrapper\">\n\t<div class=\"wpb_text_column wpb_content_element  mb0\" >\n\t\t<div class=\"wpb_wrapper\">\n\t\t\t<h3 style=\"text-align: center;\">Sus abogados<\/h3>\n\n<div id=\"aircall-extension-app\"><\/div>\n\n\t\t<\/div>\n\t<\/div>\n<\/div><\/div><\/div><\/div><\/div>\n<\/div>","protected":false},"excerpt":{"rendered":"P\u00f3ngase en contacto con nosotros ahora \u00bfListo para resolver su caso de la ley del lim\u00f3n? Nuestros mejores abogados de la ley del lim\u00f3n tienen un historial probado de ayudar a los clientes a obtener la compensaci\u00f3n que merecen. Conf\u00ede en nuestro experimentado equipo para luchar por sus derechos y asegurar la compensaci\u00f3n que se merece. Ll\u00e1menos hoy al (844) 661-2669 para una consulta gratuita para ver si... <a class=\"more-link\" href=\"https:\/\/lemonlawswa.com\/es\/pongase-en-contacto-con\/\">Seguir leyendo <span class=\"screen-reader-text\">Cont\u00e1ctenos<\/span><\/a>","protected":false},"author":1,"featured_media":0,"parent":0,"menu_order":0,"comment_status":"closed","ping_status":"closed","template":"","meta":{"_acf_changed":false,"content-type":"","footnotes":""},"class_list":["post-226","page","type-page","status-publish","entry"],"acf":[],"aioseo_notices":[],"_links":{"self":[{"href":"https:\/\/lemonlawswa.com\/es\/wp-json\/wp\/v2\/pages\/226","targetHints":{"allow":["GET"]}}],"collection":[{"href":"https:\/\/lemonlawswa.com\/es\/wp-json\/wp\/v2\/pages"}],"about":[{"href":"https:\/\/lemonlawswa.com\/es\/wp-json\/wp\/v2\/types\/page"}],"author":[{"embeddable":true,"href":"https:\/\/lemonlawswa.com\/es\/wp-json\/wp\/v2\/users\/1"}],"replies":[{"embeddable":true,"href":"https:\/\/lemonlawswa.com\/es\/wp-json\/wp\/v2\/comments?post=226"}],"version-history":[{"count":0,"href":"https:\/\/lemonlawswa.com\/es\/wp-json\/wp\/v2\/pages\/226\/revisions"}],"wp:attachment":[{"href":"https:\/\/lemonlawswa.com\/es\/wp-json\/wp\/v2\/media?parent=226"}],"curies":[{"name":"wp","href":"https:\/\/api.w.org\/{rel}","templated":true}]}}