{"id":2486,"date":"2022-10-17T13:38:24","date_gmt":"2022-10-17T19:38:24","guid":{"rendered":"https:\/\/lemonlaws2.vmgagencysites.com\/?page_id=2486"},"modified":"2025-07-01T14:11:05","modified_gmt":"2025-07-01T21:11:05","slug":"acerca-de","status":"publish","type":"page","link":"https:\/\/lemonlawswa.com\/es\/acerca-de\/","title":{"rendered":"Acerca de"},"content":{"rendered":"<div class=\"wpb-content-wrapper\"><div class=\"vc_row wpb_row cta-row dark1\"><div class=\"container\"><div class=\"wpb_column vc_column_container vc_col-sm-12\"><div class=\"vc_column-inner\"><div class=\"wpb_wrapper\">\n\t<div class=\"wpb_text_column wpb_content_element  mb0\" >\n\t\t<div class=\"wpb_wrapper\">\n\t\t\t<h3>Evaluamos su caso gratis y sin honorarios<\/h3>\n<!-- HFCM by 99 Robots - Snippet # 19: National &quot;See if You Qualify&quot; Button (EN+ES) -->\n<div data-tf-live=\"01JBG22RY7ZCB9RBCRJJWE8MPA\"><\/div><script src=\"\/\/embed.typeform.com\/next\/embed.js\"><\/script>\n<!-- \/end HFCM by 99 Robots -->\n\n\n\t\t<\/div>\n\t<\/div>\n<\/div><\/div><\/div><\/div><\/div><div class=\"vc_row wpb_row\"><div class=\"container\"><div class=\"wpb_column vc_column_container vc_col-sm-12\"><div class=\"vc_column-inner\"><div class=\"wpb_wrapper\">\n\t<div class=\"wpb_text_column wpb_content_element  mb0\" >\n\t\t<div class=\"wpb_wrapper\">\n\t\t\t<p style=\"text-align: center;\">Si usted ha comprado un coche en Washington que est\u00e1 pasando m\u00e1s tiempo en el taller que en la carretera, usted puede estar tratando con un lim\u00f3n. En Prestige Legal Solutions, representamos a los consumidores de todo el estado que se encuentran atrapados con veh\u00edculos defectuosos y sin ning\u00fan lugar a donde acudir. Nuestra firma est\u00e1 aqu\u00ed para nivelar el campo de juego, ofreciendo una orientaci\u00f3n clara, defensa de confianza, y un camino a seguir cuando los fabricantes no cumplen con sus obligaciones bajo la ley.<\/p>\n<p style=\"text-align: center;\">Somos expertos dedicados en casos de la ley del lim\u00f3n, trayendo una comprensi\u00f3n profunda de lo que se necesita para construir una demanda fuerte y exitosa. Muchos de nuestros clientes vienen a nosotros despu\u00e9s de meses de frustraci\u00f3n - frente a las reparaciones repetidas, los problemas del veh\u00edculo en curso, y poco apoyo por parte del fabricante. Con experiencia especializada en Washington y las leyes federales de lim\u00f3n, proporcionamos representaci\u00f3n estrat\u00e9gica, orientada a resultados para los consumidores que buscan la compensaci\u00f3n y la responsabilidad que se merecen.<\/p>\n\n\t\t<\/div>\n\t<\/div>\n<\/div><\/div><\/div><\/div><\/div><div class=\"vc_row wpb_row fifty-fifty image-left dark1 flip-mobile\"><div class=\"container\"><div class=\"respect-column wpb_column vc_column_container vc_col-sm-6 vc_col-has-fill\"><div class=\"vc_column-inner vc_custom_1737488611031\"><div class=\"wpb_wrapper\"><\/div><\/div><\/div><div class=\"wpb_column vc_column_container vc_col-sm-6\"><div class=\"vc_column-inner\"><div class=\"wpb_wrapper\">\n\t<div class=\"wpb_text_column wpb_content_element  mb0\" >\n\t\t<div class=\"wpb_wrapper\">\n\t\t\t<h2>Una respetada firma de abogados de la Ley Lim\u00f3n<\/h2>\n<p>Prestige Legal Solutions se enorgullece de ser una de las firmas de abogados de lim\u00f3n m\u00e1s confiables y respetadas en el estado de Washington. Con los a\u00f1os, hemos ganado nuestra reputaci\u00f3n a trav\u00e9s del conocimiento legal enfocado, resultados consistentes y servicio al cliente compasivo.<\/p>\n<p>Las leyes del lim\u00f3n de Washington est\u00e1n dise\u00f1adas para proteger a los consumidores de la carga financiera y emocional de un veh\u00edculo defectuoso. Pero la comprensi\u00f3n de c\u00f3mo hacer cumplir esas protecciones no siempre es f\u00e1cil, especialmente cuando usted est\u00e1 en contra de un fabricante de gran alcance. Es por eso que trabajar con un equipo que vive y respira la ley de lim\u00f3n importa.<\/p>\n<p>Nuestros abogados conocen bien las complejidades de los estatutos de protecci\u00f3n del consumidor de Washington. No s\u00f3lo conocemos la ley; sabemos c\u00f3mo aplicarla eficazmente. Si su coche es nuevo, alquilado o usado (y todav\u00eda en garant\u00eda), podemos ayudarle a determinar si califica bajo la ley y c\u00f3mo seguir adelante con una fuerte demanda.<\/p>\n\n\t\t<\/div>\n\t<\/div>\n<\/div><\/div><\/div><\/div><\/div><div class=\"vc_row wpb_row accent1 blurb-row vc_custom_1734468459938\"><div class=\"container\"><div class=\"wpb_column vc_column_container vc_col-sm-1\"><div class=\"vc_column-inner\"><div class=\"wpb_wrapper\"><\/div><\/div><\/div><div class=\"wpb_column vc_column_container vc_col-sm-10\"><div class=\"vc_column-inner\"><div class=\"wpb_wrapper\">\n\t<div class=\"wpb_text_column wpb_content_element\" >\n\t\t<div class=\"wpb_wrapper\">\n\t\t\t<h2 style=\"text-align: center;\">Nuestra promesa<\/h2>\n<hr class=\"line\" \/>\n<p style=\"text-align: center;\">En Prestige Legal Solutions, entendemos lo estresante que es lidiar con un veh\u00edculo que no cumple con lo prometido. Nuestra promesa es ser el abogado en el que puede confiar cuando el proceso se siente abrumador y el resultado es lo m\u00e1s importante.<\/p>\n<p style=\"text-align: center;\">Nos tomamos el tiempo para entender su situaci\u00f3n, explicar sus opciones con claridad, y perseguir su caso con diligencia y cuidado. De principio a fin, usted trabajar\u00e1 directamente con experimentados abogados de la ley de lim\u00f3n que se centran en los resultados y comprometidos con sus mejores intereses. Con nosotros, usted no es s\u00f3lo un n\u00famero de caso - usted es un cliente valioso, y tratamos su caso con la urgencia y la atenci\u00f3n que se merece.<\/p>\n\n\t\t<\/div>\n\t<\/div>\n\n\t<div class=\"wpb_text_column wpb_content_element  mb0 center-btn\" >\n\t\t<div class=\"wpb_wrapper\">\n\t\t\t<p><center><!-- HFCM by 99 Robots - Snippet # 19: National &quot;See if You Qualify&quot; Button (EN+ES) -->\n<div data-tf-live=\"01JBG22RY7ZCB9RBCRJJWE8MPA\"><\/div><script src=\"\/\/embed.typeform.com\/next\/embed.js\"><\/script>\n<!-- \/end HFCM by 99 Robots -->\n<\/center><\/p>\n\n\t\t<\/div>\n\t<\/div>\n<\/div><\/div><\/div><div class=\"wpb_column vc_column_container vc_col-sm-1\"><div class=\"vc_column-inner\"><div class=\"wpb_wrapper\"><\/div><\/div><\/div><\/div><\/div><div class=\"vc_row wpb_row fifty-fifty image-right dark1\"><div class=\"container\"><div class=\"wpb_column vc_column_container vc_col-sm-6\"><div class=\"vc_column-inner\"><div class=\"wpb_wrapper\">\n\t<div class=\"wpb_text_column wpb_content_element  mb0\" >\n\t\t<div class=\"wpb_wrapper\">\n\t\t\t<h2>Abogados de la Ley del Lim\u00f3n al servicio de los consumidores en Washington y en todo el pa\u00eds<\/h2>\n<p>Aunque estamos orgullosos de servir a los consumidores en todo el estado de Washington, nuestro alcance no se detiene all\u00ed. Nos encargamos de las reclamaciones de la ley del lim\u00f3n en todo el pa\u00eds, ayudando a los clientes en todo el pa\u00eds obtener justicia cuando han comprado veh\u00edculos defectuosos a\u00fan en garant\u00eda.<\/p>\n<p>Concretamente en Washington, la protecci\u00f3n de la ley del lim\u00f3n se aplica a los veh\u00edculos nuevos comprados o alquilados en el estado que presenten defectos sustanciales durante el periodo de garant\u00eda del fabricante. En algunos casos, los veh\u00edculos usados tambi\u00e9n pueden acogerse a la ley si a\u00fan est\u00e1n cubiertos por una garant\u00eda v\u00e1lida.<\/p>\n<ul>\n<li>M\u00faltiples intentos de reparaci\u00f3n para el mismo problema<\/li>\n<li>Tiempo prolongado en el taller<\/li>\n<li>Problemas de seguridad que no se han resuelto<\/li>\n<li>Aver\u00edas mec\u00e1nicas o el\u00e9ctricas continuas<\/li>\n<\/ul>\n<p>Nuestro equipo est\u00e1 equipado para manejar casos relacionados con las principales marcas y modelos de veh\u00edculos. Si usted est\u00e1 tratando con un fallo de transmisi\u00f3n persistente, problemas el\u00e9ctricos repetidos, o problemas de motor que simplemente no desaparecen, podemos ayudar a determinar si su situaci\u00f3n califica bajo las leyes de lim\u00f3n Washington.<\/p>\n\n\t\t<\/div>\n\t<\/div>\n<\/div><\/div><\/div><div class=\"serving-column wpb_column vc_column_container vc_col-sm-6 vc_col-has-fill\"><div class=\"vc_column-inner vc_custom_1737488682825\"><div class=\"wpb_wrapper\"><\/div><\/div><\/div><\/div><\/div><div class=\"vc_row wpb_row light1 blurb-row vc_custom_1666280653497\"><div class=\"container\"><div class=\"wpb_column vc_column_container vc_col-sm-1\"><div class=\"vc_column-inner\"><div class=\"wpb_wrapper\"><\/div><\/div><\/div><div class=\"wpb_column vc_column_container vc_col-sm-10\"><div class=\"vc_column-inner\"><div class=\"wpb_wrapper\">\n\t<div class=\"wpb_text_column wpb_content_element  mb0\" >\n\t\t<div class=\"wpb_wrapper\">\n\t\t\t<h2 style=\"text-align: center;\">Qu\u00e9 esperar de nuestra firma de abogados de la Ley Lim\u00f3n<\/h2>\n<hr class=\"line\" \/>\n<p style=\"text-align: center;\">Cuando usted se pone en contacto con nuestro bufete, no est\u00e1 simplemente enviando un formulario - est\u00e1 iniciando un proceso. Nos acercamos a cada reclamaci\u00f3n de la ley de lim\u00f3n con profesionalismo, atenci\u00f3n al detalle, y un profundo compromiso con la atenci\u00f3n al cliente.<\/p>\n<ul>\n<li><strong>Revisi\u00f3n gratuita y sin compromiso de su caso<\/strong> por un abogado cualificado de la ley del lim\u00f3n de Washington<\/li>\n<li><strong>Comunicaci\u00f3n clara<\/strong> sobre si su veh\u00edculo cumple los criterios de la ley del lim\u00f3n<\/li>\n<li><strong>Orientaci\u00f3n jur\u00eddica transparente<\/strong> sobre sus opciones y pr\u00f3ximos pasos<\/li>\n<li><strong>Apoyo continuo<\/strong> a lo largo de todo el proceso de reclamaci\u00f3n<\/li>\n<\/ul>\n<p style=\"text-align: center;\">Tambi\u00e9n entendemos la importancia del tiempo. Washington tiene plazos estrictos para la presentaci\u00f3n de reclamaciones de la ley del lim\u00f3n, por lo que actuar con rapidez y mantener su caso en movimiento hacia adelante. Trabajamos para construir una reclamaci\u00f3n s\u00f3lida y bien documentada, respaldada por registros de servicio, facturas de reparaci\u00f3n y detalles de la garant\u00eda, reuniendo todo lo necesario para presentar un caso convincente en su nombre. Su caso nos importa, y nunca lo trataremos como un expediente m\u00e1s.<\/p>\n\n\t\t<\/div>\n\t<\/div>\n<\/div><\/div><\/div><div class=\"wpb_column vc_column_container vc_col-sm-1\"><div class=\"vc_column-inner\"><div class=\"wpb_wrapper\"><\/div><\/div><\/div><\/div><\/div><div class=\"vc_row wpb_row vc_custom_1718131857476\"><div class=\"container\"><div class=\"wpb_column vc_column_container vc_col-sm-4\"><div class=\"vc_column-inner\"><div class=\"wpb_wrapper\">\n\t<div class=\"wpb_text_column wpb_content_element  mb0-desktop\" >\n\t\t<div class=\"wpb_wrapper\">\n\t\t\t<p><img loading=\"lazy\" decoding=\"async\" class=\"aligncenter size-thumbnail wp-image-3100\" src=\"https:\/\/lemonlawswa.com\/wp-content\/uploads\/2024\/06\/icon-EXCEPTIONAL-SERVICE@2x-150x150.png\" alt=\"\" width=\"100\" height=\"100\" srcset=\"https:\/\/lemonlawswa.com\/wp-content\/uploads\/2024\/06\/icon-EXCEPTIONAL-SERVICE@2x-150x150.png 150w, https:\/\/lemonlawswa.com\/wp-content\/uploads\/2024\/06\/icon-EXCEPTIONAL-SERVICE@2x-75x75.png 75w, https:\/\/lemonlawswa.com\/wp-content\/uploads\/2024\/06\/icon-EXCEPTIONAL-SERVICE@2x.png 210w\" sizes=\"auto, (max-width: 100px) 100vw, 100px\" \/><\/p>\n<h4 style=\"text-align: center;\">UN SERVICIO EXCEPCIONAL<\/h4>\n\n\t\t<\/div>\n\t<\/div>\n<\/div><\/div><\/div><div class=\"wpb_column vc_column_container vc_col-sm-4\"><div class=\"vc_column-inner\"><div class=\"wpb_wrapper\">\n\t<div class=\"wpb_text_column wpb_content_element  mb0-desktop\" >\n\t\t<div class=\"wpb_wrapper\">\n\t\t\t<p><img loading=\"lazy\" decoding=\"async\" class=\"aligncenter size-thumbnail wp-image-3101\" src=\"https:\/\/lemonlawswa.com\/wp-content\/uploads\/2024\/06\/icon-EXPERIENCED-ATTORNEYS@2x-150x150.png\" alt=\"\" width=\"100\" height=\"100\" srcset=\"https:\/\/lemonlawswa.com\/wp-content\/uploads\/2024\/06\/icon-EXPERIENCED-ATTORNEYS@2x-150x150.png 150w, https:\/\/lemonlawswa.com\/wp-content\/uploads\/2024\/06\/icon-EXPERIENCED-ATTORNEYS@2x-75x75.png 75w, https:\/\/lemonlawswa.com\/wp-content\/uploads\/2024\/06\/icon-EXPERIENCED-ATTORNEYS@2x.png 210w\" sizes=\"auto, (max-width: 100px) 100vw, 100px\" \/><\/p>\n<h4 style=\"text-align: center;\">ABOGADOS CON EXPERIENCIA<\/h4>\n\n\t\t<\/div>\n\t<\/div>\n<\/div><\/div><\/div><div class=\"wpb_column vc_column_container vc_col-sm-4\"><div class=\"vc_column-inner\"><div class=\"wpb_wrapper\">\n\t<div class=\"wpb_text_column wpb_content_element  mb0\" >\n\t\t<div class=\"wpb_wrapper\">\n\t\t\t<p><img loading=\"lazy\" decoding=\"async\" class=\"aligncenter size-thumbnail wp-image-3102\" src=\"https:\/\/lemonlawswa.com\/wp-content\/uploads\/2024\/06\/icon-TRUSTWORTHY-CARING@2x-150x150.png\" alt=\"\" width=\"100\" height=\"100\" srcset=\"https:\/\/lemonlawswa.com\/wp-content\/uploads\/2024\/06\/icon-TRUSTWORTHY-CARING@2x-150x150.png 150w, https:\/\/lemonlawswa.com\/wp-content\/uploads\/2024\/06\/icon-TRUSTWORTHY-CARING@2x-75x75.png 75w, https:\/\/lemonlawswa.com\/wp-content\/uploads\/2024\/06\/icon-TRUSTWORTHY-CARING@2x.png 212w\" sizes=\"auto, (max-width: 100px) 100vw, 100px\" \/><\/p>\n<h4 style=\"text-align: center;\">DIGNO DE CONFIANZA Y ATENTO<\/h4>\n\n\t\t<\/div>\n\t<\/div>\n<\/div><\/div><\/div><\/div><\/div><div class=\"vc_row wpb_row light1 blurb-row vc_custom_1666280653497\"><div class=\"container\"><div class=\"wpb_column vc_column_container vc_col-sm-1\"><div class=\"vc_column-inner\"><div class=\"wpb_wrapper\"><\/div><\/div><\/div><div class=\"wpb_column vc_column_container vc_col-sm-10\"><div class=\"vc_column-inner\"><div class=\"wpb_wrapper\">\n\t<div class=\"wpb_text_column wpb_content_element  mb0 center-btn alt-btn\" >\n\t\t<div class=\"wpb_wrapper\">\n\t\t\t<p><center><!-- HFCM by 99 Robots - Snippet # 19: National &quot;See if You Qualify&quot; Button (EN+ES) -->\n<div data-tf-live=\"01JBG22RY7ZCB9RBCRJJWE8MPA\"><\/div><script src=\"\/\/embed.typeform.com\/next\/embed.js\"><\/script>\n<!-- \/end HFCM by 99 Robots -->\n<\/center><\/p>\n\n\t\t<\/div>\n\t<\/div>\n<\/div><\/div><\/div><div class=\"wpb_column vc_column_container vc_col-sm-1\"><div class=\"vc_column-inner\"><div class=\"wpb_wrapper\"><\/div><\/div><\/div><\/div><\/div><div class=\"vc_row wpb_row fifty-fifty image-right dark1\"><div class=\"container\"><div class=\"wpb_column vc_column_container vc_col-sm-6\"><div class=\"vc_column-inner\"><div class=\"wpb_wrapper\">\n\t<div class=\"wpb_text_column wpb_content_element  mb0\" >\n\t\t<div class=\"wpb_wrapper\">\n\t\t\t<h2 style=\"text-align: right;\">C\u00f3mo trabajamos<\/h2>\n<p style=\"text-align: right;\">En <a href=\"https:\/\/plsfirm.com\/\">Prestige Legal Solutions<\/a>manejamos casos de la ley del lim\u00f3n sobre una base de contingencia, lo que significa que usted no paga nada a menos que ganemos. Eso significa que no hay honorarios por adelantado, sin costes ocultos, y sin sorpresas.<\/p>\n<p style=\"text-align: right;\">Este enfoque permite a los consumidores de todos los \u00e1mbitos de la vida para obtener representaci\u00f3n legal de alta calidad sin estr\u00e9s financiero. Si usted ha comprado un veh\u00edculo defectuoso en Washington y est\u00e1 cubierto por la garant\u00eda, usted merece ayuda legal que no ponga otra carga en sus finanzas.<\/p>\n<p style=\"text-align: right;\">Nos centramos en los resultados. Nuestros abogados son h\u00e1biles negociadores y litigantes experimentados. Preparamos cada caso como si fuera a ir a juicio, y ese nivel de preparaci\u00f3n nos da la ventaja que necesitamos para luchar por resultados favorables.<\/p>\n<p style=\"text-align: right;\">Nuestro equipo jur\u00eddico se encarga de toda la comunicaci\u00f3n con el fabricante. Nos encargamos del papeleo, los plazos y la estrategia jur\u00eddica, para que usted pueda centrarse en seguir adelante.<\/p>\n<p style=\"text-align: right;\">Tanto si est\u00e1s en <a href=\"https:\/\/lemonlawswa.com\/es\/seattle-lemon-law-attorney\/\">Seattle<\/a>Spokane, <a href=\"https:\/\/lemonlawswa.com\/es\/tacoma-abogado-de-la-ley-de-limon\/\">Tacoma<\/a>o en cualquier otro lugar en Washington, nuestra empresa est\u00e1 dispuesta a luchar por sus derechos.<\/p>\n\n\t\t<\/div>\n\t<\/div>\n<\/div><\/div><\/div><div class=\"our-lemon-law-firm-column wpb_column vc_column_container vc_col-sm-6 vc_col-has-fill\"><div class=\"vc_column-inner vc_custom_1737488723451\"><div class=\"wpb_wrapper\"><\/div><\/div><\/div><\/div><\/div><div class=\"vc_row wpb_row fifty-fifty image-left light1 flip-mobile\"><div class=\"container\"><div class=\"start-your-free-column wpb_column vc_column_container vc_col-sm-6 vc_col-has-fill\"><div class=\"vc_column-inner vc_custom_1737488753237\"><div class=\"wpb_wrapper\"><\/div><\/div><\/div><div class=\"wpb_column vc_column_container vc_col-sm-6\"><div class=\"vc_column-inner\"><div class=\"wpb_wrapper\">\n\t<div class=\"wpb_text_column wpb_content_element  mb0\" >\n\t\t<div class=\"wpb_wrapper\">\n\t\t\t<h3>\u00a1Comience su revisi\u00f3n de caso GRATIS con nuestra firma hoy!<\/h3>\n<p>Ser due\u00f1o de un lim\u00f3n puede sentirse aislado, pero usted no tiene que enfrentar esto solo. Si su veh\u00edculo sigue teniendo problemas a pesar de estar en garant\u00eda, nuestro equipo legal est\u00e1 listo para ayudarle a determinar si su situaci\u00f3n califica para una compensaci\u00f3n bajo las leyes de lim\u00f3n de Washington.<\/p>\n<p>Ofrecemos revisiones gratuitas de casos, y nos tomaremos el tiempo para entender su experiencia, revisar su documentaci\u00f3n, y guiarle a trav\u00e9s de sus opciones legales. No hay presi\u00f3n ni compromiso, solo la visi\u00f3n honesta de un equipo que sabe por lo que est\u00e1 pasando.<\/p>\n<p>Nuestros abogados especializados en la ley del lim\u00f3n han ayudado a innumerables consumidores de todo Washington a emprender acciones contra los fabricantes de veh\u00edculos. Perm\u00edtanos ayudarle a exigirles responsabilidades.<\/p>\n<p>Comun\u00edquese hoy mismo y permita que Prestige Legal Solutions sea su socio de confianza en la lucha por la equidad, la calidad y la justicia.<\/p>\n\n\t\t<\/div>\n\t<\/div>\n<\/div><\/div><\/div><\/div><\/div><div class=\"vc_row wpb_row cta-row dark1\"><div class=\"container\"><div class=\"wpb_column vc_column_container vc_col-sm-12\"><div class=\"vc_column-inner\"><div class=\"wpb_wrapper\">\n\t<div class=\"wpb_text_column wpb_content_element  mb0\" >\n\t\t<div class=\"wpb_wrapper\">\n\t\t\t<h3>Evaluamos su caso gratis y sin honorarios<\/h3>\n<!-- HFCM by 99 Robots - Snippet # 19: National &quot;See if You Qualify&quot; Button (EN+ES) -->\n<div data-tf-live=\"01JBG22RY7ZCB9RBCRJJWE8MPA\"><\/div><script src=\"\/\/embed.typeform.com\/next\/embed.js\"><\/script>\n<!-- \/end HFCM by 99 Robots -->\n\n\n\t\t<\/div>\n\t<\/div>\n<\/div><\/div><\/div><\/div><\/div><div class=\"vc_row wpb_row promo-row fifty-fifty dark1\"><div class=\"container\"><div class=\"our-attorneys wpb_column vc_column_container vc_col-sm-3 vc_col-has-fill\"><div class=\"vc_column-inner vc_custom_1737488786346\"><div class=\"wpb_wrapper\">\n\t<div class=\"wpb_text_column wpb_content_element  mb0\" >\n\t\t<div class=\"wpb_wrapper\">\n\t\t\t<h4 style=\"text-align: center;\">NUESTROS ABOGADOS<\/h4>\n<p style=\"text-align: center;\"><a class=\"btn-bt default\" title=\"conozca a nuestros expertos en la ley del lim\u00f3n\" href=\"https:\/\/lemonlawswa.com\/es\/abogados\/\">SABER M\u00c1S<\/a><\/p>\n\n\t\t<\/div>\n\t<\/div>\n<\/div><\/div><\/div><div class=\"lemon-law wpb_column vc_column_container vc_col-sm-3 vc_col-has-fill\"><div class=\"vc_column-inner vc_custom_1737488797785\"><div class=\"wpb_wrapper\">\n\t<div class=\"wpb_text_column wpb_content_element  mb0\" >\n\t\t<div class=\"wpb_wrapper\">\n\t\t\t<h4 style=\"text-align: center;\">LEY LIM\u00d3N<\/h4>\n<p style=\"text-align: center;\"><a class=\"btn-bt default\" title=\"ley federal del lim\u00f3n faq\" href=\"https:\/\/lemonlawswa.com\/es\/preguntas-frecuentes-sobre-la-ley-del-limon\/\">SABER M\u00c1S<\/a><\/p>\n\n\t\t<\/div>\n\t<\/div>\n<\/div><\/div><\/div><div class=\"about-us wpb_column vc_column_container vc_col-sm-3 vc_col-has-fill\"><div class=\"vc_column-inner vc_custom_1737488806213\"><div class=\"wpb_wrapper\">\n\t<div class=\"wpb_text_column wpb_content_element  mb0\" >\n\t\t<div class=\"wpb_wrapper\">\n\t\t\t<h4 style=\"text-align: center;\">SOBRE NOSOTROS<\/h4>\n<p style=\"text-align: center;\"><a class=\"btn-bt default\" title=\"acerca de nuestro bufete de abogados\" href=\"https:\/\/lemonlawswa.com\/es\/acerca-de\/\">SABER M\u00c1S<\/a><\/p>\n\n\t\t<\/div>\n\t<\/div>\n<\/div><\/div><\/div><div class=\"locations wpb_column vc_column_container vc_col-sm-3 vc_col-has-fill\"><div class=\"vc_column-inner vc_custom_1737488813548\"><div class=\"wpb_wrapper\">\n\t<div class=\"wpb_text_column wpb_content_element  mb0\" >\n\t\t<div class=\"wpb_wrapper\">\n\t\t\t<h4 style=\"text-align: center;\">UBICACIONES<\/h4>\n<p style=\"text-align: center;\"><a class=\"btn-bt default\" title=\"estados en los que prestamos servicio\" href=\"https:\/\/lemonlawswa.com\/es\/#locations\">SABER M\u00c1S<\/a><\/p>\n\n\t\t<\/div>\n\t<\/div>\n<\/div><\/div><\/div><\/div><\/div>\n<\/div>","protected":false},"excerpt":{"rendered":"Si usted ha comprado un coche en Washington que est\u00e1 pasando m\u00e1s tiempo en el taller que en la carretera, usted puede estar tratando con un lim\u00f3n. En Prestige Legal Solutions, representamos a consumidores de todo el estado que se encuentran atrapados con veh\u00edculos defectuosos y sin ning\u00fan lugar a donde acudir.... <a class=\"more-link\" href=\"https:\/\/lemonlawswa.com\/es\/acerca-de\/\">Seguir leyendo <span class=\"screen-reader-text\">Acerca de<\/span><\/a>","protected":false},"author":1,"featured_media":0,"parent":0,"menu_order":0,"comment_status":"closed","ping_status":"closed","template":"","meta":{"_acf_changed":false,"content-type":"","footnotes":""},"class_list":["post-2486","page","type-page","status-publish","entry"],"acf":[],"aioseo_notices":[],"_links":{"self":[{"href":"https:\/\/lemonlawswa.com\/es\/wp-json\/wp\/v2\/pages\/2486","targetHints":{"allow":["GET"]}}],"collection":[{"href":"https:\/\/lemonlawswa.com\/es\/wp-json\/wp\/v2\/pages"}],"about":[{"href":"https:\/\/lemonlawswa.com\/es\/wp-json\/wp\/v2\/types\/page"}],"author":[{"embeddable":true,"href":"https:\/\/lemonlawswa.com\/es\/wp-json\/wp\/v2\/users\/1"}],"replies":[{"embeddable":true,"href":"https:\/\/lemonlawswa.com\/es\/wp-json\/wp\/v2\/comments?post=2486"}],"version-history":[{"count":0,"href":"https:\/\/lemonlawswa.com\/es\/wp-json\/wp\/v2\/pages\/2486\/revisions"}],"wp:attachment":[{"href":"https:\/\/lemonlawswa.com\/es\/wp-json\/wp\/v2\/media?parent=2486"}],"curies":[{"name":"wp","href":"https:\/\/api.w.org\/{rel}","templated":true}]}}