{"id":3825,"date":"2024-08-01T12:13:52","date_gmt":"2024-08-01T19:13:52","guid":{"rendered":"https:\/\/lemonlaws2.vmgagencysites.com\/?page_id=3825"},"modified":"2025-12-08T07:36:28","modified_gmt":"2025-12-08T15:36:28","slug":"dinero-en-efectivo-y-mantener-los-asentamientos-de-la-ley-del-limon","status":"publish","type":"page","link":"https:\/\/lemonlawswa.com\/es\/dinero-en-efectivo-y-mantener-los-asentamientos-de-la-ley-del-limon\/","title":{"rendered":"Lemon Law Cash &amp; Keep Settlements"},"content":{"rendered":"<div class=\"wpb-content-wrapper\"><div class=\"vc_row wpb_row cta-row dark1\"><div class=\"container\"><div class=\"wpb_column vc_column_container vc_col-sm-12\"><div class=\"vc_column-inner\"><div class=\"wpb_wrapper\">\n\t<div class=\"wpb_text_column wpb_content_element  mb0\" >\n\t\t<div class=\"wpb_wrapper\">\n\t\t\t<h3>Evaluamos su caso gratis y sin honorarios<\/h3>\n<!-- HFCM by 99 Robots - Snippet # 19: National &quot;See if You Qualify&quot; Button (EN+ES) -->\n<div data-tf-live=\"01JBG22RY7ZCB9RBCRJJWE8MPA\"><\/div><script src=\"\/\/embed.typeform.com\/next\/embed.js\"><\/script>\n<!-- \/end HFCM by 99 Robots -->\n\n\n\t\t<\/div>\n\t<\/div>\n<\/div><\/div><\/div><\/div><\/div><div class=\"vc_row wpb_row dark2\"><div class=\"container\"><div class=\"wpb_column vc_column_container vc_col-sm-12\"><div class=\"vc_column-inner\"><div class=\"wpb_wrapper\">\n\t<div class=\"wpb_text_column wpb_content_element  mb0\" >\n\t\t<div class=\"wpb_wrapper\">\n\t\t\t<p style=\"text-align: center;\">Si usted ha estado lidiando con un veh\u00edculo defectuoso en Washington, puede que est\u00e9 explorando sus opciones legales bajo la ley del lim\u00f3n del estado. Aunque mucha gente piensa que las reclamaciones de la ley del lim\u00f3n terminan en la recompra del veh\u00edculo, esa no es la \u00fanica resoluci\u00f3n posible. En algunos casos, usted puede ser elegible para un acuerdo en efectivo de la ley del lim\u00f3n, una soluci\u00f3n que le permite mantener su veh\u00edculo y recibir una compensaci\u00f3n financiera del fabricante.<\/p>\n<p style=\"text-align: center;\">Prestige Legal Solutions ayuda a los consumidores de Washington a comprender sus derechos y solicitar una indemnizaci\u00f3n cuando un veh\u00edculo no cumple las normas de calidad o rendimiento. Si su coche todav\u00eda funciona, pero tiene problemas en curso, un acuerdo en efectivo podr\u00eda ser una soluci\u00f3n adecuada.<\/p>\n\n\t\t<\/div>\n\t<\/div>\n<\/div><\/div><\/div><\/div><\/div><div id=\"1\" class=\"vc_row wpb_row table-of-content-row\"><div class=\"container\"><div class=\"wpb_column vc_column_container vc_col-sm-6\"><div class=\"vc_column-inner\"><div class=\"wpb_wrapper\">\n\t<div class=\"wpb_text_column wpb_content_element\" >\n\t\t<div class=\"wpb_wrapper\">\n\t\t\t<h2>\u00bfQu\u00e9 es la liquidaci\u00f3n \"Cash &amp; Keep\"?<\/h2>\n<p>Un acuerdo de \"dinero en efectivo y qu\u00e9dese con el veh\u00edculo\" es un tipo de resoluci\u00f3n de la ley del lim\u00f3n en la que el consumidor recibe una compensaci\u00f3n monetaria por un veh\u00edculo defectuoso, pero contin\u00faa siendo propietario y utilizando ese veh\u00edculo. A diferencia de una recompra, usted no est\u00e1 obligado a devolver el coche al fabricante. En su lugar, usted recibe un pago que refleja el valor reducido del veh\u00edculo debido a sus defectos en curso.<\/p>\n<p>Este tipo de acuerdo suele utilizarse cuando el defecto no inutiliza por completo el veh\u00edculo, pero sigue afectando a su seguridad, fiabilidad o valor de reventa. El objetivo es reconocer las molestias y p\u00e9rdidas econ\u00f3micas que has sufrido, sin exigirte que renuncies al coche.<\/p>\n<p>Los acuerdos en efectivo pueden ser especialmente atractivos para aquellos que dependen de su veh\u00edculo a diario y quieren evitar la molestia de sustituirlo. Tambi\u00e9n ofrece m\u00e1s flexibilidad, sobre todo si los problemas del veh\u00edculo son frustrantes, pero no lo suficientemente graves como para justificar una recompra completa bajo las leyes de lim\u00f3n de Washington.<\/p>\n\n\t\t<\/div>\n\t<\/div>\n<\/div><\/div><\/div><div class=\"accent1 table-of-contents wpb_column vc_column_container vc_col-sm-6 vc_col-has-fill\"><div class=\"vc_column-inner vc_custom_1718206463659\"><div class=\"wpb_wrapper\">\n\t<div class=\"wpb_text_column wpb_content_element\" >\n\t\t<div class=\"wpb_wrapper\">\n\t\t\t<h5>\u00cdNDICE<\/h5>\n<hr class=\"line fw-line\" \/>\n<ul class=\"table-of-contents\">\n<li><a href=\"#1\">\u00bfQu\u00e9 es la liquidaci\u00f3n \"Cash &amp; Keep\"?<\/a><\/li>\n<li><a href=\"#2\">Elegibilidad para la Ley del Lim\u00f3n en efectivo y mantener los asentamientos<\/a><\/li>\n<li><a href=\"#3\">\u00bfEn qu\u00e9 se diferencia Cash &amp; Keep de una recompra?<\/a><\/li>\n<li><a href=\"#4\">Por qu\u00e9 los fabricantes ofrecen esta opci\u00f3n<\/a><\/li>\n<li><a href=\"#5\">Ventajas para el consumidor de las liquidaciones en met\u00e1lico<\/a><\/li>\n<li><a href=\"#6\">C\u00f3mo conseguir que el fabricante pague y mantenga el acuerdo<\/a><\/li>\n<li><a href=\"#7\">Averig\u00fce si cumple los requisitos<\/a><\/li>\n<\/ul>\n\n\t\t<\/div>\n\t<\/div>\n<\/div><\/div><\/div><\/div><\/div><div id=\"2\" class=\"vc_row wpb_row dark2 blurb-row vc_custom_1722538843858\"><div class=\"container\"><div class=\"wpb_column vc_column_container vc_col-sm-1\"><div class=\"vc_column-inner\"><div class=\"wpb_wrapper\"><\/div><\/div><\/div><div class=\"wpb_column vc_column_container vc_col-sm-10\"><div class=\"vc_column-inner\"><div class=\"wpb_wrapper\">\n\t<div class=\"wpb_text_column wpb_content_element  mb0\" >\n\t\t<div class=\"wpb_wrapper\">\n\t\t\t<h2 style=\"text-align: center;\">Elegibilidad para la Ley del Lim\u00f3n en efectivo y mantener los asentamientos<\/h2>\n<hr class=\"line\" \/>\n<p style=\"text-align: center;\">No todas las reclamaciones de la ley del lim\u00f3n dar\u00e1n lugar a un acuerdo en efectivo, pero para muchos consumidores de Washington, esta opci\u00f3n puede ser un camino pr\u00e1ctico a seguir. Para ello, su caso debe cumplir los siguientes criterios:<\/p>\n<ul style=\"margin-bottom: 35px;\">\n<li>Su veh\u00edculo ha sufrido <strong>problemas actuales<\/strong> que afecten a su uso, valor o seguridad.<\/li>\n<li>En <strong>fabricante ha tenido m\u00faltiples oportunidades<\/strong> para reparar el defecto, pero no ha tenido \u00e9xito.<\/li>\n<li>El veh\u00edculo sigue bajo la <strong>garant\u00eda original del fabricante<\/strong> durante los intentos de reparaci\u00f3n.<\/li>\n<li>El defecto ha provocado <strong>inconvenientes documentados, costes de reparaci\u00f3n o p\u00e9rdida de valor<\/strong>.<\/li>\n<\/ul>\n\n\t\t<\/div>\n\t<\/div>\n<\/div><\/div><\/div><div class=\"wpb_column vc_column_container vc_col-sm-1\"><div class=\"vc_column-inner\"><div class=\"wpb_wrapper\"><\/div><\/div><\/div><\/div><\/div><div id=\"3\" class=\"vc_row wpb_row light1 blurb-row steps vc_custom_1722538851541\"><div class=\"container\"><div class=\"wpb_column vc_column_container vc_col-sm-12\"><div class=\"vc_column-inner\"><div class=\"wpb_wrapper\">\n\t<div class=\"wpb_text_column wpb_content_element  mb0\" >\n\t\t<div class=\"wpb_wrapper\">\n\t\t\t<h2 style=\"text-align: center;\">\u00bfEn qu\u00e9 se diferencia Cash &amp; Keep de una recompra?<\/h2>\n<hr class=\"line\" \/>\n<p style=\"text-align: center;\">Si bien tanto los acuerdos en efectivo como las recompras son posibles resultados de una demanda exitosa de la ley del lim\u00f3n, difieren significativamente en la forma en que se resuelven.<\/p>\n<ul>\n<li><strong><a href=\"https:\/\/lemonlawswa.com\/es\/ley-del-limon-de-washington-recompra\/\">Ley del Lim\u00f3n<\/a>:<\/strong> En este caso, el fabricante le recompra el veh\u00edculo. Esto suele incluir el reembolso del precio de compra original (menos una compensaci\u00f3n por kilometraje) y determinados costes asociados. El veh\u00edculo se devuelve al fabricante y ah\u00ed termina la relaci\u00f3n jur\u00eddica.<\/li>\n<li><strong>Cash &amp; Keep Settlement:<\/strong> Con un acuerdo, usted conserva la propiedad de su veh\u00edculo y recibe una compensaci\u00f3n econ\u00f3mica por las molestias, el historial de reparaciones y el valor reducido. Puede utilizar esta indemnizaci\u00f3n como prefiera, ya sea para futuras reparaciones, para compensar su inversi\u00f3n o simplemente como alivio econ\u00f3mico.<\/li>\n<\/ul>\n<p style=\"text-align: center;\">Un acuerdo en efectivo de la ley del lim\u00f3n es a menudo m\u00e1s r\u00e1pido y menos complejo que una recompra. Es especialmente \u00fatil para los consumidores que quieren conservar su veh\u00edculo y est\u00e1n dispuestos a aceptar un pago justo en lugar de pasar por el proceso de entregar el coche.<\/p>\n\n\t\t<\/div>\n\t<\/div>\n<\/div><\/div><\/div><\/div><\/div><div id=\"4\" class=\"vc_row wpb_row fifty-fifty-new light1 vc_custom_1722538858950\"><div class=\"container\"><div class=\"wpb_column vc_column_container vc_col-sm-6\"><div class=\"vc_column-inner\"><div class=\"wpb_wrapper\">\n\t<div class=\"wpb_text_column wpb_content_element\" >\n\t\t<div class=\"wpb_wrapper\">\n\t\t\t<p><img loading=\"lazy\" decoding=\"async\" class=\"aligncenter size-full wp-image-3832\" src=\"https:\/\/lemonlawswa.com\/wp-content\/uploads\/2024\/08\/lemon-law-cash-and-keep-settlements-lemonlaws-1-1.jpg\" alt=\"mon law cash and keep settlements lemonlaws.com\" width=\"1610\" height=\"1342\" srcset=\"https:\/\/lemonlawswa.com\/wp-content\/uploads\/2024\/08\/lemon-law-cash-and-keep-settlements-lemonlaws-1-1.jpg 1610w, https:\/\/lemonlawswa.com\/wp-content\/uploads\/2024\/08\/lemon-law-cash-and-keep-settlements-lemonlaws-1-1-300x250.jpg 300w, https:\/\/lemonlawswa.com\/wp-content\/uploads\/2024\/08\/lemon-law-cash-and-keep-settlements-lemonlaws-1-1-1024x854.jpg 1024w, https:\/\/lemonlawswa.com\/wp-content\/uploads\/2024\/08\/lemon-law-cash-and-keep-settlements-lemonlaws-1-1-768x640.jpg 768w, https:\/\/lemonlawswa.com\/wp-content\/uploads\/2024\/08\/lemon-law-cash-and-keep-settlements-lemonlaws-1-1-1536x1280.jpg 1536w, https:\/\/lemonlawswa.com\/wp-content\/uploads\/2024\/08\/lemon-law-cash-and-keep-settlements-lemonlaws-1-1-14x12.jpg 14w, https:\/\/lemonlawswa.com\/wp-content\/uploads\/2024\/08\/lemon-law-cash-and-keep-settlements-lemonlaws-1-1-1568x1307.jpg 1568w\" sizes=\"auto, (max-width: 1610px) 100vw, 1610px\" \/><\/p>\n\n\t\t<\/div>\n\t<\/div>\n<\/div><\/div><\/div><div class=\"wpb_column vc_column_container vc_col-sm-6\"><div class=\"vc_column-inner\"><div class=\"wpb_wrapper\">\n\t<div class=\"wpb_text_column wpb_content_element  mb0\" >\n\t\t<div class=\"wpb_wrapper\">\n\t\t\t<h2>Por qu\u00e9 los fabricantes ofrecen esta opci\u00f3n<\/h2>\n<hr class=\"line fs-line\" \/>\n<p>Los fabricantes de autom\u00f3viles est\u00e1n motivados para resolver las reclamaciones de la ley del lim\u00f3n de la forma m\u00e1s eficiente posible. En algunos casos, ofrecer un acuerdo en efectivo y quedarse con el veh\u00edculo les permite evitar los costes m\u00e1s elevados y las dificultades log\u00edsticas que conlleva la devoluci\u00f3n del veh\u00edculo.<br \/>\nPara los fabricantes, esta opci\u00f3n es de gran ayuda:<\/p>\n<ul>\n<li>Minimizar la exposici\u00f3n legal y los gastos<\/li>\n<li>Preservar las relaciones con los clientes<\/li>\n<li>Resolver los litigios con rapidez y discreci\u00f3n<\/li>\n<li>Evite los gastos generales de inspecci\u00f3n, transporte y reventa de un veh\u00edculo recomprado.<\/li>\n<\/ul>\n<p>Como esta resoluci\u00f3n suele ser m\u00e1s r\u00e1pida y menos complicada, en muchos casos es mutuamente beneficiosa. Sin embargo, sigue siendo fundamental asegurarse de que la indemnizaci\u00f3n ofrecida refleje realmente el impacto de los defectos del veh\u00edculo, y ah\u00ed es donde contar con la representaci\u00f3n legal adecuada marca la diferencia.<\/p>\n<p><a class=\"btn-bt alternate\" title=\"Fabricantes\" href=\"\/es\/fabricantes\/\">VER FABRICANTES<\/a><\/p>\n\n\t\t<\/div>\n\t<\/div>\n<\/div><\/div><\/div><\/div><\/div><div id=\"5\" class=\"vc_row wpb_row fifty-fifty-new light1 flip-mobile\"><div class=\"container\"><div class=\"wpb_column vc_column_container vc_col-sm-6\"><div class=\"vc_column-inner\"><div class=\"wpb_wrapper\">\n\t<div class=\"wpb_text_column wpb_content_element\" >\n\t\t<div class=\"wpb_wrapper\">\n\t\t\t<h2>Beneficios para el consumidor de la Ley del Lim\u00f3n Cash &amp; Keep Settlements<\/h2>\n<hr class=\"line fs-line\" \/>\n<p>Un acuerdo en efectivo ofrece varias ventajas clave, especialmente para los consumidores de Washington que necesitan su veh\u00edculo o prefieren no sustituirlo:<\/p>\n<h3 style=\"font-size: 18px;\"><strong>Conserve su coche<\/strong><\/h3>\n<p>No es necesario que entregues tu veh\u00edculo. Puede seguir utiliz\u00e1ndolo todo el tiempo que desee, incluso con los problemas conocidos. Para muchas personas, esta comodidad es una prioridad absoluta.<\/p>\n<h3 style=\"font-size: 18px;\"><strong>Obtendr\u00e1 alivio financiero<\/strong><\/h3>\n<p>La indemnizaci\u00f3n que recibes est\u00e1 destinada a compensar los problemas a los que te has enfrentado, ya sean repetidas visitas de reparaci\u00f3n, bajas laborales, gastos de alquiler o simplemente el estr\u00e9s de tener un coche defectuoso.<\/p>\n<h3 style=\"font-size: 18px;\"><strong>A menudo es m\u00e1s r\u00e1pido<\/strong><\/h3>\n<p>Los casos de recompra pueden llevar m\u00e1s tiempo debido a las negociaciones y a la log\u00edstica de devoluci\u00f3n del veh\u00edculo. Un acuerdo en efectivo de la ley del lim\u00f3n suele ser m\u00e1s r\u00e1pido de resolver, por lo que es una soluci\u00f3n m\u00e1s inmediata.<\/p>\n<h3 style=\"font-size: 18px;\"><strong>Ofrece flexibilidad<\/strong><\/h3>\n<p>No hay restricciones sobre c\u00f3mo utilizar los fondos del acuerdo. Algunos clientes lo destinan a reparaciones, otros lo aplican a un futuro veh\u00edculo, y algunos simplemente se lo embolsan como reembolso por su tiempo y molestias.<\/p>\n<h3 style=\"font-size: 18px;\"><strong>Usted mantiene el control<\/strong><\/h3>\n<p>Este tipo de acuerdo pone el poder en sus manos. Usted decide si quiere seguir conduciendo el veh\u00edculo, hacer reparaciones adicionales o cambiarlo m\u00e1s adelante: la decisi\u00f3n es suya.<\/p>\n\n\t\t<\/div>\n\t<\/div>\n<\/div><\/div><\/div><div class=\"wpb_column vc_column_container vc_col-sm-6\"><div class=\"vc_column-inner\"><div class=\"wpb_wrapper\">\n\t<div class=\"wpb_text_column wpb_content_element\" >\n\t\t<div class=\"wpb_wrapper\">\n\t\t\t<p><img loading=\"lazy\" decoding=\"async\" class=\"aligncenter size-full wp-image-3842\" src=\"https:\/\/lemonlawswa.com\/wp-content\/uploads\/2024\/08\/lemon-law-cash-and-keep-settlement-benefits-1.jpg\" alt=\"ley del lim\u00f3n en efectivo y mantener los beneficios de liquidaci\u00f3n (1)\" width=\"1610\" height=\"1342\" srcset=\"https:\/\/lemonlawswa.com\/wp-content\/uploads\/2024\/08\/lemon-law-cash-and-keep-settlement-benefits-1.jpg 1610w, https:\/\/lemonlawswa.com\/wp-content\/uploads\/2024\/08\/lemon-law-cash-and-keep-settlement-benefits-1-300x250.jpg 300w, https:\/\/lemonlawswa.com\/wp-content\/uploads\/2024\/08\/lemon-law-cash-and-keep-settlement-benefits-1-1024x854.jpg 1024w, https:\/\/lemonlawswa.com\/wp-content\/uploads\/2024\/08\/lemon-law-cash-and-keep-settlement-benefits-1-768x640.jpg 768w, https:\/\/lemonlawswa.com\/wp-content\/uploads\/2024\/08\/lemon-law-cash-and-keep-settlement-benefits-1-1536x1280.jpg 1536w, https:\/\/lemonlawswa.com\/wp-content\/uploads\/2024\/08\/lemon-law-cash-and-keep-settlement-benefits-1-14x12.jpg 14w, https:\/\/lemonlawswa.com\/wp-content\/uploads\/2024\/08\/lemon-law-cash-and-keep-settlement-benefits-1-1568x1307.jpg 1568w\" sizes=\"auto, (max-width: 1610px) 100vw, 1610px\" \/><\/p>\n\n\t\t<\/div>\n\t<\/div>\n<\/div><\/div><\/div><\/div><\/div><div id=\"6\" class=\"vc_row wpb_row fifty-fifty image-left dark1 flip-mobile\"><div class=\"container\"><div class=\"lemon-column-img wpb_column vc_column_container vc_col-sm-6 vc_col-has-fill\"><div class=\"vc_column-inner vc_custom_1728688402253\"><div class=\"wpb_wrapper\"><\/div><\/div><\/div><div class=\"wpb_column vc_column_container vc_col-sm-6\"><div class=\"vc_column-inner\"><div class=\"wpb_wrapper\">\n\t<div class=\"wpb_text_column wpb_content_element  mb0 add-mt\" >\n\t\t<div class=\"wpb_wrapper\">\n\t\t\t<h2>C\u00f3mo conseguir que el fabricante pague y mantenga el acuerdo<\/h2>\n<hr class=\"line fs-line\" \/>\n<p>Si cree que un acuerdo en efectivo podr\u00eda ser adecuado para su situaci\u00f3n, he aqu\u00ed c\u00f3mo suele ser el proceso en Washington:<\/p>\n<ol>\n<li><strong>Documentaci\u00f3n:<\/strong><br \/>\nEmpiece por recopilar los registros de reparaci\u00f3n, las fechas de servicio y cualquier comunicaci\u00f3n con el concesionario o taller de reparaci\u00f3n. Esta informaci\u00f3n constituye la base de su reclamaci\u00f3n.<\/li>\n<li><strong>Revisi\u00f3n legal:<\/strong><br \/>\nP\u00f3ngase en contacto con un abogado con experiencia en la ley del lim\u00f3n. En Prestige Legal Solutions, revisaremos sus documentos, evaluaremos la solidez de su caso y le aconsejaremos si un acuerdo en efectivo es una opci\u00f3n realista.<\/li>\n<li><strong>Negociaci\u00f3n:<\/strong><br \/>\nUna vez establecido su caso, su abogado negociar\u00e1 directamente con el fabricante. Nosotros nos encargamos de las conversaciones y luchamos por un pago justo basado en el historial de reparaciones de tu veh\u00edculo y en las molestias que has sufrido.<\/li>\n<li><strong>Evaluaci\u00f3n de la liquidaci\u00f3n:<\/strong><br \/>\nSi se hace una oferta de acuerdo, su abogado revisar\u00e1 los t\u00e9rminos con usted para asegurarse de que refleja el valor real de su reclamo. Nada avanza sin su plena aprobaci\u00f3n.<\/li>\n<\/ol>\n<!-- HFCM by 99 Robots - Snippet # 19: National &quot;See if You Qualify&quot; Button (EN+ES) -->\n<div data-tf-live=\"01JBG22RY7ZCB9RBCRJJWE8MPA\"><\/div><script src=\"\/\/embed.typeform.com\/next\/embed.js\"><\/script>\n<!-- \/end HFCM by 99 Robots -->\n\n\n\t\t<\/div>\n\t<\/div>\n<\/div><\/div><\/div><\/div><\/div><div id=\"7\" class=\"vc_row wpb_row light1 blurb-row vc_custom_1722538880347\"><div class=\"container\"><div class=\"wpb_column vc_column_container vc_col-sm-12\"><div class=\"vc_column-inner\"><div class=\"wpb_wrapper\">\n\t<div class=\"wpb_text_column wpb_content_element  mb0\" >\n\t\t<div class=\"wpb_wrapper\">\n\t\t\t<h2 style=\"text-align: center;\">Averig\u00fce si re\u00fane los requisitos para un acuerdo \"Cash &amp; Keep\" - \u00a1P\u00f3ngase en contacto con nuestro equipo hoy mismo!<\/h2>\n<hr class=\"line\" \/>\n<p style=\"text-align: center;\">Si usted est\u00e1 lidiando con un veh\u00edculo que simplemente no se queda fijo, un acuerdo en efectivo de la ley del lim\u00f3n puede ser la soluci\u00f3n correcta. Nuestro equipo en Prestige Legal Solutions tiene una amplia experiencia en la negociaci\u00f3n de estos resultados para los clientes a trav\u00e9s de Washington.<\/p>\n<p style=\"text-align: center;\">Perm\u00edtanos ayudarle a avanzar con confianza. P\u00f3ngase en contacto con nosotros hoy para averiguar si usted califica para un dinero en efectivo y mantener la soluci\u00f3n.<\/p>\n\n\t\t<\/div>\n\t<\/div>\n<\/div><\/div><\/div><\/div><\/div><div class=\"vc_row wpb_row cta-row dark1\"><div class=\"container\"><div class=\"wpb_column vc_column_container vc_col-sm-12\"><div class=\"vc_column-inner\"><div class=\"wpb_wrapper\">\n\t<div class=\"wpb_text_column wpb_content_element  mb0\" >\n\t\t<div class=\"wpb_wrapper\">\n\t\t\t<h3>\u00bfEs su VEH\u00cdCULO un \"lim\u00f3n\"? \u00a1Aver\u00edg\u00fcelo ahora!<\/h3>\n<!-- HFCM by 99 Robots - Snippet # 19: National &quot;See if You Qualify&quot; Button (EN+ES) -->\n<div data-tf-live=\"01JBG22RY7ZCB9RBCRJJWE8MPA\"><\/div><script src=\"\/\/embed.typeform.com\/next\/embed.js\"><\/script>\n<!-- \/end HFCM by 99 Robots -->\n\n\n\t\t<\/div>\n\t<\/div>\n<\/div><\/div><\/div><\/div><\/div>\n<\/div>","protected":false},"excerpt":{"rendered":"Evaluaciones de casos gratuitas y sin honorarios hasta que ganemos Si usted ha estado lidiando con un veh\u00edculo defectuoso en Washington, puede estar explorando sus opciones legales bajo la ley del lim\u00f3n del estado. Mientras que muchas personas piensan en las reclamaciones de la ley de lim\u00f3n que terminan en una recompra de veh\u00edculos, que no es la \u00fanica resoluci\u00f3n posible. En algunos casos, puede... <a class=\"more-link\" href=\"https:\/\/lemonlawswa.com\/es\/dinero-en-efectivo-y-mantener-los-asentamientos-de-la-ley-del-limon\/\">Seguir leyendo <span class=\"screen-reader-text\">Lemon Law Cash &amp; Keep Settlements<\/span><\/a>","protected":false},"author":1,"featured_media":0,"parent":0,"menu_order":0,"comment_status":"closed","ping_status":"closed","template":"","meta":{"_acf_changed":false,"content-type":"","footnotes":""},"class_list":["post-3825","page","type-page","status-publish","entry"],"acf":[],"aioseo_notices":[],"_links":{"self":[{"href":"https:\/\/lemonlawswa.com\/es\/wp-json\/wp\/v2\/pages\/3825","targetHints":{"allow":["GET"]}}],"collection":[{"href":"https:\/\/lemonlawswa.com\/es\/wp-json\/wp\/v2\/pages"}],"about":[{"href":"https:\/\/lemonlawswa.com\/es\/wp-json\/wp\/v2\/types\/page"}],"author":[{"embeddable":true,"href":"https:\/\/lemonlawswa.com\/es\/wp-json\/wp\/v2\/users\/1"}],"replies":[{"embeddable":true,"href":"https:\/\/lemonlawswa.com\/es\/wp-json\/wp\/v2\/comments?post=3825"}],"version-history":[{"count":0,"href":"https:\/\/lemonlawswa.com\/es\/wp-json\/wp\/v2\/pages\/3825\/revisions"}],"wp:attachment":[{"href":"https:\/\/lemonlawswa.com\/es\/wp-json\/wp\/v2\/media?parent=3825"}],"curies":[{"name":"wp","href":"https:\/\/api.w.org\/{rel}","templated":true}]}}