{"id":3935,"date":"2024-08-15T16:03:59","date_gmt":"2024-08-15T23:03:59","guid":{"rendered":"https:\/\/lemonlaws2.vmgagencysites.com\/?page_id=3935"},"modified":"2025-12-23T12:26:13","modified_gmt":"2025-12-23T20:26:13","slug":"michelle-yang-esq","status":"publish","type":"page","link":"https:\/\/lemonlawswa.com\/es\/michelle-yang-esq\/","title":{"rendered":"Michelle Yang"},"content":{"rendered":"<div class=\"wpb-content-wrapper\"><div class=\"vc_row wpb_row cta-row dark1\"><div class=\"container\"><div class=\"wpb_column vc_column_container vc_col-sm-12\"><div class=\"vc_column-inner\"><div class=\"wpb_wrapper\">\n\t<div class=\"wpb_text_column wpb_content_element  mb0\" >\n\t\t<div class=\"wpb_wrapper\">\n\t\t\t<h3>Evaluamos su caso gratis y sin honorarios<\/h3>\n<!-- HFCM by 99 Robots - Snippet # 19: National &quot;See if You Qualify&quot; Button (EN+ES) -->\n<div data-tf-live=\"01JBG22RY7ZCB9RBCRJJWE8MPA\"><\/div><script src=\"\/\/embed.typeform.com\/next\/embed.js\"><\/script>\n<!-- \/end HFCM by 99 Robots -->\n\n\n\t\t<\/div>\n\t<\/div>\n<\/div><\/div><\/div><\/div><\/div><div class=\"vc_row wpb_row fifty-fifty image-left light11 individual-lawyer\"><div class=\"container\"><div class=\"wpb_column vc_column_container vc_col-sm-6 vc_col-has-fill\"><div class=\"vc_column-inner vc_custom_1766521564700\"><div class=\"wpb_wrapper\">\n\t<div class=\"wpb_text_column wpb_content_element\" >\n\t\t<div class=\"wpb_wrapper\">\n\t\t\t<p><img loading=\"lazy\" decoding=\"async\" class=\"aligncenter size-full wp-image-6539\" src=\"https:\/\/lemonlawswa.com\/wp-content\/uploads\/2025\/06\/MichelleYang_HS_11.jpg\" alt=\"\" width=\"1920\" height=\"1920\" srcset=\"https:\/\/lemonlawswa.com\/wp-content\/uploads\/2025\/06\/MichelleYang_HS_11.jpg 1920w, https:\/\/lemonlawswa.com\/wp-content\/uploads\/2025\/06\/MichelleYang_HS_11-300x300.jpg 300w, https:\/\/lemonlawswa.com\/wp-content\/uploads\/2025\/06\/MichelleYang_HS_11-1024x1024.jpg 1024w, https:\/\/lemonlawswa.com\/wp-content\/uploads\/2025\/06\/MichelleYang_HS_11-150x150.jpg 150w, https:\/\/lemonlawswa.com\/wp-content\/uploads\/2025\/06\/MichelleYang_HS_11-768x768.jpg 768w, https:\/\/lemonlawswa.com\/wp-content\/uploads\/2025\/06\/MichelleYang_HS_11-1536x1536.jpg 1536w, https:\/\/lemonlawswa.com\/wp-content\/uploads\/2025\/06\/MichelleYang_HS_11-12x12.jpg 12w, https:\/\/lemonlawswa.com\/wp-content\/uploads\/2025\/06\/MichelleYang_HS_11-1568x1568.jpg 1568w\" sizes=\"auto, (max-width: 1920px) 100vw, 1920px\" \/><\/p>\n\n\t\t<\/div>\n\t<\/div>\n<\/div><\/div><\/div><div class=\"wpb_column vc_column_container vc_col-sm-6\"><div class=\"vc_column-inner\"><div class=\"wpb_wrapper\">\n\t<div class=\"wpb_text_column wpb_content_element  mb0\" >\n\t\t<div class=\"wpb_wrapper\">\n\t\t\t<h4 style=\"text-align: left;\">Michelle Yang, Abogada<\/h4>\n<hr class=\"line fw-line\" \/>\n<p>Michelle Yang, es la Fundadora y Socia Directora de Prestige Legal Solutions, P.C. Se gradu\u00f3 en <a href=\"https:\/\/www.usc.edu\/\" target=\"_blank\" rel=\"noopener\">Universidad del Sur de California<\/a> con una licenciatura, se doctor\u00f3 en Derecho por la <a href=\"https:\/\/www.uwla.edu\/\" target=\"_blank\" rel=\"noopener\">Facultad de Derecho de la Universidad de Los \u00c1ngeles Oeste<\/a>. Mientras asist\u00eda a la Facultad de Derecho, Michelle dedic\u00f3 su tiempo a trabajar en la defensa de los consumidores en uno de los mayores bufetes de abogados demandantes de lim\u00f3n con sede en Los \u00c1ngeles, y contin\u00faa desarrollando su pasi\u00f3n por los derechos de los consumidores. Su \u00e9tica de trabajo dedicado junto con su empat\u00eda por la gente la ha llevado a representar con \u00e9xito a miles de consumidores en <a href=\"https:\/\/lemonlaws.com\/\" target=\"_blank\" rel=\"noopener\">demandas por incumplimiento de garant\u00edas<\/a> contra los fabricantes de autom\u00f3viles.<\/p>\n<p>ADMISIONES<\/p>\n<ul>\n<li><a href=\"https:\/\/www.mywsba.org\/PersonifyEbusiness\/LegalDirectory\/LegalProfile.aspx?Usr_ID=000000064035\">Colegio de Abogados del Estado de Washington # 64035<\/a><\/li>\n<li><a href=\"https:\/\/www.courts.wa.gov\/\" target=\"_blank\" rel=\"noopener\">Tribunales del Estado de Washington<\/a><\/li>\n<\/ul>\n<p>ASOCIACIONES<\/p>\n<ul>\n<li><a title=\"null\" href=\"https:\/\/www.caala.org\/\" target=\"_blank\" rel=\"noopener noreferrer\">Asociaci\u00f3n de Abogados del Consumidor de Los \u00c1ngeles (CAALA)<\/a><\/li>\n<\/ul>\n<p>EDUCACI\u00d3N<\/p>\n<ul>\n<li><a href=\"https:\/\/www.usc.edu\/\">Universidad del Sur de California<\/a><\/li>\n<li><a href=\"https:\/\/www.uwla.edu\/\">Facultad de Derecho de la Universidad de Los \u00c1ngeles Oeste<\/a><\/li>\n<\/ul>\n<p>IDIOMAS<\/p>\n<ul>\n<li>Coreano\u00a0<em>(fluido)<\/em><\/li>\n<\/ul>\n\n\t\t<\/div>\n\t<\/div>\n<\/div><\/div><\/div><\/div><\/div><div class=\"vc_row wpb_row cta-row dark1\"><div class=\"container\"><div class=\"wpb_column vc_column_container vc_col-sm-12\"><div class=\"vc_column-inner\"><div class=\"wpb_wrapper\">\n\t<div class=\"wpb_text_column wpb_content_element  mb0\" >\n\t\t<div class=\"wpb_wrapper\">\n\t\t\t<h3>\u00bfEs su VEH\u00cdCULO un \"lim\u00f3n\"? \u00a1Aver\u00edg\u00fcelo ahora!<\/h3>\n<!-- HFCM by 99 Robots - Snippet # 19: National &quot;See if You Qualify&quot; Button (EN+ES) -->\n<div data-tf-live=\"01JBG22RY7ZCB9RBCRJJWE8MPA\"><\/div><script src=\"\/\/embed.typeform.com\/next\/embed.js\"><\/script>\n<!-- \/end HFCM by 99 Robots -->\n\n\n\t\t<\/div>\n\t<\/div>\n<\/div><\/div><\/div><\/div><\/div><div class=\"vc_row wpb_row bottom-cta home-bottom-cta add-parallax vc_custom_1718042544393 vc_row-has-fill\"><div class=\"container\"><div class=\"wpb_column vc_column_container vc_col-sm-12\"><div class=\"vc_column-inner\"><div class=\"wpb_wrapper\">\n\t<div class=\"wpb_text_column wpb_content_element\" >\n\t\t<div class=\"wpb_wrapper\">\n\t\t\t<h2 style=\"text-align: center;\">CONTACTE HOY MISMO CON NUESTROS ABOGADOS ESPECIALIZADOS EN LA LEY LIM\u00d3N<\/h2>\n<p style=\"text-align: center;\">Si usted est\u00e1 enfrentando problemas con un veh\u00edculo de lim\u00f3n, la b\u00fasqueda de ayuda legal de abogados con experiencia especializados en la ley estatal y federal de lim\u00f3n es importante. Nuestro equipo de la ley del lim\u00f3n en Prestige Legal est\u00e1 aqu\u00ed para ayudarle a navegar el complejo proceso legal y asegurar que reciba la compensaci\u00f3n y la justicia que se merece. P\u00f3ngase en contacto con nosotros hoy para programar una consulta y discutir su caso con nuestros abogados expertos en la ley del lim\u00f3n.<\/p>\n\n\t\t<\/div>\n\t<\/div>\n\n\t<div class=\"wpb_raw_code wpb_raw_js\" >\n\t\t<div class=\"wpb_wrapper\">\n\t\t\t<script charset=\"utf-8\" type=\"text\/javascript\" src=\"\/\/js.hsforms.net\/forms\/embed\/v2.js\"><\/script>\n<script>\n  hbspt.forms.create({\n    region: \"na1\",\n    portalId: \"8932302\",\n    formId: \"0843527b-ee7b-48b5-ad10-2f7d3567927b\"\n  });\n<\/script>\n\t\t<\/div>\n\t<\/div>\n<\/div><\/div><\/div><\/div><\/div>\n<\/div>","protected":false},"excerpt":{"rendered":"Evaluaciones de casos gratuitas y sin honorarios hasta que ganemos Michelle Yang, Esq. Michelle Yang, es la Fundadora y Socia Directora de Prestige Legal Solutions, P.C. Se gradu\u00f3 de la Universidad del Sur de California con un B.S., luego obtuvo su J.D. de la Universidad del Oeste de Los Angeles, Escuela de Leyes. Mientras asist\u00eda a la Facultad de Derecho,... <a class=\"more-link\" href=\"https:\/\/lemonlawswa.com\/es\/michelle-yang-esq\/\">Seguir leyendo <span class=\"screen-reader-text\">Michelle Yang<\/span><\/a>","protected":false},"author":1,"featured_media":6539,"parent":0,"menu_order":0,"comment_status":"closed","ping_status":"closed","template":"","meta":{"_acf_changed":false,"content-type":"","footnotes":""},"class_list":["post-3935","page","type-page","status-publish","has-post-thumbnail","entry"],"acf":[],"aioseo_notices":[],"_links":{"self":[{"href":"https:\/\/lemonlawswa.com\/es\/wp-json\/wp\/v2\/pages\/3935","targetHints":{"allow":["GET"]}}],"collection":[{"href":"https:\/\/lemonlawswa.com\/es\/wp-json\/wp\/v2\/pages"}],"about":[{"href":"https:\/\/lemonlawswa.com\/es\/wp-json\/wp\/v2\/types\/page"}],"author":[{"embeddable":true,"href":"https:\/\/lemonlawswa.com\/es\/wp-json\/wp\/v2\/users\/1"}],"replies":[{"embeddable":true,"href":"https:\/\/lemonlawswa.com\/es\/wp-json\/wp\/v2\/comments?post=3935"}],"version-history":[{"count":0,"href":"https:\/\/lemonlawswa.com\/es\/wp-json\/wp\/v2\/pages\/3935\/revisions"}],"wp:featuredmedia":[{"embeddable":true,"href":"https:\/\/lemonlawswa.com\/es\/wp-json\/wp\/v2\/media\/6539"}],"wp:attachment":[{"href":"https:\/\/lemonlawswa.com\/es\/wp-json\/wp\/v2\/media?parent=3935"}],"curies":[{"name":"wp","href":"https:\/\/api.w.org\/{rel}","templated":true}]}}