{"id":3973,"date":"2024-08-30T08:40:16","date_gmt":"2024-08-30T15:40:16","guid":{"rendered":"https:\/\/lemonlaws2.vmgagencysites.com\/?page_id=3973"},"modified":"2025-04-04T09:28:58","modified_gmt":"2025-04-04T16:28:58","slug":"mapa-del-sitio","status":"publish","type":"page","link":"https:\/\/lemonlawswa.com\/es\/mapa-del-sitio\/","title":{"rendered":"Mapa del sitio"},"content":{"rendered":"<div class=\"wpb-content-wrapper\"><div class=\"vc_row wpb_row\"><div class=\"container\"><div class=\"wpb_column vc_column_container vc_col-sm-3\"><div class=\"vc_column-inner\"><div class=\"wpb_wrapper\"><\/div><\/div><\/div><div class=\"wpb_column vc_column_container vc_col-sm-9\"><div class=\"vc_column-inner\"><div class=\"wpb_wrapper\">\n\t<div class=\"wpb_text_column wpb_content_element\" >\n\t\t<div class=\"wpb_wrapper\">\n\t\t\t<div class=\"aioseo-html-sitemap\"><style>.aioseo-html-sitemap.labels-hidden ul { margin: 0; }<\/style><div class=\"aioseo-html-post-sitemap\"><h4>Entradas<\/h4><ul><li><a href=\"https:\/\/lemonlawswa.com\/es\/blog\/problemas-cubiertos-por-la-ley-del-limon-de-washington\/\" >\u00bfQu\u00e9 problemas de coche cubre la Ley del Lim\u00f3n de Washington?<\/a><\/li><li><a href=\"https:\/\/lemonlawswa.com\/es\/blog\/cuanto-tiempo-dura-la-ley-de-limon-en-washington\/\" >\u00bfDurante cu\u00e1nto tiempo se aplica la Ley del Lim\u00f3n en el Estado de Washington?<\/a><\/li><li><a href=\"https:\/\/lemonlawswa.com\/es\/blog\/ley-federal-del-limon-frente-a-la-ley-del-limon-del-estado-de-washington\/\" >Ley del Lim\u00f3n Federal vs Washington: \u00bfCu\u00e1les son las diferencias?<\/a><\/li><li><a href=\"https:\/\/lemonlawswa.com\/es\/blog\/puedo-demandar-a-un-concesionario-por-venderme-un-coche-en-mal-estado\/\" >\u00bfPuedo demandar a un concesionario por venderme un coche en mal estado en Washington?<\/a><\/li><\/ul><\/div><br \/><div class=\"aioseo-html-page-sitemap\"><h4>P\u00e1ginas<\/h4><ul><li><a href=\"https:\/\/lemonlawswa.com\/es\/pongase-en-contacto-con\/\" >Cont\u00e1ctenos<\/a><\/li><li><a href=\"https:\/\/lemonlawswa.com\/es\/blog\/\" >Blog<\/a><\/li><li><a href=\"https:\/\/lemonlawswa.com\/es\/accesibilidad\/\" >Accesibilidad<\/a><\/li><li><a href=\"https:\/\/lemonlawswa.com\/es\/acerca-de\/\" >Acerca de<\/a><\/li><li><a href=\"https:\/\/lemonlawswa.com\/es\/fabricantes\/\" >Fabricantes<\/a><\/li><li><a href=\"https:\/\/lemonlawswa.com\/es\/condiciones-del-servicio\/\" >Condiciones de uso<\/a><\/li><li><a href=\"https:\/\/lemonlawswa.com\/es\/abogados\/\" >Abogados<\/a><\/li><li><a href=\"https:\/\/lemonlawswa.com\/es\/politica-de-privacidad\/\" >Pol\u00edtica de privacidad<\/a><\/li><li><a href=\"https:\/\/lemonlawswa.com\/es\/dinero-en-efectivo-y-mantener-los-asentamientos-de-la-ley-del-limon\/\" >Lemon Law Cash &amp; Keep Settlements<\/a><\/li><li><a href=\"https:\/\/lemonlawswa.com\/es\/michelle-yang-esq\/\" >Michelle Yang<\/a><\/li><li><a href=\"https:\/\/lemonlawswa.com\/es\/mapa-del-sitio\/\" >Mapa del sitio<\/a><\/li><li><a href=\"https:\/\/lemonlawswa.com\/es\/seattle-lemon-law-attorney\/\" >Abogado de la Ley del Lim\u00f3n de Seattle<\/a><\/li><li><a href=\"https:\/\/lemonlawswa.com\/es\/preguntas-frecuentes-sobre-la-ley-del-limon\/\" >PREGUNTAS FRECUENTES<\/a><\/li><li><a href=\"https:\/\/lemonlawswa.com\/es\/proceso-de-reclamacion-de-la-ley-del-limon-de-washington\/\" >Reclamaci\u00f3n de la Ley del Lim\u00f3n<\/a><\/li><li><a href=\"https:\/\/lemonlawswa.com\/es\/\" >Abogado Washington Lemon Law<\/a><\/li><li><a href=\"https:\/\/lemonlawswa.com\/es\/ley-del-limon-de-washington-recompra\/\" >Ley del Lim\u00f3n<\/a><\/li><li><a href=\"https:\/\/lemonlawswa.com\/es\/requisitos-para-acogerse-a-la-ley-del-limon-de-washington\/\" >Calificaci\u00f3n seg\u00fan la Ley del Lim\u00f3n<\/a><\/li><li><a href=\"https:\/\/lemonlawswa.com\/es\/tacoma-abogado-de-la-ley-de-limon\/\" >Tacoma Abogado de la Ley del Lim\u00f3n<\/a><\/li><li><a href=\"https:\/\/lemonlawswa.com\/es\/gracias\/\" >Gracias<\/a><\/li><li><a href=\"https:\/\/lemonlawswa.com\/es\/gracias-hs\/\" >Gracias<\/a><\/li><li><a href=\"https:\/\/lemonlawswa.com\/es\/leyes-de-limon-sobre-autos-usados-en-washington\/\" >Ley del Lim\u00f3n<\/a><\/li><li><a href=\"https:\/\/lemonlawswa.com\/es\/documentos-requeridos\/\" >Recursos documentales<\/a><\/li><li><a href=\"https:\/\/lemonlawswa.com\/es\/george-stanley-esq\/\" >George Stanley<\/a><\/li><li><a href=\"https:\/\/lemonlawswa.com\/es\/spokane-abogado-de-la-ley-de-limon\/\" >Spokane Ley del Lim\u00f3n Abogado<\/a><\/li><li><a href=\"https:\/\/lemonlawswa.com\/es\/abogado-de-la-ley-del-limon-de-vancouver\/\" >Vancouver Ley del Lim\u00f3n Abogado<\/a><\/li><li><a href=\"https:\/\/lemonlawswa.com\/es\/ley-del-limon-del-estado-de-washington\/\" >Ley del Lim\u00f3n del Estado de Washington<\/a><\/li><\/ul><\/div><br \/><\/div>\n\n\t\t<\/div>\n\t<\/div>\n<\/div><\/div><\/div><\/div><\/div>\n<\/div>","protected":false},"excerpt":{"rendered":"EntradasWhat Car Problems Does Washington&#8217;s Lemon Law Cover?How Long Does the Lemon Law Apply in Washington State?Federal vs Washington Lemon Law: What are the Differences?Can I Sue a Dealership for Selling Me a Bad Car in Washington?P\u00e1ginasContact UsBlogAccessibilityAboutManufacturersTerms of ServiceAttorneysPrivacy PolicyLemon Law Cash &#038; Keep SettlementsMichelle YangSitemapSeattle Lemon Law AttorneyFAQFiling a Lemon Law ClaimWashington Lemon&hellip; <a class=\"more-link\" href=\"https:\/\/lemonlawswa.com\/es\/mapa-del-sitio\/\">Seguir leyendo <span class=\"screen-reader-text\">Mapa del sitio<\/span><\/a>","protected":false},"author":1,"featured_media":0,"parent":0,"menu_order":0,"comment_status":"closed","ping_status":"closed","template":"","meta":{"_acf_changed":false,"content-type":"","footnotes":""},"class_list":["post-3973","page","type-page","status-publish","entry"],"acf":[],"aioseo_notices":[],"_links":{"self":[{"href":"https:\/\/lemonlawswa.com\/es\/wp-json\/wp\/v2\/pages\/3973","targetHints":{"allow":["GET"]}}],"collection":[{"href":"https:\/\/lemonlawswa.com\/es\/wp-json\/wp\/v2\/pages"}],"about":[{"href":"https:\/\/lemonlawswa.com\/es\/wp-json\/wp\/v2\/types\/page"}],"author":[{"embeddable":true,"href":"https:\/\/lemonlawswa.com\/es\/wp-json\/wp\/v2\/users\/1"}],"replies":[{"embeddable":true,"href":"https:\/\/lemonlawswa.com\/es\/wp-json\/wp\/v2\/comments?post=3973"}],"version-history":[{"count":0,"href":"https:\/\/lemonlawswa.com\/es\/wp-json\/wp\/v2\/pages\/3973\/revisions"}],"wp:attachment":[{"href":"https:\/\/lemonlawswa.com\/es\/wp-json\/wp\/v2\/media?parent=3973"}],"curies":[{"name":"wp","href":"https:\/\/api.w.org\/{rel}","templated":true}]}}