{"id":4571,"date":"2024-11-07T09:32:01","date_gmt":"2024-11-07T17:32:01","guid":{"rendered":"https:\/\/lemonlaws2.vmgagencysites.com\/?page_id=4571"},"modified":"2025-10-08T11:53:09","modified_gmt":"2025-10-08T18:53:09","slug":"proceso-de-reclamacion-de-la-ley-del-limon-de-washington","status":"publish","type":"page","link":"https:\/\/lemonlawswa.com\/es\/proceso-de-reclamacion-de-la-ley-del-limon-de-washington\/","title":{"rendered":"Reclamaci\u00f3n de la Ley del Lim\u00f3n"},"content":{"rendered":"<div class=\"wpb-content-wrapper\"><div class=\"vc_row wpb_row cta-row dark1\"><div class=\"container\"><div class=\"wpb_column vc_column_container vc_col-sm-12\"><div class=\"vc_column-inner\"><div class=\"wpb_wrapper\">\n\t<div class=\"wpb_text_column wpb_content_element  mb0\" >\n\t\t<div class=\"wpb_wrapper\">\n\t\t\t<h3>Evaluamos su caso gratis y sin honorarios<\/h3>\n<!-- HFCM by 99 Robots - Snippet # 19: National &quot;See if You Qualify&quot; Button (EN+ES) -->\n<div data-tf-live=\"01JBG22RY7ZCB9RBCRJJWE8MPA\"><\/div><script src=\"\/\/embed.typeform.com\/next\/embed.js\"><\/script>\n<!-- \/end HFCM by 99 Robots -->\n\n\n\t\t<\/div>\n\t<\/div>\n<\/div><\/div><\/div><\/div><\/div><div class=\"vc_row wpb_row dark2\"><div class=\"container\"><div class=\"wpb_column vc_column_container vc_col-sm-12\"><div class=\"vc_column-inner\"><div class=\"wpb_wrapper\">\n\t<div class=\"wpb_text_column wpb_content_element  mb0\" >\n\t\t<div class=\"wpb_wrapper\">\n\t\t\t<p style=\"text-align: center;\">Si usted ha comprado o alquilado un veh\u00edculo en Washington que sigue teniendo problemas - a pesar de m\u00faltiples intentos de reparaci\u00f3n - usted puede ser elegible para presentar una reclamaci\u00f3n de la ley del lim\u00f3n. Enfrentarse a un veh\u00edculo defectuoso puede ser frustrante, costoso y llevar mucho tiempo. Afortunadamente, las leyes del lim\u00f3n de Washington est\u00e1n dise\u00f1adas para proteger a los consumidores que, sin saberlo, terminan con veh\u00edculos que no funcionan seg\u00fan lo prometido.<\/p>\n<p style=\"text-align: center;\">En Prestige Legal Solutions, trabajamos con los conductores de Washington para obtener una compensaci\u00f3n cuando se les ha vendido o alquilado un coche, cami\u00f3n o SUV defectuoso. Si no est\u00e1 seguro de c\u00f3mo iniciar el proceso, nuestros expertos le ayudar\u00e1n a entender lo que implica la presentaci\u00f3n de una reclamaci\u00f3n de la ley del lim\u00f3n en Washington - y c\u00f3mo podemos apoyarle en cada paso del camino.<\/p>\n\n\t\t<\/div>\n\t<\/div>\n<\/div><\/div><\/div><\/div><\/div><div id=\"what-is-a-lemon-law-claim\" class=\"vc_row wpb_row table-of-content-row\"><div class=\"container\"><div class=\"wpb_column vc_column_container vc_col-sm-6\"><div class=\"vc_column-inner\"><div class=\"wpb_wrapper\">\n\t<div class=\"wpb_text_column wpb_content_element\" >\n\t\t<div class=\"wpb_wrapper\">\n\t\t\t<h2>\u00bfQu\u00e9 es la Ley Lim\u00f3n?<\/h2>\n<p>Una reclamaci\u00f3n de la ley del lim\u00f3n es un proceso legal que permite a los consumidores solicitar una indemnizaci\u00f3n por un veh\u00edculo que tiene un defecto sustancial y no puede repararse en un n\u00famero razonable de intentos. La reclamaci\u00f3n suele presentarse contra el fabricante (no contra el concesionario) y se basa en el hecho de que el veh\u00edculo sigue teniendo problemas graves a pesar de estar en garant\u00eda.<\/p>\n<p><a href=\"https:\/\/www.atg.wa.gov\/general-lemon-law\" target=\"_blank\" rel=\"noopener\">En Washington, la ley del lim\u00f3n cubre<\/a> veh\u00edculos nuevos comprados o alquilados en el estado que presenten defectos que afecten a su uso, valor o seguridad. En algunos casos, <a href=\"https:\/\/lemonlawswa.com\/es\/leyes-de-limon-sobre-autos-usados-en-washington\/\">los veh\u00edculos usados tambi\u00e9n pueden ser subvencionables<\/a> si a\u00fan est\u00e1n cubiertos por la garant\u00eda original del fabricante.<\/p>\n\n\t\t<\/div>\n\t<\/div>\n<\/div><\/div><\/div><div class=\"accent1 table-of-contents wpb_column vc_column_container vc_col-sm-6 vc_col-has-fill\"><div class=\"vc_column-inner vc_custom_1718206463659\"><div class=\"wpb_wrapper\">\n\t<div class=\"wpb_text_column wpb_content_element\" >\n\t\t<div class=\"wpb_wrapper\">\n\t\t\t<h5>\u00cdNDICE<\/h5>\n<hr class=\"line fw-line\" \/>\n<ul class=\"table-of-contents\">\n<li><a href=\"#what-is-a-lemon-law-claim\">\u00bfQu\u00e9 es la Ley Lim\u00f3n?<\/a><\/li>\n<li><a href=\"#filing-a-lemon-law-claim-in-washington-state\">Presentaci\u00f3n de reclamaciones en virtud de la Ley del Lim\u00f3n en el Estado de Washington<\/a><\/li>\n<li><a href=\"#why-hire-a-lawyer-for-your-lemon-law-claim\">Por qu\u00e9 contratar a un abogado para su reclamaci\u00f3n de la Ley del Lim\u00f3n<\/a><\/li>\n<li><a href=\"#how-to-file-a-lemon-law-claim\">C\u00f3mo presentar una reclamaci\u00f3n ante la Ley del Lim\u00f3n: paso a paso<\/a><\/li>\n<li><a href=\"#get-the-most-out-of-your-lemon-law-claim\">Saque el m\u00e1ximo partido a su reclamaci\u00f3n<\/a><\/li>\n<\/ul>\n\n\t\t<\/div>\n\t<\/div>\n<\/div><\/div><\/div><\/div><\/div><div id=\"filing-a-lemon-law-claim-in-washington-state\" class=\"vc_row wpb_row dark2 blurb-row vc_custom_1759948948565\"><div class=\"container\"><div class=\"wpb_column vc_column_container vc_col-sm-1\"><div class=\"vc_column-inner\"><div class=\"wpb_wrapper\"><\/div><\/div><\/div><div class=\"wpb_column vc_column_container vc_col-sm-10\"><div class=\"vc_column-inner\"><div class=\"wpb_wrapper\">\n\t<div class=\"wpb_text_column wpb_content_element  mb0\" >\n\t\t<div class=\"wpb_wrapper\">\n\t\t\t<h2 style=\"text-align: center;\">Presentaci\u00f3n de reclamaciones en virtud de la Ley del Lim\u00f3n en el Estado de Washington<\/h2>\n<hr class=\"line\" \/>\n<p style=\"text-align: center;\">La ley del lim\u00f3n de Washington es espec\u00edfica sobre lo que califica a un veh\u00edculo como \"lim\u00f3n\". En general, la ley se aplica si<\/p>\n<p style=\"text-align: center;\">El veh\u00edculo tiene un defecto grave que el fabricante o el concesionario han intentado reparar. <strong>al menos cuatro veces<\/strong>o el veh\u00edculo ha estado fuera de servicio durante <strong>30 o m\u00e1s d\u00edas naturales acumulados<\/strong> debido a reparaciones dentro del <strong>dos primeros a\u00f1os o 24.000 millas (lo que ocurra primero)<\/strong>y el problema no se ha resuelto y afecta significativamente al uso, valor o seguridad del veh\u00edculo.<\/p>\n<p style=\"text-align: center;\">Cumplir estos requisitos es esencial para seguir adelante con una reclamaci\u00f3n. Por eso son tan importantes la documentaci\u00f3n y los plazos, y por eso es tan importante trabajar con un abogado experimentado. <a href=\"\/es\/\">abogado de la ley del lim\u00f3n en Washington<\/a> es la mejor manera de asegurarse de que su caso cumple las normas legales necesarias.<\/p>\n\n\t\t<\/div>\n\t<\/div>\n<\/div><\/div><\/div><div class=\"wpb_column vc_column_container vc_col-sm-1\"><div class=\"vc_column-inner\"><div class=\"wpb_wrapper\"><\/div><\/div><\/div><\/div><\/div><div id=\"why-hire-a-lawyer-for-your-lemon-law-claim\" class=\"vc_row wpb_row fifty-fifty image-left dark1 flip-mobile\"><div class=\"container\"><div class=\"why-hire-column wpb_column vc_column_container vc_col-sm-6 vc_col-has-fill\"><div class=\"vc_column-inner vc_custom_1737489739877\"><div class=\"wpb_wrapper\"><\/div><\/div><\/div><div class=\"wpb_column vc_column_container vc_col-sm-6\"><div class=\"vc_column-inner\"><div class=\"wpb_wrapper\">\n\t<div class=\"wpb_text_column wpb_content_element  mb0\" >\n\t\t<div class=\"wpb_wrapper\">\n\t\t\t<h2>\u00bfPor qu\u00e9 contratar a un abogado para su reclamaci\u00f3n de la Ley del Lim\u00f3n?<\/h2>\n<p>Presentar una reclamaci\u00f3n de la ley del lim\u00f3n en Washington implica algo m\u00e1s que rellenar papeles. Desde reunir las pruebas adecuadas hasta asegurarse de que su caso cumple los umbrales legales, hay muchas partes m\u00f3viles, y pasar por alto incluso un detalle podr\u00eda debilitar su reclamaci\u00f3n.<\/p>\n<p>En Prestige Legal Solutions, nos centramos exclusivamente en la ley del lim\u00f3n y entendemos c\u00f3mo construir un caso que resista el escrutinio del fabricante. Nuestros abogados se encargan del trabajo legal pesado para que usted pueda centrarse en volver a su vida. Trabajaremos con usted para reunir documentaci\u00f3n, desarrollar una estrategia y buscar el mejor resultado posible.<\/p>\n<p>Cuando trabaja con nosotros, no se enfrenta solo a este proceso. Se asocia con un equipo jur\u00eddico que sabe c\u00f3mo defenderse cuando los fabricantes incumplen sus obligaciones.<\/p>\n\n\t\t<\/div>\n\t<\/div>\n<\/div><\/div><\/div><\/div><\/div><div id=\"how-to-file-a-lemon-law-claim\" class=\"vc_row wpb_row light1 blurb-row steps vc_custom_1748373582594\"><div class=\"container\"><div class=\"wpb_column vc_column_container vc_col-sm-12\"><div class=\"vc_column-inner\"><div class=\"wpb_wrapper\">\n\t<div class=\"wpb_text_column wpb_content_element  mb0\" >\n\t\t<div class=\"wpb_wrapper\">\n\t\t\t<h2 style=\"text-align: center;\">C\u00f3mo presentar una reclamaci\u00f3n de la Ley del Lim\u00f3n en el Estado de Washington: Paso a paso<\/h2>\n<hr class=\"line\" \/>\n\n\t\t<\/div>\n\t<\/div>\n<div class=\"vc_row wpb_row vc_inner vc_row-fluid steps-text vc_custom_1718236841573\"><div class=\"wpb_column vc_column_container vc_col-sm-3\"><div class=\"vc_column-inner\"><div class=\"wpb_wrapper\"><\/div><\/div><\/div><div class=\"wpb_column vc_column_container vc_col-sm-6\"><div class=\"vc_column-inner\"><div class=\"wpb_wrapper\">\n\t<div class=\"wpb_text_column wpb_content_element\" >\n\t\t<div class=\"wpb_wrapper\">\n\t\t\t<h4 style=\"text-align: left;\">Paso 1: Reunir la documentaci\u00f3n necesaria<\/h4>\n<hr class=\"line fs-line\" \/>\n<p style=\"text-align: left;\">El primer paso es recopilar todos los registros relacionados con el historial de compra y reparaci\u00f3n de su veh\u00edculo. Esto incluye:<\/p>\n<ul>\n<li>Su contrato de compra o arrendamiento<\/li>\n<li>\u00d3rdenes de reparaci\u00f3n y facturas<\/li>\n<li>Historial de mantenimiento<\/li>\n<li>Comunicaciones con el concesionario o taller de reparaci\u00f3n<\/li>\n<li>Recibos de remolque de coches de alquiler u otros gastos relacionados<\/li>\n<\/ul>\n<p style=\"text-align: left;\">Cuanto m\u00e1s detallada sea su documentaci\u00f3n, m\u00e1s s\u00f3lido ser\u00e1 su caso. Estos registros ayudan a establecer que usted hizo esfuerzos razonables para que el veh\u00edculo fuera reparado y que el problema sigue sin resolverse.<\/p>\n\n\t\t<\/div>\n\t<\/div>\n\n\t<div class=\"wpb_text_column wpb_content_element\" >\n\t\t<div class=\"wpb_wrapper\">\n\t\t\t<h4 style=\"text-align: left;\">Paso 2: Aseg\u00farese de que cumple los requisitos y los intentos de reparaci\u00f3n m\u00ednimos necesarios<\/h4>\n<hr class=\"line fs-line\" \/>\n<p>Las leyes del lim\u00f3n de Washington exigen que un defecto sea objeto de un n\u00famero razonable de intentos de reparaci\u00f3n. En la mayor\u00eda de los casos, eso significa:<\/p>\n<ul>\n<li>Cuatro o m\u00e1s intentos de solucionar el mismo problema, o<\/li>\n<li>Uno o dos intentos si el defecto supone un riesgo grave para la seguridad, o<\/li>\n<li>Treinta o m\u00e1s d\u00edas fuera de servicio por reparaciones<\/li>\n<\/ul>\n\n\t\t<\/div>\n\t<\/div>\n\n\t<div class=\"wpb_text_column wpb_content_element\" >\n\t\t<div class=\"wpb_wrapper\">\n\t\t\t<h4 style=\"text-align: left;\">Paso 3: Cumplir la duraci\u00f3n requerida de las reparaciones<\/h4>\n<hr class=\"line fs-line\" \/>\n<p>Si su veh\u00edculo ha estado en el taller para reparaciones durante un periodo prolongado (especialmente si suma m\u00e1s de 30 d\u00edas) puede reforzar su caso. Lleve un registro del n\u00famero total de d\u00edas que el veh\u00edculo no ha estado disponible, aunque no sean consecutivos. Este detalle puede desempe\u00f1ar un papel crucial en su reclamaci\u00f3n.<\/p>\n\n\t\t<\/div>\n\t<\/div>\n\n\t<div class=\"wpb_text_column wpb_content_element\" >\n\t\t<div class=\"wpb_wrapper\">\n\t\t\t<h4 style=\"text-align: left;\">Paso 4: Investigue las Leyes del Lim\u00f3n a nivel estatal<\/h4>\n<hr class=\"line fs-line\" \/>\n<p>Las leyes del lim\u00f3n var\u00edan de un estado a otro, y es importante entender c\u00f3mo las leyes del lim\u00f3n de Washington se aplican a su situaci\u00f3n espec\u00edfica. Estas leyes definen los criterios de elegibilidad, describen los derechos de los consumidores, y detallan lo que califica como un defecto sustancial.<\/p>\n<p>Trabajar con un bufete de abogados especializado en casos de Washington garantiza que su estrategia jur\u00eddica se ajuste a la normativa y los procedimientos vigentes.<\/p>\n\n\t\t<\/div>\n\t<\/div>\n\n\t<div class=\"wpb_text_column wpb_content_element\" >\n\t\t<div class=\"wpb_wrapper\">\n\t\t\t<h4 style=\"text-align: left;\">Paso 5: Presente sus documentos<\/h4>\n<hr class=\"line fs-line\" \/>\n<p>Una vez que su documentaci\u00f3n est\u00e9 completa, comparta todo con su abogado. En Prestige Legal Solutions, revisamos cuidadosamente todos los materiales presentados para asegurarnos de que apoyan su reclamaci\u00f3n y cumplen con los requisitos estatales. Desde los registros de reparaci\u00f3n hasta la comunicaci\u00f3n escrita, cada prueba ayuda a fortalecer su caso.<\/p>\n<p>Su equipo jur\u00eddico organizar\u00e1, evaluar\u00e1 y preparar\u00e1 su caso para presentarlo, asegur\u00e1ndose de que nada se pase por alto ni se tergiverse.<\/p>\n\n\t\t<\/div>\n\t<\/div>\n\n\t<div class=\"wpb_text_column wpb_content_element\" >\n\t\t<div class=\"wpb_wrapper\">\n\t\t\t<h4 style=\"text-align: left;\">Paso 6: Seguir adelante con su caso de la Ley del Lim\u00f3n<\/h4>\n<hr class=\"line fs-line\" \/>\n<p>Tras examinar su caso, su abogado emprender\u00e1 acciones legales contra el fabricante. Esto puede implicar presentar su caso en una carta de demanda o iniciar un proceso formal de reclamaci\u00f3n.<\/p>\n<p>A lo largo del proceso, nos comunicaremos con el fabricante en su nombre, responderemos a cualquier contraargumento y lucharemos para que rinda cuentas. Nuestro objetivo es resolver su caso de manera eficiente al tiempo que protegemos sus derechos como consumidor.<\/p>\n\n\t\t<\/div>\n\t<\/div>\n\n\t<div class=\"wpb_text_column wpb_content_element\" >\n\t\t<div class=\"wpb_wrapper\">\n\t\t\t<h4 style=\"text-align: left;\">Paso 7: Revisar y decidir las opciones de liquidaci\u00f3n<\/h4>\n<hr class=\"line fs-line\" \/>\n<p>Si se hace una oferta de acuerdo, su abogado le guiar\u00e1 a trav\u00e9s de los detalles y le ayudar\u00e1 a evaluar sus opciones. Los importes del acuerdo pueden variar en funci\u00f3n de la gravedad del defecto, el historial de reparaciones y el impacto que el problema haya tenido en su vida diaria.<\/p>\n\n\t\t<\/div>\n\t<\/div>\n<\/div><\/div><\/div><div class=\"wpb_column vc_column_container vc_col-sm-3\"><div class=\"vc_column-inner\"><div class=\"wpb_wrapper\"><\/div><\/div><\/div><\/div><\/div><\/div><\/div><\/div><\/div><div id=\"get-the-most-out-of-your-lemon-law-claim\" class=\"vc_row wpb_row light1 blurb-row vc_custom_1748373607090\"><div class=\"container\"><div class=\"wpb_column vc_column_container vc_col-sm-12\"><div class=\"vc_column-inner\"><div class=\"wpb_wrapper\">\n\t<div class=\"wpb_text_column wpb_content_element  mb0\" >\n\t\t<div class=\"wpb_wrapper\">\n\t\t\t<h2 style=\"text-align: center;\">Obtenga el m\u00e1ximo provecho de su reclamaci\u00f3n de la Ley del Lim\u00f3n con la ayuda de Prestige Legal Solutions<\/h2>\n<hr class=\"line\" \/>\n<p style=\"text-align: center;\">Navegar por una demanda de la ley del lim\u00f3n por su cuenta puede ser abrumador, pero usted no tiene que pasar por ello solo. En Prestige Legal Solutions, representamos a clientes en todo Washington que est\u00e1n atrapados con veh\u00edculos defectuosos y merecen algo mejor. Nuestro equipo ofrece revisiones gratuitas de casos, para que podamos evaluar su situaci\u00f3n y determinar el mejor curso de acci\u00f3n. Adem\u00e1s, trabajamos sobre una base de contingencia, lo que significa que usted no nos paga a menos que ganemos su caso.<\/p>\n<p style=\"text-align: center;\">P\u00f3ngase en contacto con Prestige Legal Solutions hoy mismo y obtenga el apoyo que necesita para seguir adelante.<\/p>\n\n\t\t<\/div>\n\t<\/div>\n<\/div><\/div><\/div><\/div><\/div><div class=\"vc_row wpb_row cta-row dark1\"><div class=\"container\"><div class=\"wpb_column vc_column_container vc_col-sm-12\"><div class=\"vc_column-inner\"><div class=\"wpb_wrapper\">\n\t<div class=\"wpb_text_column wpb_content_element  mb0\" >\n\t\t<div class=\"wpb_wrapper\">\n\t\t\t<h3>\u00bfEs su VEH\u00cdCULO un \"lim\u00f3n\"? \u00a1Aver\u00edg\u00fcelo ahora!<\/h3>\n<!-- HFCM by 99 Robots - Snippet # 19: National &quot;See if You Qualify&quot; Button (EN+ES) -->\n<div data-tf-live=\"01JBG22RY7ZCB9RBCRJJWE8MPA\"><\/div><script src=\"\/\/embed.typeform.com\/next\/embed.js\"><\/script>\n<!-- \/end HFCM by 99 Robots -->\n\n\n\t\t<\/div>\n\t<\/div>\n<\/div><\/div><\/div><\/div><\/div>\n<\/div>","protected":false},"excerpt":{"rendered":"Si ha comprado o alquilado un veh\u00edculo en Washington que sigue teniendo problemas - a pesar de m\u00faltiples intentos de reparaci\u00f3n - usted puede ser elegible para presentar una reclamaci\u00f3n de la ley del lim\u00f3n. Tratar con un veh\u00edculo defectuoso puede ser frustrante, costoso y lento. Afortunadamente, las leyes del lim\u00f3n de Washington est\u00e1n dise\u00f1adas... <a class=\"more-link\" href=\"https:\/\/lemonlawswa.com\/es\/proceso-de-reclamacion-de-la-ley-del-limon-de-washington\/\">Seguir leyendo <span class=\"screen-reader-text\">Reclamaci\u00f3n de la Ley del Lim\u00f3n<\/span><\/a>","protected":false},"author":1,"featured_media":0,"parent":0,"menu_order":0,"comment_status":"closed","ping_status":"closed","template":"","meta":{"_acf_changed":false,"content-type":"","footnotes":""},"class_list":["post-4571","page","type-page","status-publish","entry"],"acf":[],"aioseo_notices":[],"_links":{"self":[{"href":"https:\/\/lemonlawswa.com\/es\/wp-json\/wp\/v2\/pages\/4571","targetHints":{"allow":["GET"]}}],"collection":[{"href":"https:\/\/lemonlawswa.com\/es\/wp-json\/wp\/v2\/pages"}],"about":[{"href":"https:\/\/lemonlawswa.com\/es\/wp-json\/wp\/v2\/types\/page"}],"author":[{"embeddable":true,"href":"https:\/\/lemonlawswa.com\/es\/wp-json\/wp\/v2\/users\/1"}],"replies":[{"embeddable":true,"href":"https:\/\/lemonlawswa.com\/es\/wp-json\/wp\/v2\/comments?post=4571"}],"version-history":[{"count":0,"href":"https:\/\/lemonlawswa.com\/es\/wp-json\/wp\/v2\/pages\/4571\/revisions"}],"wp:attachment":[{"href":"https:\/\/lemonlawswa.com\/es\/wp-json\/wp\/v2\/media?parent=4571"}],"curies":[{"name":"wp","href":"https:\/\/api.w.org\/{rel}","templated":true}]}}