{"id":4717,"date":"2024-11-11T10:34:49","date_gmt":"2024-11-11T18:34:49","guid":{"rendered":"https:\/\/lemonlaws2.vmgagencysites.com\/?page_id=4717"},"modified":"2025-10-08T12:37:44","modified_gmt":"2025-10-08T19:37:44","slug":"ley-del-limon-de-washington-recompra","status":"publish","type":"page","link":"https:\/\/lemonlawswa.com\/es\/ley-del-limon-de-washington-recompra\/","title":{"rendered":"Ley del Lim\u00f3n"},"content":{"rendered":"<div class=\"wpb-content-wrapper\"><div class=\"vc_row wpb_row cta-row dark1\"><div class=\"container\"><div class=\"wpb_column vc_column_container vc_col-sm-12\"><div class=\"vc_column-inner\"><div class=\"wpb_wrapper\">\n\t<div class=\"wpb_text_column wpb_content_element  mb0\" >\n\t\t<div class=\"wpb_wrapper\">\n\t\t\t<h3>Evaluamos su caso gratis y sin honorarios<\/h3>\n<!-- HFCM by 99 Robots - Snippet # 19: National &quot;See if You Qualify&quot; Button (EN+ES) -->\n<div data-tf-live=\"01JBG22RY7ZCB9RBCRJJWE8MPA\"><\/div><script src=\"\/\/embed.typeform.com\/next\/embed.js\"><\/script>\n<!-- \/end HFCM by 99 Robots -->\n\n\n\t\t<\/div>\n\t<\/div>\n<\/div><\/div><\/div><\/div><\/div><div class=\"vc_row wpb_row dark2\"><div class=\"container\"><div class=\"wpb_column vc_column_container vc_col-sm-12\"><div class=\"vc_column-inner\"><div class=\"wpb_wrapper\">\n\t<div class=\"wpb_text_column wpb_content_element  mb0\" >\n\t\t<div class=\"wpb_wrapper\">\n\t\t\t<p style=\"text-align: center;\">Cuando compras un veh\u00edculo nuevo, esperas que sea fiable, seguro y que no tenga defectos importantes. Pero para algunos conductores de Washington, esa no es la realidad. Problemas mec\u00e1nicos persistentes, repetidos viajes a la tienda de reparaci\u00f3n, y los problemas no resueltos pueden convertir su veh\u00edculo en una fuente de estr\u00e9s - y potencialmente calificar como un lim\u00f3n bajo la ley estatal.<\/p>\n<p style=\"text-align: center;\">Una recompra de la ley del lim\u00f3n ofrece un poderoso remedio para los consumidores que est\u00e1n atrapados con veh\u00edculos defectuosos. En Prestige Legal Solutions, ayudamos a los conductores de todo Washington a entender sus derechos y buscar una compensaci\u00f3n cuando un veh\u00edculo no cumple con las normas b\u00e1sicas de rendimiento y seguridad.<\/p>\n\n\t\t<\/div>\n\t<\/div>\n<\/div><\/div><\/div><\/div><\/div><div id=\"1\" class=\"vc_row wpb_row table-of-content-row\"><div class=\"container\"><div class=\"wpb_column vc_column_container vc_col-sm-6\"><div class=\"vc_column-inner\"><div class=\"wpb_wrapper\">\n\t<div class=\"wpb_text_column wpb_content_element\" >\n\t\t<div class=\"wpb_wrapper\">\n\t\t\t<h2>\u00bfQu\u00e9 es una recompra seg\u00fan la Ley Lim\u00f3n?<\/h2>\n<p>La ley del lim\u00f3n es una opci\u00f3n legal disponible para los consumidores de Washington que han comprado un veh\u00edculo defectuoso que no puede ser reparado despu\u00e9s de un n\u00famero razonable de intentos. Si su veh\u00edculo cumple los requisitos de la ley del lim\u00f3n de Washington, el fabricante puede verse obligado a recomprar el veh\u00edculo y reembolsarle determinados gastos relacionados con su experiencia como propietario.<\/p>\n<p>En resumen, una recompra tiene por objeto arreglar las cosas. Existe para compensar a los consumidores por la compra de un veh\u00edculo que no cumple las normas de calidad, seguridad o rendimiento, incluso despu\u00e9s de que el fabricante haya tenido m\u00faltiples oportunidades para resolver el problema.<\/p>\n<p>Las recompras se ofrecen normalmente cuando el defecto afecta al uso, valor o seguridad del veh\u00edculo y cuando se ha documentado claramente que las reparaciones no han solucionado el problema. La ley del lim\u00f3n de Washington tiene criterios espec\u00edficos que deben cumplirse, por lo que la documentaci\u00f3n exhaustiva y el apoyo legal son clave.<\/p>\n\n\t\t<\/div>\n\t<\/div>\n<\/div><\/div><\/div><div class=\"accent1 table-of-contents wpb_column vc_column_container vc_col-sm-6 vc_col-has-fill\"><div class=\"vc_column-inner vc_custom_1718206463659\"><div class=\"wpb_wrapper\">\n\t<div class=\"wpb_text_column wpb_content_element\" >\n\t\t<div class=\"wpb_wrapper\">\n\t\t\t<h5>\u00cdNDICE<\/h5>\n<hr class=\"line fw-line\" \/>\n<ul class=\"table-of-contents\">\n<li><a href=\"#1\">\u00bfQu\u00e9 es una recompra seg\u00fan la Ley Lim\u00f3n?<\/a><\/li>\n<li><a href=\"#2\">\u00bfPor qu\u00e9 los fabricantes recompran limones?<\/a><\/li>\n<li><a href=\"#3\">\u00bfC\u00f3mo funciona la Ley del Lim\u00f3n?<\/a><\/li>\n<li><a href=\"#4\">\u00bfCu\u00e1les son las alternativas a la recompra por la Ley del Lim\u00f3n?<\/a><\/li>\n<li><a href=\"#5\">Podemos ayudarle a obtener su Lemon Law recompra<\/a><\/li>\n<\/ul>\n\n\t\t<\/div>\n\t<\/div>\n<\/div><\/div><\/div><\/div><\/div><div id=\"2\" class=\"vc_row wpb_row dark2 blurb-row vc_custom_1731349217443\"><div class=\"container\"><div class=\"wpb_column vc_column_container vc_col-sm-1\"><div class=\"vc_column-inner\"><div class=\"wpb_wrapper\"><\/div><\/div><\/div><div class=\"wpb_column vc_column_container vc_col-sm-10\"><div class=\"vc_column-inner\"><div class=\"wpb_wrapper\">\n\t<div class=\"wpb_text_column wpb_content_element  mb0\" >\n\t\t<div class=\"wpb_wrapper\">\n\t\t\t<h2 style=\"text-align: center;\">\u00bfPor qu\u00e9 los fabricantes recompran limones?<\/h2>\n<hr class=\"line\" \/>\n<p style=\"text-align: center;\">Los fabricantes est\u00e1n obligados a cumplir leyes estatales como la <a href=\"https:\/\/www.atg.wa.gov\/general-lemon-law\" target=\"_blank\" rel=\"noopener\">Ley del Lim\u00f3n del Estado de Washington<\/a>. Esta ley establece cu\u00e1ndo y c\u00f3mo un veh\u00edculo puede declararse defectuoso y cu\u00e1les son las responsabilidades del fabricante cuando esto ocurre.<\/p>\n<p style=\"text-align: center;\">Si un veh\u00edculo sigue teniendo problemas graves bajo la garant\u00eda del fabricante -y alcanza determinados umbrales de reparaci\u00f3n o de tiempo fuera de servicio-, la ley exige que el fabricante indemnice al comprador. La recompra es la forma m\u00e1s habitual de resoluci\u00f3n cuando se confirma un defecto cualificado.<\/p>\n<p style=\"text-align: center;\">Las recompras tambi\u00e9n sirven a otro prop\u00f3sito: mantener la confianza del consumidor. Cuando los fabricantes recompran veh\u00edculos defectuosos, les permite corregir la situaci\u00f3n y evitar nuevas acciones legales. Los veh\u00edculos recomprados suelen ser reparados y revendidos con total transparencia o retirados de la circulaci\u00f3n.<\/p>\n\n\t\t<\/div>\n\t<\/div>\n<\/div><\/div><\/div><div class=\"wpb_column vc_column_container vc_col-sm-1\"><div class=\"vc_column-inner\"><div class=\"wpb_wrapper\"><\/div><\/div><\/div><\/div><\/div><div id=\"3\" class=\"vc_row wpb_row light1 blurb-row steps vc_custom_1731349227699\"><div class=\"container\"><div class=\"wpb_column vc_column_container vc_col-sm-12\"><div class=\"vc_column-inner\"><div class=\"wpb_wrapper\">\n\t<div class=\"wpb_text_column wpb_content_element  mb0\" >\n\t\t<div class=\"wpb_wrapper\">\n\t\t\t<h2 style=\"text-align: center;\">\u00bfC\u00f3mo funciona la Ley del Lim\u00f3n?<\/h2>\n<hr class=\"line\" \/>\n<p style=\"text-align: center;\">El proceso de recompra puede resultar abrumador, sobre todo cuando ya tienes que lidiar con un coche que no funciona como deber\u00eda. La buena noticia es que, con la ayuda legal adecuada, el proceso puede ser sencillo y muy eficaz.<br \/>\nAs\u00ed es como suele funcionar en Washington:<\/p>\n\n\t\t<\/div>\n\t<\/div>\n<div class=\"vc_row wpb_row vc_inner vc_row-fluid steps-text\"><div class=\"wpb_column vc_column_container vc_col-sm-6\"><div class=\"vc_column-inner\"><div class=\"wpb_wrapper\">\n\t<div class=\"wpb_text_column wpb_content_element\" >\n\t\t<div class=\"wpb_wrapper\">\n\t\t\t<h4>1. REUNIR LA DOCUMENTACI\u00d3N NECESARIA<\/h4>\n<hr class=\"line fs-line\" \/>\n<p>Empiece por recopilar toda la documentaci\u00f3n relacionada con la compra de su veh\u00edculo y su historial de reparaciones. Esto incluye:<\/p>\n<ul>\n<li>Su contrato de compra o arrendamiento<\/li>\n<li>La garant\u00eda del fabricante<\/li>\n<li>\u00d3rdenes de reparaci\u00f3n y facturas de servicio<\/li>\n<li>Un registro de fechas y problemas de reparaci\u00f3n<\/li>\n<li>Comunicaciones con el concesionario o proveedor de servicios<\/li>\n<li>Recibos de gr\u00faa, veh\u00edculos de alquiler u otros gastos relacionados<\/li>\n<\/ul>\n<p>Esta documentaci\u00f3n es crucial, porque demuestra que el defecto existe, que usted dio al fabricante una oportunidad razonable de solucionarlo y que el problema sigue sin resolverse.<\/p>\n\n\t\t<\/div>\n\t<\/div>\n<\/div><\/div><\/div><div class=\"wpb_column vc_column_container vc_col-sm-6\"><div class=\"vc_column-inner\"><div class=\"wpb_wrapper\">\n\t<div class=\"wpb_text_column wpb_content_element  mb0\" >\n\t\t<div class=\"wpb_wrapper\">\n\t\t\t<h4>2. P\u00d3NGASE EN CONTACTO CON UN ABOGADO ESPECIALIZADO EN LA LEY DEL LIM\u00d3N<\/h4>\n<hr class=\"line fs-line\" \/>\n<p>Una vez que tenga su documentaci\u00f3n, el siguiente paso y el m\u00e1s importante es hablar con un abogado de la ley del lim\u00f3n. En Prestige Legal Solutions, nos centramos exclusivamente en casos de la ley del lim\u00f3n en Washington y tenemos una amplia experiencia en responsabilizar a los fabricantes bajo la ley estatal.<\/p>\n<p>Nuestros abogados evaluar\u00e1n su situaci\u00f3n, revisar sus documentos, y determinar si su veh\u00edculo cumple los criterios para una recompra de la ley del lim\u00f3n. A partir de ah\u00ed, vamos a manejar todo el proceso para usted, as\u00ed que usted no tiene que ir y venir con el fabricante por su cuenta.<\/p>\n\n\t\t<\/div>\n\t<\/div>\n<\/div><\/div><\/div><\/div><div class=\"vc_row wpb_row vc_inner vc_row-fluid steps-text\"><div class=\"wpb_column vc_column_container vc_col-sm-6\"><div class=\"vc_column-inner\"><div class=\"wpb_wrapper\">\n\t<div class=\"wpb_text_column wpb_content_element\" >\n\t\t<div class=\"wpb_wrapper\">\n\t\t\t<h4>3. PRESENTE SU RECLAMACI\u00d3N<\/h4>\n<hr class=\"line fs-line\" \/>\n<p>Con la documentaci\u00f3n en su poder y un equipo legal de su lado, el siguiente paso es presentar una reclamaci\u00f3n de la ley del lim\u00f3n. Este es el proceso formal de hacer valer su derecho a una indemnizaci\u00f3n en virtud de la ley de Washington. Nuestro equipo elaborar\u00e1 una reclamaci\u00f3n s\u00f3lida y respaldada por pruebas en su nombre, asegur\u00e1ndose de que se cumplan todos los plazos, el papeleo y los requisitos espec\u00edficos del estado.<\/p>\n\n\t\t<\/div>\n\t<\/div>\n<\/div><\/div><\/div><div class=\"wpb_column vc_column_container vc_col-sm-6\"><div class=\"vc_column-inner\"><div class=\"wpb_wrapper\">\n\t<div class=\"wpb_text_column wpb_content_element  mb0\" >\n\t\t<div class=\"wpb_wrapper\">\n\t\t\t<h4>4. NEGOCIAR Y ACEPTAR SU RECOMPRA<\/h4>\n<hr class=\"line fs-line\" \/>\n<p>Una vez presentada su reclamaci\u00f3n, su abogado entablar\u00e1 negociaciones con el fabricante. El objetivo es llegar a un acuerdo de recompra justo que le compense por el coste de su veh\u00edculo, junto con otros gastos subvencionables.<\/p>\n<p>Una recompra exitosa suele incluir:<\/p>\n<ul>\n<li>Reembolso del precio original del veh\u00edculo (menos una compensaci\u00f3n por uso)<\/li>\n<li>Pago de gastos imprevistos como remolque y veh\u00edculos de alquiler<\/li>\n<li>Reembolso de tasas, impuestos y matriculaci\u00f3n<\/li>\n<\/ul>\n<p>Nuestro papel es asegurar que su recompra se maneja de manera justa y que reciba la m\u00e1xima compensaci\u00f3n disponible bajo las leyes de lim\u00f3n de Washington.<\/p>\n\n\t\t<\/div>\n\t<\/div>\n<\/div><\/div><\/div><\/div><\/div><\/div><\/div><\/div><\/div><div id=\"4\" class=\"vc_row wpb_row fifty-fifty image-left dark1 flip-mobile\"><div class=\"container\"><div class=\"alternatives-column wpb_column vc_column_container vc_col-sm-6 vc_col-has-fill\"><div class=\"vc_column-inner vc_custom_1737490462589\"><div class=\"wpb_wrapper\"><\/div><\/div><\/div><div class=\"wpb_column vc_column_container vc_col-sm-6\"><div class=\"vc_column-inner\"><div class=\"wpb_wrapper\">\n\t<div class=\"wpb_text_column wpb_content_element  mb0\" >\n\t\t<div class=\"wpb_wrapper\">\n\t\t\t<h2>\u00bfCu\u00e1les son las alternativas a la recompra por la Ley del Lim\u00f3n?<\/h2>\n<p>Aunque la recompra suele ser la soluci\u00f3n m\u00e1s eficaz para una reclamaci\u00f3n basada en la ley del lim\u00f3n, puede haber otras opciones disponibles en funci\u00f3n de su caso.<\/p>\n<p>En algunas situaciones, el fabricante puede ofrecerle una indemnizaci\u00f3n en met\u00e1lico, compens\u00e1ndole por la reducci\u00f3n del valor del veh\u00edculo o por las molestias que le ha ocasionado. Esta soluci\u00f3n puede ser adecuada cuando prefieres conservar el veh\u00edculo a pesar de sus problemas o cuando los defectos son menos graves pero siguen afectando al valor del coche.<\/p>\n<p>Estas alternativas pueden ofrecer flexibilidad, pero es importante revisar cuidadosamente cualquier oferta. Un abogado especializado en la ley del lim\u00f3n puede ayudarle a evaluar todas las opciones disponibles y asegurarse de que cualquier acuerdo se ajuste a sus derechos conforme a la ley.<\/p>\n\n\t\t<\/div>\n\t<\/div>\n<\/div><\/div><\/div><\/div><\/div><div id=\"5\" class=\"vc_row wpb_row light1 blurb-row vc_custom_1731349244978\"><div class=\"container\"><div class=\"wpb_column vc_column_container vc_col-sm-12\"><div class=\"vc_column-inner\"><div class=\"wpb_wrapper\">\n\t<div class=\"wpb_text_column wpb_content_element  mb0\" >\n\t\t<div class=\"wpb_wrapper\">\n\t\t\t<h2 style=\"text-align: center;\">Podemos ayudarle a obtener su Lemon Law recompra<\/h2>\n<hr class=\"line\" \/>\n<p style=\"text-align: center;\">Usted no tiene que enfrentarse solo al fabricante. En Prestige Legal Solutions, estamos comprometidos a ayudar a los consumidores de Washington a obtener resultados. Nos especializamos en casos de la ley del lim\u00f3n y tenemos la experiencia, los recursos y la determinaci\u00f3n para responsabilizar a los fabricantes.<\/p>\n<p style=\"text-align: center;\">Si usted cree que su veh\u00edculo califica para una recompra de la ley del lim\u00f3n, estamos aqu\u00ed para evaluar su caso sin costo alguno. Nuestro equipo le guiar\u00e1 a trav\u00e9s del proceso, manejar todas las comunicaciones legales, y luchar por la compensaci\u00f3n que se merece, sin cobrar honorarios por adelantado - s\u00f3lo nos pagan si ganamos su caso.<\/p>\n<p style=\"text-align: center;\">Ser propietario de un lim\u00f3n es estresante, pero presentar una reclamaci\u00f3n no tiene por qu\u00e9 serlo. Perm\u00edtanos ayudarle a convertir una situaci\u00f3n frustrante en una resoluci\u00f3n justa. \u00a1P\u00f3ngase en contacto con nuestros abogados de la ley del lim\u00f3n Washington hoy!<\/p>\n\n\t\t<\/div>\n\t<\/div>\n<\/div><\/div><\/div><\/div><\/div><div class=\"vc_row wpb_row cta-row dark1\"><div class=\"container\"><div class=\"wpb_column vc_column_container vc_col-sm-12\"><div class=\"vc_column-inner\"><div class=\"wpb_wrapper\">\n\t<div class=\"wpb_text_column wpb_content_element  mb0\" >\n\t\t<div class=\"wpb_wrapper\">\n\t\t\t<h3>\u00bfEs su VEH\u00cdCULO un \"lim\u00f3n\"? \u00a1Aver\u00edg\u00fcelo ahora!<\/h3>\n<!-- HFCM by 99 Robots - Snippet # 19: National &quot;See if You Qualify&quot; Button (EN+ES) -->\n<div data-tf-live=\"01JBG22RY7ZCB9RBCRJJWE8MPA\"><\/div><script src=\"\/\/embed.typeform.com\/next\/embed.js\"><\/script>\n<!-- \/end HFCM by 99 Robots -->\n\n\n\t\t<\/div>\n\t<\/div>\n<\/div><\/div><\/div><\/div><\/div><div class=\"vc_row wpb_row light1 other-services multi-row manual-products-grid blurb-row\"><div class=\"container\"><div class=\"wpb_column vc_column_container vc_col-sm-12\"><div class=\"vc_column-inner\"><div class=\"wpb_wrapper\">\n\t<div class=\"wpb_text_column wpb_content_element  mb0\" >\n\t\t<div class=\"wpb_wrapper\">\n\t\t\t<h3 style=\"text-align: center;\">M\u00e1s recursos sobre la Ley Lim\u00f3n<\/h3>\n<hr class=\"line\" \/>\n\n\t\t<\/div>\n\t<\/div>\n<div class=\"vc_row wpb_row vc_inner vc_row-fluid\"><div class=\"wpb_column vc_column_container vc_col-sm-3\"><div class=\"vc_column-inner\"><div class=\"wpb_wrapper\">\n\t<div class=\"wpb_text_column wpb_content_element  vc_custom_1759952116156 mb0-desktop filing-claim\" >\n\t\t<div class=\"wpb_wrapper\">\n\t\t\t<h4 style=\"text-align: center;\">INTERPONER UNA DEMANDA BASADA EN LA LEY LIM\u00d3N<\/h4>\n<p style=\"text-align: center;\"><a class=\"btn-bt default\" href=\"https:\/\/lemonlawswa.com\/es\/proceso-de-reclamacion-de-la-ley-del-limon-de-washington\/\">M\u00c1S INFO<\/a><\/p>\n\n\t\t<\/div>\n\t<\/div>\n<\/div><\/div><\/div><div class=\"wpb_column vc_column_container vc_col-sm-3\"><div class=\"vc_column-inner\"><div class=\"wpb_wrapper\">\n\t<div class=\"wpb_text_column wpb_content_element  vc_custom_1759952131279 mb0-desktop used-car\" >\n\t\t<div class=\"wpb_wrapper\">\n\t\t\t<h4 style=\"text-align: center;\">VEH\u00cdCULO USADO<br \/>\nLEY LIM\u00d3N<\/h4>\n<p style=\"text-align: center;\"><a class=\"btn-bt default\" href=\"https:\/\/lemonlawswa.com\/es\/leyes-de-limon-sobre-autos-usados-en-washington\/\">M\u00c1S INFO<\/a><\/p>\n\n\t\t<\/div>\n\t<\/div>\n<\/div><\/div><\/div><div class=\"wpb_column vc_column_container vc_col-sm-3\"><div class=\"vc_column-inner\"><div class=\"wpb_wrapper\">\n\t<div class=\"wpb_text_column wpb_content_element  vc_custom_1759952229551 mb0-desktop time-limits\" >\n\t\t<div class=\"wpb_wrapper\">\n\t\t\t<h4 style=\"text-align: center;\">COBRAR Y MANTENER LIQUIDACIONES<\/h4>\n<p style=\"text-align: center;\"><a class=\"btn-bt default\" title=\"Ley del Lim\u00f3n Plazos y Estatuto\" href=\"https:\/\/lemonlawswa.com\/es\/dinero-en-efectivo-y-mantener-los-asentamientos-de-la-ley-del-limon\/\">M\u00c1S INFO<\/a><\/p>\n\n\t\t<\/div>\n\t<\/div>\n<\/div><\/div><\/div><div class=\"wpb_column vc_column_container vc_col-sm-3\"><div class=\"vc_column-inner\"><div class=\"wpb_wrapper\">\n\t<div class=\"wpb_text_column wpb_content_element  vc_custom_1759952257463 mb0-desktop qualifications\" >\n\t\t<div class=\"wpb_wrapper\">\n\t\t\t<h4 style=\"text-align: center;\">LEY LIM\u00d3N<br \/>\nREQUISITOS<\/h4>\n<p style=\"text-align: center;\"><a class=\"btn-bt default\" title=\"Requisitos de la Ley del Lim\u00f3n en California\" href=\"https:\/\/lemonlawswa.com\/es\/requisitos-para-acogerse-a-la-ley-del-limon-de-washington\/\">M\u00c1S INFO<\/a><\/p>\n\n\t\t<\/div>\n\t<\/div>\n<\/div><\/div><\/div><\/div><\/div><\/div><\/div><\/div><\/div>\n<\/div>","protected":false},"excerpt":{"rendered":"Evaluaciones de casos gratis y sin honorarios hasta que ganemos Cuando usted compra un veh\u00edculo nuevo, usted espera que sea confiable, seguro y libre de defectos importantes. Pero para algunos conductores de Washington, esa no es la realidad. Problemas mec\u00e1nicos persistentes, repetidos viajes a la tienda de reparaci\u00f3n, y los problemas no resueltos pueden convertir su veh\u00edculo en una fuente... <a class=\"more-link\" href=\"https:\/\/lemonlawswa.com\/es\/ley-del-limon-de-washington-recompra\/\">Seguir leyendo <span class=\"screen-reader-text\">Ley del Lim\u00f3n<\/span><\/a>","protected":false},"author":1,"featured_media":4726,"parent":0,"menu_order":0,"comment_status":"closed","ping_status":"closed","template":"","meta":{"_acf_changed":false,"content-type":"","footnotes":""},"class_list":["post-4717","page","type-page","status-publish","has-post-thumbnail","entry"],"acf":[],"aioseo_notices":[],"_links":{"self":[{"href":"https:\/\/lemonlawswa.com\/es\/wp-json\/wp\/v2\/pages\/4717","targetHints":{"allow":["GET"]}}],"collection":[{"href":"https:\/\/lemonlawswa.com\/es\/wp-json\/wp\/v2\/pages"}],"about":[{"href":"https:\/\/lemonlawswa.com\/es\/wp-json\/wp\/v2\/types\/page"}],"author":[{"embeddable":true,"href":"https:\/\/lemonlawswa.com\/es\/wp-json\/wp\/v2\/users\/1"}],"replies":[{"embeddable":true,"href":"https:\/\/lemonlawswa.com\/es\/wp-json\/wp\/v2\/comments?post=4717"}],"version-history":[{"count":0,"href":"https:\/\/lemonlawswa.com\/es\/wp-json\/wp\/v2\/pages\/4717\/revisions"}],"wp:featuredmedia":[{"embeddable":true,"href":"https:\/\/lemonlawswa.com\/es\/wp-json\/wp\/v2\/media\/4726"}],"wp:attachment":[{"href":"https:\/\/lemonlawswa.com\/es\/wp-json\/wp\/v2\/media?parent=4717"}],"curies":[{"name":"wp","href":"https:\/\/api.w.org\/{rel}","templated":true}]}}