{"id":4730,"date":"2024-11-11T10:58:32","date_gmt":"2024-11-11T18:58:32","guid":{"rendered":"https:\/\/lemonlaws2.vmgagencysites.com\/?page_id=4730"},"modified":"2025-12-02T12:53:31","modified_gmt":"2025-12-02T20:53:31","slug":"requisitos-para-acogerse-a-la-ley-del-limon-de-washington","status":"publish","type":"page","link":"https:\/\/lemonlawswa.com\/es\/requisitos-para-acogerse-a-la-ley-del-limon-de-washington\/","title":{"rendered":"Calificaci\u00f3n seg\u00fan la Ley del Lim\u00f3n"},"content":{"rendered":"<div class=\"wpb-content-wrapper\"><div class=\"vc_row wpb_row cta-row dark1\"><div class=\"container\"><div class=\"wpb_column vc_column_container vc_col-sm-12\"><div class=\"vc_column-inner\"><div class=\"wpb_wrapper\">\n\t<div class=\"wpb_text_column wpb_content_element  mb0\" >\n\t\t<div class=\"wpb_wrapper\">\n\t\t\t<h3>Evaluamos su caso gratis y sin honorarios<\/h3>\n<!-- HFCM by 99 Robots - Snippet # 19: National &quot;See if You Qualify&quot; Button (EN+ES) -->\n<div data-tf-live=\"01JBG22RY7ZCB9RBCRJJWE8MPA\"><\/div><script src=\"\/\/embed.typeform.com\/next\/embed.js\"><\/script>\n<!-- \/end HFCM by 99 Robots -->\n\n\n\t\t<\/div>\n\t<\/div>\n<\/div><\/div><\/div><\/div><\/div><div class=\"vc_row wpb_row dark2\"><div class=\"container\"><div class=\"wpb_column vc_column_container vc_col-sm-12\"><div class=\"vc_column-inner\"><div class=\"wpb_wrapper\">\n\t<div class=\"wpb_text_column wpb_content_element  mb0\" >\n\t\t<div class=\"wpb_wrapper\">\n\t\t\t<p style=\"text-align: center;\">No todos los problemas de los coches dan lugar a acciones legales, pero cuando un defecto se repite una y otra vez y el concesionario no parece poder solucionarlo, la <a href=\"https:\/\/www.atg.wa.gov\/general-lemon-law\" target=\"_blank\" rel=\"noopener\">Ley del lim\u00f3n del Estado de Washington<\/a> puede entrar en juego. Esta ley de protecci\u00f3n del consumidor establece los requisitos espec\u00edficos que debe cumplir un veh\u00edculo para que se considere \"defectuoso\" seg\u00fan las directrices estatales.<\/p>\n<p style=\"text-align: center;\">Si ha tenido problemas repetidos con un veh\u00edculo que a\u00fan est\u00e1 en garant\u00eda, es importante que entienda los umbrales legales implicados. Hay calificaciones espec\u00edficas de la ley del lim\u00f3n en Washington, que describen legalmente qu\u00e9 tipos de problemas est\u00e1n cubiertos, cu\u00e1ntos intentos de reparaci\u00f3n se consideran \"razonables\" y qu\u00e9 pasos puede seguir si su veh\u00edculo cumple los criterios.<\/p>\n\n\t\t<\/div>\n\t<\/div>\n<\/div><\/div><\/div><\/div><\/div><div id=\"1\" class=\"vc_row wpb_row table-of-content-row\"><div class=\"container\"><div class=\"wpb_column vc_column_container vc_col-sm-6\"><div class=\"vc_column-inner\"><div class=\"wpb_wrapper\">\n\t<div class=\"wpb_text_column wpb_content_element\" >\n\t\t<div class=\"wpb_wrapper\">\n\t\t\t<h2>\u00bfQu\u00e9 significa que un coche sea un \"lim\u00f3n\"?<\/h2>\n<p>Un \"lim\u00f3n\" es un veh\u00edculo con uno o m\u00e1s defectos graves que perjudican su uso, seguridad o valor, y que espec\u00edficamente no pueden arreglarse a pesar de los m\u00faltiples intentos de reparaci\u00f3n. Los problemas deben producirse en un determinado periodo (o intervalo de kilometraje) y estar cubiertos por la garant\u00eda original del fabricante.<\/p>\n<p>En Washington, las leyes del lim\u00f3n se aplican a los veh\u00edculos nuevos que experimentan problemas continuos dentro de la <strong>primeros 24 meses<\/strong> despu\u00e9s de la entrega o <strong>24.000 millas<\/strong> en el cuentakil\u00f3metros (lo que ocurra primero). Si el defecto es sustancial y persiste a pesar de los esfuerzos de reparaci\u00f3n, el veh\u00edculo puede considerarse legalmente un \"lim\u00f3n\".<\/p>\n\n\t\t<\/div>\n\t<\/div>\n<\/div><\/div><\/div><div class=\"accent1 table-of-contents wpb_column vc_column_container vc_col-sm-6 vc_col-has-fill\"><div class=\"vc_column-inner vc_custom_1718206463659\"><div class=\"wpb_wrapper\">\n\t<div class=\"wpb_text_column wpb_content_element\" >\n\t\t<div class=\"wpb_wrapper\">\n\t\t\t<h5>\u00cdNDICE<\/h5>\n<hr class=\"line fw-line\" \/>\n<ul class=\"table-of-contents\">\n<li><a href=\"#1\">\u00bfQu\u00e9 significa que un coche sea un \"lim\u00f3n\"?<br \/>\n<\/a><\/li>\n<li><a href=\"#2\">\u00bfPor qu\u00e9 es necesario calificar un coche como defectuoso?<br \/>\n<\/a><\/li>\n<li><a href=\"#3\">Problemas que indican que puede tener un lim\u00f3n<br \/>\n<\/a><\/li>\n<li><a href=\"#4\">Definici\u00f3n de \"intentos razonables de reparaci\u00f3n\"<\/a><\/li>\n<li><a href=\"#5\">\u00bfQu\u00e9 es un coche defectuoso?<\/a><\/li>\n<li><a href=\"#6\">Documentaci\u00f3n necesaria para calificar un coche como defectuoso<\/a><\/li>\n<li><a href=\"#6\">Qu\u00e9 hacer si su coche es un producto defectuoso<\/a><\/li>\n<\/ul>\n\n\t\t<\/div>\n\t<\/div>\n<\/div><\/div><\/div><\/div><\/div><div class=\"vc_row wpb_row dark2 blurb-row vc_custom_1764706174960\"><div class=\"container\"><div class=\"wpb_column vc_column_container vc_col-sm-1\"><div class=\"vc_column-inner\"><div class=\"wpb_wrapper\"><\/div><\/div><\/div><div class=\"wpb_column vc_column_container vc_col-sm-10\" id=\"2\"><div class=\"vc_column-inner\"><div class=\"wpb_wrapper\">\n\t<div class=\"wpb_text_column wpb_content_element  mb0\" >\n\t\t<div class=\"wpb_wrapper\">\n\t\t\t<h2 style=\"text-align: center;\">\u00bfPor qu\u00e9 es necesario calificar un coche como defectuoso?<\/h2>\n<hr class=\"line\" \/>\n<p style=\"text-align: center;\">Antes de emprender cualquier acci\u00f3n legal en virtud de la ley del lim\u00f3n, los consumidores del estado de Washington deben demostrar que el veh\u00edculo cumple unos requisitos claramente definidos. Estos requisitos determinan si el fabricante est\u00e1 legalmente obligado a indemnizar al consumidor.<\/p>\n<p style=\"text-align: center;\">Al establecer formalmente su veh\u00edculo como un lim\u00f3n, usted se posiciona para buscar un acuerdo por sus p\u00e9rdidas, ya sea que incluya gastos de bolsillo, reducci\u00f3n del valor del veh\u00edculo, u otros impactos documentados. La ley ofrece importantes protecciones a los consumidores, pero demostrar que su veh\u00edculo cumple los requisitos es esencial para beneficiarse de esas protecciones.<\/p>\n\n\t\t<\/div>\n\t<\/div>\n<\/div><\/div><\/div><div class=\"wpb_column vc_column_container vc_col-sm-1\"><div class=\"vc_column-inner\"><div class=\"wpb_wrapper\"><\/div><\/div><\/div><\/div><\/div><div class=\"vc_row wpb_row light1 blurb-row steps vc_custom_1764706267392\"><div class=\"container\"><div class=\"wpb_column vc_column_container vc_col-sm-1\" id=\"3\"><div class=\"vc_column-inner\"><div class=\"wpb_wrapper\"><\/div><\/div><\/div><div class=\"wpb_column vc_column_container vc_col-sm-5\"><div class=\"vc_column-inner\"><div class=\"wpb_wrapper\">\n\t<div class=\"wpb_text_column wpb_content_element  mb0\" >\n\t\t<div class=\"wpb_wrapper\">\n\t\t\t<h2 style=\"text-align: center;\">Problemas que indican que puede tener un lim\u00f3n<\/h2>\n<hr class=\"line\" \/>\n<p style=\"text-align: center;\">Muchos problemas del veh\u00edculo son frustrantes pero de menor importancia. Otros se\u00f1alan defectos mec\u00e1nicos o el\u00e9ctricos m\u00e1s graves que pueden acogerse a la legislaci\u00f3n sobre veh\u00edculos defectuosos de Washington.<\/p>\n<p>Los problemas m\u00e1s comunes que pueden sugerir que usted tiene un lim\u00f3n incluyen:<\/p>\n<ul style=\"margin-bottom: 35px;\">\n<li>Aver\u00eda o calado del motor<\/li>\n<li>Problemas persistentes de transmisi\u00f3n (por ejemplo, patinaje, tirones o vacilaciones).<\/li>\n<li>Mal funcionamiento del sistema el\u00e9ctrico<\/li>\n<li>Aver\u00eda de los frenos o de la direcci\u00f3n<\/li>\n<li>Luces de advertencia repetidas sin resoluci\u00f3n<\/li>\n<li>Mal funcionamiento de la calefacci\u00f3n, la refrigeraci\u00f3n o el airbag<\/li>\n<li>Defectos no resueltos del sistema de seguridad<\/li>\n<\/ul>\n<p style=\"text-align: center;\">Si su coche ha sido reparado varias veces por el mismo problema - o ha pasado un n\u00famero excesivo de d\u00edas en el taller - puede ser el momento de explorar sus opciones legales. Estos problemas recurrentes pueden afectar a la seguridad, la fiabilidad y el valor del coche, y a menudo son el centro de las reclamaciones de la ley del lim\u00f3n.<\/p>\n\n\t\t<\/div>\n\t<\/div>\n<div class=\"vc_empty_space\"   style=\"height: 32px\" ><span class=\"vc_empty_space_inner\"><\/span><\/div>\n\n\t<div class=\"wpb_text_column wpb_content_element  mb0\" id=\"4\">\n\t\t<div class=\"wpb_wrapper\">\n\t\t\t<h2>Definici\u00f3n de \"intentos razonables de reparaci\u00f3n\"<\/h2>\n<hr class=\"line fs-line\" \/>\n<p>Uno de los factores m\u00e1s importantes para determinar si se cumplen los requisitos de la ley del lim\u00f3n es si se ha dado al fabricante o al concesionario una oportunidad razonable de arreglar el defecto. Pero, \u00bfqu\u00e9 significa \"razonable\" en la legislaci\u00f3n de Washington?<\/p>\n<p>En general, un veh\u00edculo puede considerarse defectuoso si:<\/p>\n<ul>\n<li>Se ha reparado el mismo defecto dos o m\u00e1s veces, o<\/li>\n<li>El veh\u00edculo ha estado fuera de servicio durante un total acumulado de 30 o m\u00e1s d\u00edas naturales para su reparaci\u00f3n, y<\/li>\n<li>El problema se produjo durante los dos primeros a\u00f1os del veh\u00edculo o en los 24.000 kil\u00f3metros (lo que ocurra primero).<\/li>\n<\/ul>\n<p>El n\u00famero de intentos de reparaci\u00f3n puede ser menor en el caso de defectos relacionados con la seguridad, como frenos o direcci\u00f3n defectuosos, especialmente si suponen un riesgo de lesiones o de mal funcionamiento grave. El tiempo y la documentaci\u00f3n son importantes, as\u00ed que aseg\u00farate de hacer un seguimiento de cada intento de reparaci\u00f3n y del tiempo que tu veh\u00edculo est\u00e1 fuera de servicio.<\/p>\n\n\t\t<\/div>\n\t<\/div>\n<\/div><\/div><\/div><div class=\"wpb_column vc_column_container vc_col-sm-5\"><div class=\"vc_column-inner\"><div class=\"wpb_wrapper\"><div class=\"vc_empty_space\"   style=\"height: 32px\" ><span class=\"vc_empty_space_inner\"><\/span><\/div>\n\n\t<div class=\"wpb_text_column wpb_content_element\" >\n\t\t<div class=\"wpb_wrapper\">\n\t\t\t<p><img loading=\"lazy\" decoding=\"async\" class=\"aligncenter wp-image-6694 size-large\" src=\"https:\/\/lemonlawswa.com\/wp-content\/uploads\/2025\/12\/Washington-State-Lemon-Law-Qualifications-455x1024.jpg\" alt=\"Requisitos de la Ley del Lim\u00f3n del Estado de Washington\" width=\"455\" height=\"1024\" srcset=\"https:\/\/lemonlawswa.com\/wp-content\/uploads\/2025\/12\/Washington-State-Lemon-Law-Qualifications-455x1024.jpg 455w, https:\/\/lemonlawswa.com\/wp-content\/uploads\/2025\/12\/Washington-State-Lemon-Law-Qualifications-133x300.jpg 133w, https:\/\/lemonlawswa.com\/wp-content\/uploads\/2025\/12\/Washington-State-Lemon-Law-Qualifications-768x1728.jpg 768w, https:\/\/lemonlawswa.com\/wp-content\/uploads\/2025\/12\/Washington-State-Lemon-Law-Qualifications-683x1536.jpg 683w, https:\/\/lemonlawswa.com\/wp-content\/uploads\/2025\/12\/Washington-State-Lemon-Law-Qualifications-5x12.jpg 5w, https:\/\/lemonlawswa.com\/wp-content\/uploads\/2025\/12\/Washington-State-Lemon-Law-Qualifications.jpg 800w\" sizes=\"auto, (max-width: 455px) 100vw, 455px\" \/><\/p>\n<p style=\"text-align: center;\"><a href=\"https:\/\/lemonlawswa.com\/wp-content\/uploads\/2025\/12\/Washington-State-Lemon-Law-Qualifications.pdf\">Ver y descargar esta infograf\u00eda en PDF<\/a><\/p>\n\n\t\t<\/div>\n\t<\/div>\n<\/div><\/div><\/div><div class=\"wpb_column vc_column_container vc_col-sm-1\"><div class=\"vc_column-inner\"><div class=\"wpb_wrapper\"><\/div><\/div><\/div><\/div><\/div><div id=\"5\" class=\"vc_row wpb_row fifty-fifty-new light1 flip-mobile\"><div class=\"container\"><div class=\"wpb_column vc_column_container vc_col-sm-6\"><div class=\"vc_column-inner\"><div class=\"wpb_wrapper\">\n\t<div class=\"wpb_text_column wpb_content_element\" >\n\t\t<div class=\"wpb_wrapper\">\n\t\t\t<p><img loading=\"lazy\" decoding=\"async\" class=\"aligncenter size-full wp-image-3283\" src=\"https:\/\/lemonlawswa.com\/wp-content\/uploads\/2024\/06\/right_Factors-Influencing-Lemon-Law-Eligibility@2x.jpg\" alt=\"\" width=\"1610\" height=\"1342\" srcset=\"https:\/\/lemonlawswa.com\/wp-content\/uploads\/2024\/06\/right_Factors-Influencing-Lemon-Law-Eligibility@2x.jpg 1610w, https:\/\/lemonlawswa.com\/wp-content\/uploads\/2024\/06\/right_Factors-Influencing-Lemon-Law-Eligibility@2x-300x250.jpg 300w, https:\/\/lemonlawswa.com\/wp-content\/uploads\/2024\/06\/right_Factors-Influencing-Lemon-Law-Eligibility@2x-1024x854.jpg 1024w, https:\/\/lemonlawswa.com\/wp-content\/uploads\/2024\/06\/right_Factors-Influencing-Lemon-Law-Eligibility@2x-768x640.jpg 768w, https:\/\/lemonlawswa.com\/wp-content\/uploads\/2024\/06\/right_Factors-Influencing-Lemon-Law-Eligibility@2x-1536x1280.jpg 1536w, https:\/\/lemonlawswa.com\/wp-content\/uploads\/2024\/06\/right_Factors-Influencing-Lemon-Law-Eligibility@2x-1568x1307.jpg 1568w\" sizes=\"auto, (max-width: 1610px) 100vw, 1610px\" \/><\/p>\n\n\t\t<\/div>\n\t<\/div>\n<\/div><\/div><\/div><div class=\"wpb_column vc_column_container vc_col-sm-6\"><div class=\"vc_column-inner\"><div class=\"wpb_wrapper\">\n\t<div class=\"wpb_text_column wpb_content_element  alt-btn\" >\n\t\t<div class=\"wpb_wrapper\">\n\t\t\t<h3>\u00bfQu\u00e9 es un coche defectuoso?<\/h3>\n<hr class=\"line fs-line\" \/>\n<p>Cada caso de la ley del lim\u00f3n es \u00fanico, pero la mayor\u00eda comparten algunas caracter\u00edsticas clave. Para acogerse a la ley del lim\u00f3n de Washington, <a href=\"https:\/\/www.atg.wa.gov\/eligibility\" target=\"_blank\" rel=\"noopener\">su veh\u00edculo debe cumplir los siguientes requisitos<\/a>:<\/p>\n<p><strong>1. Defecto sustancial<\/strong><br \/>\nEl problema debe afectar significativamente a la seguridad, funcionalidad o valor de mercado del veh\u00edculo.<\/p>\n<p><strong>2. Cobertura de la garant\u00eda<\/strong><br \/>\nEl defecto debe producirse mientras el veh\u00edculo est\u00e1 cubierto por la garant\u00eda original del fabricante, no por un plan de servicio ampliado o de terceros.<\/p>\n<p><strong>3. Intentos razonables de reparaci\u00f3n<\/strong><br \/>\nEl fabricante o el concesionario deben haber tenido varias oportunidades de resolver el problema. Si no pueden corregir el problema en un plazo razonable, el veh\u00edculo puede considerarse legalmente defectuoso.<\/p>\n<p><strong>4. Calendario adecuado<\/strong><br \/>\nEl problema debe surgir dentro de los primeros 24 meses o 24.000 millas despu\u00e9s de la entrega al primer propietario al por menor. Las reclamaciones presentadas despu\u00e9s de esta ventana pueden no ser elegibles para la protecci\u00f3n bajo los estatutos de la ley del lim\u00f3n de Washington.<\/p>\n<p>Si su situaci\u00f3n cumple alguna de estas condiciones, merece la pena que un equipo jur\u00eddico revise su documentaci\u00f3n y le ayude a preparar una reclamaci\u00f3n.<br \/>\n<!-- HFCM by 99 Robots - Snippet # 19: National &quot;See if You Qualify&quot; Button (EN+ES) -->\n<div data-tf-live=\"01JBG22RY7ZCB9RBCRJJWE8MPA\"><\/div><script src=\"\/\/embed.typeform.com\/next\/embed.js\"><\/script>\n<!-- \/end HFCM by 99 Robots -->\n<\/p>\n\n\t\t<\/div>\n\t<\/div>\n<\/div><\/div><\/div><\/div><\/div><div id=\"6\" class=\"vc_row wpb_row fifty-fifty image-left dark1 flip-mobile\"><div class=\"container\"><div class=\"documentation-column wpb_column vc_column_container vc_col-sm-6 vc_col-has-fill\"><div class=\"vc_column-inner vc_custom_1737490093977\"><div class=\"wpb_wrapper\"><\/div><\/div><\/div><div class=\"wpb_column vc_column_container vc_col-sm-6\"><div class=\"vc_column-inner\"><div class=\"wpb_wrapper\">\n\t<div class=\"wpb_text_column wpb_content_element  mb0\" >\n\t\t<div class=\"wpb_wrapper\">\n\t\t\t<h3>Documentaci\u00f3n necesaria para calificar un coche como defectuoso<\/h3>\n<p>Una documentaci\u00f3n s\u00f3lida es esencial para probar su reclamaci\u00f3n de la ley del lim\u00f3n. Cuanto m\u00e1s detallados sean sus registros, m\u00e1s f\u00e1cil ser\u00e1 demostrar que el veh\u00edculo tiene un defecto persistente que no ha sido reparado adecuadamente.<\/p>\n<p>Deber\u00e1 reunir y organizar lo siguiente:<\/p>\n<ul>\n<li><strong>\u00d3rdenes de reparaci\u00f3n y facturas<\/strong> por cada visita al concesionario o centro de servicio<\/li>\n<li><strong>\u00d3rdenes de trabajo<\/strong> detallando los problemas diagnosticados y las medidas adoptadas<\/li>\n<li><strong>Cronolog\u00eda de los problemas,<\/strong> incluyendo cu\u00e1ndo se produjeron por primera vez y con qu\u00e9 frecuencia se han repetido<\/li>\n<li><strong>Registros de comunicaci\u00f3n<\/strong> entre usted y el concesionario o el servicio t\u00e9cnico<\/li>\n<li><strong>Recibos de los gastos de bolsillo<\/strong> como remolque, veh\u00edculos de alquiler o asistencia en carretera<\/li>\n<\/ul>\n\n\t\t<\/div>\n\t<\/div>\n<\/div><\/div><\/div><\/div><\/div><div id=\"7\" class=\"vc_row wpb_row light1 blurb-row vc_custom_1731351411235\"><div class=\"container\"><div class=\"wpb_column vc_column_container vc_col-sm-6\"><div class=\"vc_column-inner\"><div class=\"wpb_wrapper\">\n\t<div class=\"wpb_text_column wpb_content_element  mb0\" >\n\t\t<div class=\"wpb_wrapper\">\n\t\t\t<h2 style=\"text-align: center;\">Qu\u00e9 hacer si su coche es un producto defectuoso<\/h2>\n<hr class=\"line\" \/>\n<p style=\"text-align: center;\">Si cree que su veh\u00edculo cumple los requisitos de la ley del lim\u00f3n en el estado de Washington, no espere para actuar. Cada caso es sensible al tiempo, y el retraso podr\u00eda afectar a su capacidad para obtener una indemnizaci\u00f3n.<\/p>\n<p>Esto es lo que hay que hacer a continuaci\u00f3n:<\/p>\n<ul style=\"margin-bottom: 35px;\">\n<li><strong>Recopilar documentaci\u00f3n<\/strong>: Comience a recopilar todos los registros de reparaci\u00f3n, informes de servicio e informaci\u00f3n de garant\u00eda relacionados con el defecto.<\/li>\n<li><strong>Consulte a un abogado especializado en la Ley del Lim\u00f3n<\/strong>: Trabajar con un equipo jur\u00eddico experimentado garantiza que su caso se eval\u00fae adecuadamente y se persiga con la estrategia correcta desde el principio.<\/li>\n<li><strong>Deje que su abogado se encargue de los siguientes pasos<\/strong>: Una vez revisado y aceptado su caso, su abogado iniciar\u00e1 el proceso de negociaci\u00f3n con el fabricante en su nombre.<\/li>\n<\/ul>\n<p style=\"text-align: center;\">En Prestige Legal Solutions, nos especializamos en ayudar a los consumidores de Washington a navegar este proceso con confianza. Ofrecemos consultas gratuitas, nos encargamos de todo el trabajo legal y s\u00f3lo cobramos si ganamos su caso. Nuestros abogados est\u00e1n aqu\u00ed para ayudarle a entender si su veh\u00edculo califica y cu\u00e1les deben ser sus pr\u00f3ximos pasos. Perm\u00edtanos ayudarle a volver a la carretera - y fuera de la tienda de reparaci\u00f3n para siempre. P\u00f3ngase en contacto con nuestros abogados de la ley del lim\u00f3n de Washington para una revisi\u00f3n gratuita de su caso hoy mismo.<\/p>\n\n\t\t<\/div>\n\t<\/div>\n<\/div><\/div><\/div><div class=\"wpb_column vc_column_container vc_col-sm-6\"><div class=\"vc_column-inner\"><div class=\"wpb_wrapper\">\n\t<div class=\"wpb_text_column wpb_content_element\" >\n\t\t<div class=\"wpb_wrapper\">\n\t\t\t<p><img loading=\"lazy\" decoding=\"async\" class=\"aligncenter wp-image-4732 size-full\" src=\"https:\/\/lemonlawswa.com\/wp-content\/uploads\/2024\/11\/lemon-law-qualifications.webp\" alt=\"calificaciones de la ley del lim\u00f3n intentos razonables de reparaci\u00f3n\" width=\"1000\" height=\"667\" srcset=\"https:\/\/lemonlawswa.com\/wp-content\/uploads\/2024\/11\/lemon-law-qualifications.webp 1000w, https:\/\/lemonlawswa.com\/wp-content\/uploads\/2024\/11\/lemon-law-qualifications-300x200.webp 300w, https:\/\/lemonlawswa.com\/wp-content\/uploads\/2024\/11\/lemon-law-qualifications-768x512.webp 768w, https:\/\/lemonlawswa.com\/wp-content\/uploads\/2024\/11\/lemon-law-qualifications-18x12.webp 18w\" sizes=\"auto, (max-width: 1000px) 100vw, 1000px\" \/><\/p>\n\n\t\t<\/div>\n\t<\/div>\n<\/div><\/div><\/div><\/div><\/div><div class=\"vc_row wpb_row cta-row dark1\"><div class=\"container\"><div class=\"wpb_column vc_column_container vc_col-sm-12\"><div class=\"vc_column-inner\"><div class=\"wpb_wrapper\">\n\t<div class=\"wpb_text_column wpb_content_element  mb0\" >\n\t\t<div class=\"wpb_wrapper\">\n\t\t\t<h3>\u00bfEs su VEH\u00cdCULO un \"lim\u00f3n\"? \u00a1Aver\u00edg\u00fcelo ahora!<\/h3>\n<!-- HFCM by 99 Robots - Snippet # 19: National &quot;See if You Qualify&quot; Button (EN+ES) -->\n<div data-tf-live=\"01JBG22RY7ZCB9RBCRJJWE8MPA\"><\/div><script src=\"\/\/embed.typeform.com\/next\/embed.js\"><\/script>\n<!-- \/end HFCM by 99 Robots -->\n\n\n\t\t<\/div>\n\t<\/div>\n<\/div><\/div><\/div><\/div><\/div>\n<\/div>","protected":false},"excerpt":{"rendered":"No todos los problemas de los coches califican para la acci\u00f3n legal - pero cuando un defecto sigue apareciendo y el concesionario no parece poder arreglarlo, la ley del lim\u00f3n del estado de Washington puede entrar en juego. Esta ley de protecci\u00f3n al consumidor describe los requisitos espec\u00edficos que un veh\u00edculo debe... <a class=\"more-link\" href=\"https:\/\/lemonlawswa.com\/es\/requisitos-para-acogerse-a-la-ley-del-limon-de-washington\/\">Seguir leyendo <span class=\"screen-reader-text\">Calificaci\u00f3n seg\u00fan la Ley del Lim\u00f3n<\/span><\/a>","protected":false},"author":1,"featured_media":0,"parent":0,"menu_order":0,"comment_status":"closed","ping_status":"closed","template":"","meta":{"_acf_changed":false,"content-type":"","footnotes":""},"class_list":["post-4730","page","type-page","status-publish","entry"],"acf":[],"aioseo_notices":[],"_links":{"self":[{"href":"https:\/\/lemonlawswa.com\/es\/wp-json\/wp\/v2\/pages\/4730","targetHints":{"allow":["GET"]}}],"collection":[{"href":"https:\/\/lemonlawswa.com\/es\/wp-json\/wp\/v2\/pages"}],"about":[{"href":"https:\/\/lemonlawswa.com\/es\/wp-json\/wp\/v2\/types\/page"}],"author":[{"embeddable":true,"href":"https:\/\/lemonlawswa.com\/es\/wp-json\/wp\/v2\/users\/1"}],"replies":[{"embeddable":true,"href":"https:\/\/lemonlawswa.com\/es\/wp-json\/wp\/v2\/comments?post=4730"}],"version-history":[{"count":0,"href":"https:\/\/lemonlawswa.com\/es\/wp-json\/wp\/v2\/pages\/4730\/revisions"}],"wp:attachment":[{"href":"https:\/\/lemonlawswa.com\/es\/wp-json\/wp\/v2\/media?parent=4730"}],"curies":[{"name":"wp","href":"https:\/\/api.w.org\/{rel}","templated":true}]}}