{"id":4780,"date":"2024-11-12T13:58:11","date_gmt":"2024-11-12T21:58:11","guid":{"rendered":"https:\/\/lemonlaws2.vmgagencysites.com\/?page_id=4780"},"modified":"2025-05-27T14:47:56","modified_gmt":"2025-05-27T21:47:56","slug":"tacoma-abogado-de-la-ley-de-limon","status":"publish","type":"page","link":"https:\/\/lemonlawswa.com\/es\/tacoma-abogado-de-la-ley-de-limon\/","title":{"rendered":"Tacoma Abogado de la Ley del Lim\u00f3n"},"content":{"rendered":"<div class=\"wpb-content-wrapper\"><div class=\"vc_row wpb_row cta-row dark1\"><div class=\"container\"><div class=\"wpb_column vc_column_container vc_col-sm-12\"><div class=\"vc_column-inner\"><div class=\"wpb_wrapper\">\n\t<div class=\"wpb_text_column wpb_content_element  mb0\" >\n\t\t<div class=\"wpb_wrapper\">\n\t\t\t<h3>Evaluamos su caso gratis y sin honorarios<\/h3>\n<!-- HFCM by 99 Robots - Snippet # 18: WA &quot;See if You Qualify&quot; Button (EN+ES) -->\n<div data-tf-live=\"01JBG22RY7ZCB9RBCRJJWE8MPA\"><\/div><script src=\"\/\/embed.typeform.com\/next\/embed.js\"><\/script>\n<!-- \/end HFCM by 99 Robots -->\n\n\n\t\t<\/div>\n\t<\/div>\n<\/div><\/div><\/div><\/div><\/div><div class=\"vc_row wpb_row table-of-content-row\"><div class=\"container\"><div class=\"wpb_column vc_column_container vc_col-sm-6\"><div class=\"vc_column-inner\"><div class=\"wpb_wrapper\">\n\t<div class=\"wpb_text_column wpb_content_element\" >\n\t\t<div class=\"wpb_wrapper\">\n\t\t\t<p>Como los abogados de Tacoma m\u00e1s confiables de la regi\u00f3n, Prestige Legal Solutions se dedica a defender los derechos del consumidor en toda la zona. <a href=\"https:\/\/lemonlawswa.com\/es\/acerca-de\/\">Nuestra empresa<\/a> trae a\u00f1os de experiencia especializada a la mesa, respaldado por un historial de \u00e9xito de las reclamaciones y un profundo compromiso con la defensa del cliente. Entendemos los desaf\u00edos que enfrenta con un veh\u00edculo de lim\u00f3n, y estamos aqu\u00ed para guiarlo a trav\u00e9s del proceso legal con confianza. El\u00edjanos para representar sus intereses y experimente los beneficios de asociarse con un equipo que prioriza su \u00e9xito.<\/p>\n<p style=\"text-align: left;\"><a class=\"btn-bt alternate\" title=\"Acerca de nuestro bufete de abogados de lim\u00f3n\" href=\"\/es\/acerca-de\/\">SOBRE NUESTRO BUFETE<\/a><\/p>\n\n\t\t<\/div>\n\t<\/div>\n<\/div><\/div><\/div><div class=\"accent1 table-of-contents wpb_column vc_column_container vc_col-sm-6 vc_col-has-fill\"><div class=\"vc_column-inner vc_custom_1718206463659\"><div class=\"wpb_wrapper\">\n\t<div class=\"wpb_text_column wpb_content_element\" >\n\t\t<div class=\"wpb_wrapper\">\n\t\t\t<h5>\u00cdNDICE<\/h5>\n<hr class=\"line fw-line\" \/>\n<ul class=\"table-of-contents\">\n<li><a href=\"#1\">El Proceso de los Casos de la Ley del Lim\u00f3n en Tacoma, WA<br \/>\n<\/a><\/li>\n<li><a href=\"#2\">\u00bfTiene un coche defectuoso?<\/a><\/li>\n<li><a href=\"#3\">Obtenga una revisi\u00f3n de su caso GRATIS de nuestros abogados de la Ley del Lim\u00f3n de Tacoma<\/a><\/li>\n<li><a href=\"#4\">Garant\u00edas y leyes del lim\u00f3n en Washington<\/a><\/li>\n<li><a href=\"#5\">Requisitos para las reclamaciones de la Ley del Lim\u00f3n en Tacoma<\/a><\/li>\n<li><a href=\"#6\">Qu\u00e9 hacer si un concesionario Tacoma le vendi\u00f3 un lim\u00f3n<\/a><\/li>\n<li><a href=\"#7\">Preguntas frecuentes sobre Tacoma Lemon Law Reclamaciones<\/a><\/li>\n<li><a href=\"#8\">As\u00f3ciese con los mejores abogados de la Ley del Lim\u00f3n de Tacoma<br \/>\n<\/a><\/li>\n<\/ul>\n\n\t\t<\/div>\n\t<\/div>\n<\/div><\/div><\/div><\/div><\/div><div id=\"1\" class=\"vc_row wpb_row dark2 blurb-row vc_custom_1718223315857\"><div class=\"container\"><div class=\"wpb_column vc_column_container vc_col-sm-1\"><div class=\"vc_column-inner\"><div class=\"wpb_wrapper\"><\/div><\/div><\/div><div class=\"wpb_column vc_column_container vc_col-sm-10\"><div class=\"vc_column-inner\"><div class=\"wpb_wrapper\">\n\t<div class=\"wpb_text_column wpb_content_element  mb0\" >\n\t\t<div class=\"wpb_wrapper\">\n\t\t\t<h2 style=\"text-align: center;\">El Proceso de los Casos de la Ley del Lim\u00f3n en Tacoma, WA<\/h2>\n<hr class=\"line\" \/>\n<p style=\"text-align: center;\">El proceso de reclamaci\u00f3n de la ley del lim\u00f3n comienza con la clara identificaci\u00f3n de los defectos continuos del veh\u00edculo que califican al coche como un \"lim\u00f3n.\" Con el fin de demostrar que usted tiene una reclamaci\u00f3n v\u00e1lida y construir un caso convincente, es crucial documentar meticulosamente cada defecto y el intento de reparaci\u00f3n en detalle. Tan pronto como sea posible, debe ponerse en contacto con un abogado con experiencia en la ley del lim\u00f3n para que pueda recibir una orientaci\u00f3n clara sobre la documentaci\u00f3n y la recopilaci\u00f3n de todas las pruebas necesarias.<\/p>\n<p style=\"text-align: center;\">A partir de ah\u00ed, el proceso avanza hasta la presentaci\u00f3n formal de una demanda. Dependiendo del caso, esto puede conducir a un litigio. Los abogados de Tacoma especializados en la ley del lim\u00f3n de Prestige Legal Solutions se aseguran de que est\u00e9 informado y preparado en cada etapa, gestionando el proceso en su nombre para que pueda estar tranquilo.<\/p>\n\n\t\t<\/div>\n\t<\/div>\n<\/div><\/div><\/div><div class=\"wpb_column vc_column_container vc_col-sm-1\"><div class=\"vc_column-inner\"><div class=\"wpb_wrapper\"><\/div><\/div><\/div><\/div><\/div><div id=\"2\" class=\"vc_row wpb_row light1 blurb-row vc_custom_1718223391149\"><div class=\"container\"><div class=\"wpb_column vc_column_container vc_col-sm-1\"><div class=\"vc_column-inner\"><div class=\"wpb_wrapper\"><\/div><\/div><\/div><div class=\"wpb_column vc_column_container vc_col-sm-10\"><div class=\"vc_column-inner\"><div class=\"wpb_wrapper\">\n\t<div class=\"wpb_text_column wpb_content_element  mb0\" >\n\t\t<div class=\"wpb_wrapper\">\n\t\t\t<h3 style=\"text-align: center;\">\u00bfTiene un coche defectuoso?<\/h3>\n<hr class=\"line\" \/>\n<p style=\"text-align: center;\">Si su veh\u00edculo en Tacoma tiene problemas persistentes a pesar de repetidas reparaciones, puede calificar como un lim\u00f3n bajo la ley de Washington. Usted puede tener un reclamo v\u00e1lido si los problemas de su veh\u00edculo incluyen defectos significativos que perjudican su uso, valor o seguridad, espec\u00edficamente aquellos que han ocurrido durante el per\u00edodo de garant\u00eda y no han sido resueltos por reparaciones repetidas. Si usted sospecha que su coche es un lim\u00f3n, no dude en iniciar una revisi\u00f3n de su caso con Prestige Legal Solutions para explorar sus opciones.<\/p>\n\n\t\t<\/div>\n\t<\/div>\n<\/div><\/div><\/div><div class=\"wpb_column vc_column_container vc_col-sm-1\"><div class=\"vc_column-inner\"><div class=\"wpb_wrapper\"><\/div><\/div><\/div><\/div><\/div><div id=\"3\" class=\"vc_row wpb_row fifty-fifty image-left dark1 blend\"><div class=\"container\"><div class=\"tacoma-lemon-law wpb_column vc_column_container vc_col-sm-6 vc_col-has-fill\"><div class=\"vc_column-inner vc_custom_1742940585975\"><div class=\"wpb_wrapper\"><\/div><\/div><\/div><div class=\"wpb_column vc_column_container vc_col-sm-6\"><div class=\"vc_column-inner\"><div class=\"wpb_wrapper\">\n\t<div class=\"wpb_text_column wpb_content_element  mb0\" >\n\t\t<div class=\"wpb_wrapper\">\n\t\t\t<h3>Obtenga una revisi\u00f3n de su caso GRATIS de nuestros abogados de la Ley del Lim\u00f3n de Tacoma<\/h3>\n<p>Los problemas continuos con los veh\u00edculos pueden ser costosos, frustrantes y estresantes - pero con la ayuda de un abogado de la ley del lim\u00f3n, usted puede responsabilizar al fabricante del veh\u00edculo y llegar a una resoluci\u00f3n justa. En Prestige Legal Solutions, nuestros abogados de la ley del lim\u00f3n de Tacoma est\u00e1n listos para evaluar su situaci\u00f3n y aconsejarle sobre el mejor curso de acci\u00f3n. Usted puede confiar en nosotros para navegar incluso el m\u00e1s complicado de las reclamaciones de la ley de lim\u00f3n, asegurando que reciba la compensaci\u00f3n y la justicia que se merece.<\/p>\n<p>P\u00f3ngase en contacto con nosotros ahora para empezar a tomar medidas hacia una resoluci\u00f3n exitosa de la demanda de la ley del lim\u00f3n.<br \/>\n<!-- HFCM by 99 Robots - Snippet # 18: WA &quot;See if You Qualify&quot; Button (EN+ES) -->\n<div data-tf-live=\"01JBG22RY7ZCB9RBCRJJWE8MPA\"><\/div><script src=\"\/\/embed.typeform.com\/next\/embed.js\"><\/script>\n<!-- \/end HFCM by 99 Robots -->\n<\/p>\n\n\t\t<\/div>\n\t<\/div>\n<\/div><\/div><\/div><\/div><\/div><div id=\"4\" class=\"vc_row wpb_row light1 blurb-row vc_custom_1718224081624\"><div class=\"container\"><div class=\"wpb_column vc_column_container vc_col-sm-1\"><div class=\"vc_column-inner\"><div class=\"wpb_wrapper\"><\/div><\/div><\/div><div class=\"wpb_column vc_column_container vc_col-sm-10\"><div class=\"vc_column-inner\"><div class=\"wpb_wrapper\">\n\t<div class=\"wpb_text_column wpb_content_element  mb0\" >\n\t\t<div class=\"wpb_wrapper\">\n\t\t\t<h2 style=\"text-align: center;\">Garant\u00edas y leyes del lim\u00f3n en Washington<\/h2>\n<hr class=\"line\" \/>\n<p style=\"text-align: center;\">En Tacoma, las garant\u00edas pueden influir significativamente en los casos de la ley del lim\u00f3n ampliando el per\u00edodo de tiempo durante el cual se puede presentar una reclamaci\u00f3n. Una garant\u00eda asegura la obligaci\u00f3n del fabricante de mantener los est\u00e1ndares de calidad y rendimiento, abordando cualquier defecto de mano de obra o materiales.<\/p>\n<p style=\"text-align: center;\">Entender las especificaciones de su garant\u00eda es crucial para hacer valer sus derechos bajo la ley del lim\u00f3n. Nuestra oficina de Washington <a href=\"\/es\/\">abogados de la ley del lim\u00f3n<\/a> son expertos en desmitificar las complicadas cl\u00e1usulas de garant\u00eda y aprovechar este conocimiento para reforzar su caso, asegur\u00e1ndose de que recibe la indemnizaci\u00f3n que merece.<\/p>\n<p style=\"text-align: center;\"><a class=\"btn-bt alternate\" href=\"\/es\/faq-preguntas\/\">VER INFORMACI\u00d3N SOBRE LA LEY DEL LIM\u00d3N<\/a><\/p>\n\n\t\t<\/div>\n\t<\/div>\n<\/div><\/div><\/div><div class=\"wpb_column vc_column_container vc_col-sm-1\"><div class=\"vc_column-inner\"><div class=\"wpb_wrapper\"><\/div><\/div><\/div><\/div><\/div><div id=\"5\" class=\"vc_row wpb_row fifty-fifty image-right dark2 flip-mobile\"><div class=\"container\"><div class=\"wpb_column vc_column_container vc_col-sm-6\"><div class=\"vc_column-inner\"><div class=\"wpb_wrapper\">\n\t<div class=\"wpb_text_column wpb_content_element  mb0\" >\n\t\t<div class=\"wpb_wrapper\">\n\t\t\t<h3 style=\"text-align: right;\">Requisitos para las reclamaciones de la Ley del Lim\u00f3n en Tacoma<\/h3>\n<p style=\"text-align: right;\">Para calificar para una reclamaci\u00f3n de la ley del lim\u00f3n en Tacoma, su veh\u00edculo debe tener defectos persistentes que perjudiquen sustancialmente su uso, valor o seguridad a pesar de un n\u00famero razonable de intentos de reparaci\u00f3n. Estos problemas deben haber ocurrido durante el per\u00edodo de garant\u00eda del fabricante. La ley del estado de Washington normalmente requiere que estos defectos aparecen dentro de 2,5 a\u00f1os de la fecha original de entrega al por menor del veh\u00edculo.<\/p>\n\n\t\t<\/div>\n\t<\/div>\n<\/div><\/div><\/div><div class=\"requirements wpb_column vc_column_container vc_col-sm-6 vc_col-has-fill\"><div class=\"vc_column-inner vc_custom_1737497547386\"><div class=\"wpb_wrapper\"><\/div><\/div><\/div><\/div><\/div><div id=\"6\" class=\"vc_row wpb_row accent1 blurb-row vc_custom_1737055200750\"><div class=\"container\"><div class=\"wpb_column vc_column_container vc_col-sm-1\"><div class=\"vc_column-inner\"><div class=\"wpb_wrapper\"><\/div><\/div><\/div><div class=\"wpb_column vc_column_container vc_col-sm-10\"><div class=\"vc_column-inner\"><div class=\"wpb_wrapper\">\n\t<div class=\"wpb_text_column wpb_content_element  mb0\" >\n\t\t<div class=\"wpb_wrapper\">\n\t\t\t<h2 style=\"text-align: center;\">\u00bfQu\u00e9 hacer si un concesionario Tacoma le vendi\u00f3 un lim\u00f3n?<\/h2>\n<hr class=\"line\" \/>\n<p style=\"text-align: center;\">Si sospecha que un concesionario de Tacoma le ha vendido un producto defectuoso, act\u00fae de inmediato. Documente meticulosamente todos los problemas e intentos de reparaci\u00f3n. P\u00f3ngase en contacto con el concesionario para informar de los problemas y darles la oportunidad de hacer las reparaciones. Si los problemas persisten, consulte con un abogado experto en la ley del lim\u00f3n de Tacoma en Prestige Legal Solutions para discutir sus opciones legales y potencialmente iniciar una demanda para buscar la resoluci\u00f3n a la que tiene derecho bajo la ley.<\/p>\n\n\t\t<\/div>\n\t<\/div>\n<\/div><\/div><\/div><div class=\"wpb_column vc_column_container vc_col-sm-1\"><div class=\"vc_column-inner\"><div class=\"wpb_wrapper\"><\/div><\/div><\/div><\/div><\/div><div id=\"7\" class=\"vc_row wpb_row accordion light1 vc_custom_1723237540694\"><div class=\"container\"><div class=\"wpb_column vc_column_container vc_col-sm-1\"><div class=\"vc_column-inner\"><div class=\"wpb_wrapper\"><\/div><\/div><\/div><div class=\"wpb_column vc_column_container vc_col-sm-10\"><div class=\"vc_column-inner\"><div class=\"wpb_wrapper\">\n\t<div class=\"wpb_text_column wpb_content_element\" >\n\t\t<div class=\"wpb_wrapper\">\n\t\t\t<h2 style=\"text-align: center;\">Preguntas frecuentes sobre Tacoma Lemon Law Reclamaciones<\/h2>\n\n\t\t<\/div>\n\t<\/div>\n<div class=\"vc_tta-container\" data-vc-action=\"collapse\"><div class=\"vc_general vc_tta vc_tta-accordion vc_tta-color-grey vc_tta-style-classic vc_tta-shape-rounded vc_tta-o-shape-group vc_tta-controls-align-default\"><div class=\"vc_tta-panels-container\"><div class=\"vc_tta-panels\"><div class=\"vc_tta-panel vc_active\" id=\"1718136743764-4be9d8a6-f088\" data-vc-content=\".vc_tta-panel-body\"><div class=\"vc_tta-panel-heading\"><h3 class=\"vc_tta-panel-title vc_tta-controls-icon-position-left\"><a href=\"#1718136743764-4be9d8a6-f088\" data-vc-accordion data-vc-container=\".vc_tta-container\"><span class=\"vc_tta-title-text\">\u00bfQu\u00e9 tipo de compensaci\u00f3n puede resultar de una reclamaci\u00f3n de la Ley del Lim\u00f3n de Tacoma?<\/span><i class=\"vc_tta-controls-icon vc_tta-controls-icon-plus\"><\/i><\/a><\/h3><\/div><div class=\"vc_tta-panel-body\">\n\t<div class=\"wpb_text_column wpb_content_element\" >\n\t\t<div class=\"wpb_wrapper\">\n\t\t\t<p>Una reclamaci\u00f3n de la ley del lim\u00f3n de Tacoma puede dar lugar a varias formas de compensaci\u00f3n, incluida la recompra al precio de compra. El reembolso financiero de los gastos relacionados que el propietario del veh\u00edculo incurri\u00f3 debido al defecto tambi\u00e9n podr\u00eda ser posible. Cada caso es \u00fanico, pero nuestros abogados de la ley del lim\u00f3n en Tacoma pueden proporcionar m\u00e1s informaci\u00f3n sobre las posibles resoluciones para su situaci\u00f3n espec\u00edfica.<\/p>\n\n\t\t<\/div>\n\t<\/div>\n<\/div><\/div><div class=\"vc_tta-panel\" id=\"1718136773552-00e3c884-8616\" data-vc-content=\".vc_tta-panel-body\"><div class=\"vc_tta-panel-heading\"><h3 class=\"vc_tta-panel-title vc_tta-controls-icon-position-left\"><a href=\"#1718136773552-00e3c884-8616\" data-vc-accordion data-vc-container=\".vc_tta-container\"><span class=\"vc_tta-title-text\">\u00bfQu\u00e9 problemas de los veh\u00edculos cubre la Ley del Lim\u00f3n?<\/span><i class=\"vc_tta-controls-icon vc_tta-controls-icon-plus\"><\/i><\/a><\/h3><\/div><div class=\"vc_tta-panel-body\">\n\t<div class=\"wpb_text_column wpb_content_element\" >\n\t\t<div class=\"wpb_wrapper\">\n\t\t\t<p>Las leyes del lim\u00f3n cubren defectos sustanciales que perjudican significativamente el uso, la seguridad o el valor del veh\u00edculo. Estos pueden incluir, pero no se limitan a, fallos recurrentes del motor, mal funcionamiento de la transmisi\u00f3n y problemas el\u00e9ctricos importantes que no se resuelven despu\u00e9s de m\u00faltiples reparaciones. Las leyes del lim\u00f3n tambi\u00e9n pueden cubrir problemas en la direcci\u00f3n o el sistema de frenado, fallos de software que afecten a la funcionalidad del veh\u00edculo y otros problemas mec\u00e1nicos.<\/p>\n\n\t\t<\/div>\n\t<\/div>\n<\/div><\/div><div class=\"vc_tta-panel\" id=\"1718136792073-91a89b4c-81f3\" data-vc-content=\".vc_tta-panel-body\"><div class=\"vc_tta-panel-heading\"><h3 class=\"vc_tta-panel-title vc_tta-controls-icon-position-left\"><a href=\"#1718136792073-91a89b4c-81f3\" data-vc-accordion data-vc-container=\".vc_tta-container\"><span class=\"vc_tta-title-text\">\u00bfQu\u00e9 tipos de veh\u00edculos cubre la Ley del Lim\u00f3n?<\/span><i class=\"vc_tta-controls-icon vc_tta-controls-icon-plus\"><\/i><\/a><\/h3><\/div><div class=\"vc_tta-panel-body\">\n\t<div class=\"wpb_text_column wpb_content_element\" >\n\t\t<div class=\"wpb_wrapper\">\n\t\t\t<p>La Ley del Lim\u00f3n de Tacoma abarca autos nuevos y seminuevos certificados, camionetas, SUVs, motocicletas, siempre y cuando est\u00e9n cubiertos por una garant\u00eda original o extendida del fabricante. Tenga en cuenta que los veh\u00edculos comprados a un propietario privado no caen bajo la protecci\u00f3n de la ley del lim\u00f3n.<\/p>\n\n\t\t<\/div>\n\t<\/div>\n<\/div><\/div><div class=\"vc_tta-panel\" id=\"1718136819111-8588f9db-0df5\" data-vc-content=\".vc_tta-panel-body\"><div class=\"vc_tta-panel-heading\"><h3 class=\"vc_tta-panel-title vc_tta-controls-icon-position-left\"><a href=\"#1718136819111-8588f9db-0df5\" data-vc-accordion data-vc-container=\".vc_tta-container\"><span class=\"vc_tta-title-text\">\u00bfC\u00f3mo presento una demanda de la Ley del Lim\u00f3n en Tacoma, WA?<\/span><i class=\"vc_tta-controls-icon vc_tta-controls-icon-plus\"><\/i><\/a><\/h3><\/div><div class=\"vc_tta-panel-body\">\n\t<div class=\"wpb_text_column wpb_content_element\" >\n\t\t<div class=\"wpb_wrapper\">\n\t\t\t<p>Para presentar una reclamaci\u00f3n de la ley del lim\u00f3n en Tacoma, documente todos los problemas e intentos de reparaci\u00f3n, y confirme que su veh\u00edculo califica bajo la ley del estado de Washington. Ponerse en contacto con un bufete de abogados de Tacoma puede proporcionar orientaci\u00f3n y representaci\u00f3n para navegar por el proceso de reclamaci\u00f3n con eficacia.<\/p>\n\n\t\t<\/div>\n\t<\/div>\n<\/div><\/div><\/div><\/div><\/div><\/div><\/div><\/div><\/div><div class=\"wpb_column vc_column_container vc_col-sm-1\"><div class=\"vc_column-inner\"><div class=\"wpb_wrapper\"><\/div><\/div><\/div><\/div><\/div><div class=\"vc_row wpb_row fifty-fifty image-right dark2\"><div class=\"container\"><div class=\"nap-col wpb_column vc_column_container vc_col-sm-6\"><div class=\"vc_column-inner\"><div class=\"wpb_wrapper\">\n\t<div class=\"wpb_text_column wpb_content_element  mb0\" >\n\t\t<div class=\"wpb_wrapper\">\n\t\t\t<h3>Lemonlawswa.com por Prestige Legal Solutions, P.C.<\/h3>\n<hr class=\"line fw-line\" \/>\n<h5 style=\"text-align: left;\">DIRECCI\u00d3N<\/h5>\n<p style=\"text-align: left;\"><!-- &#091;business_address&#093; -->701 Fifth Ave. Suite 4200<br \/>\n<a href=\"https:\/\/lemonlawswa.com\/es\/seattle-lemon-law-attorney\/\">Seattle<\/a>Washington 98104<br \/>\n<a href=\"https:\/\/maps.app.goo.gl\/GxVwogAz81AABZmJ7\" target=\"_blank\" rel=\"noopener\">C\u00f3mo llegar<\/a><\/p>\n<h5 style=\"text-align: left;\">TEL\u00c9FONO<\/h5>\n<p style=\"text-align: left;\">Ll\u00e1menos: <a href=\"tel:+18447491481\">(844) 749-1481<\/a><\/p>\n\n\t\t<\/div>\n\t<\/div>\n<\/div><\/div><\/div><div class=\"map-col wpb_column vc_column_container vc_col-sm-6\"><div class=\"vc_column-inner\"><div class=\"wpb_wrapper\"><div class=\"wpb_gmaps_widget wpb_content_element vc_map_responsive mb0 map-element\" >\n\t\t<div class=\"wpb_wrapper\">\n\t\t<div class=\"wpb_map_wraper\">\n\t\t\t<iframe src=\"https:\/\/www.google.com\/maps\/embed?pb=!1m18!1m12!1m3!1d3190.997439029833!2d-122.33332772330034!3d47.60463988811244!2m3!1f0!2f0!3f0!3m2!1i1024!2i768!4f13.1!3m3!1m2!1s0x54906ab0b8e0f233%3A0x4426f70836c72e05!2s701%205th%20Ave%20Suite%204200%2C%20Seattle%2C%20WA%2098104!5e1!3m2!1sen!2sus!4v1735923115168!5m2!1sen!2sus\" width=\"600\" height=\"450\" style=\"border:0;\" allowfullscreen=\"\" loading=\"lazy\" referrerpolicy=\"no-referrer-when-downgrade\"><\/iframe>\t\t<\/div>\n\t<\/div>\n<\/div>\n<\/div><\/div><\/div><\/div><\/div><div class=\"vc_row wpb_row accent1 other-services multi-row manual-products-grid blurb-row\"><div class=\"container\"><div class=\"wpb_column vc_column_container vc_col-sm-12\"><div class=\"vc_column-inner\"><div class=\"wpb_wrapper\">\n\t<div class=\"wpb_text_column wpb_content_element  mb0\" >\n\t\t<div class=\"wpb_wrapper\">\n\t\t\t<h3 style=\"text-align: center;\">Otras \u00e1reas de Washington que servimos<\/h3>\n<hr class=\"line\" \/>\n<p style=\"text-align: center;\">Prestige Legal Solutions se enorgullece de ser el abogado especializado en la ley del lim\u00f3n en el que conf\u00edan los residentes de Tacoma, WA. Tambi\u00e9n servimos a muchas otras ciudades y regiones en todo el estado de Washington.<\/p>\n\n\t\t<\/div>\n\t<\/div>\n<div class=\"vc_row wpb_row vc_inner vc_row-fluid\"><div class=\"wpb_column vc_column_container vc_col-sm-3\"><div class=\"vc_column-inner\"><div class=\"wpb_wrapper\">\n\t<div class=\"wpb_text_column wpb_content_element  vc_custom_1742531517426 mb0-desktop seattle\" >\n\t\t<div class=\"wpb_wrapper\">\n\t\t\t<h3 style=\"text-align: center;\">SEATTLE<\/h3>\n\n\t\t<\/div>\n\t<\/div>\n<\/div><\/div><\/div><div class=\"wpb_column vc_column_container vc_col-sm-3\"><div class=\"vc_column-inner\"><div class=\"wpb_wrapper\">\n\t<div class=\"wpb_text_column wpb_content_element  vc_custom_1742531522419 mb0-desktop tacoma\" >\n\t\t<div class=\"wpb_wrapper\">\n\t\t\t<h3 style=\"text-align: center;\">TACOMA<\/h3>\n\n\t\t<\/div>\n\t<\/div>\n<\/div><\/div><\/div><div class=\"wpb_column vc_column_container vc_col-sm-3\"><div class=\"vc_column-inner\"><div class=\"wpb_wrapper\">\n\t<div class=\"wpb_text_column wpb_content_element  vc_custom_1728685397596 mb0-desktop spokane\" >\n\t\t<div class=\"wpb_wrapper\">\n\t\t\t<h3 style=\"text-align: center;\">SPOKANE<\/h3>\n<p><!--\n\n\n\n\n<p style=\"text-align: center;\"><a class=\"btn-bt default\" href=\"\/cities\/sacramento-lemon-law-attorney\/\">MORE INFO<\/a>\n\n\n\n--><\/p>\n\n\t\t<\/div>\n\t<\/div>\n<\/div><\/div><\/div><div class=\"wpb_column vc_column_container vc_col-sm-3\"><div class=\"vc_column-inner\"><div class=\"wpb_wrapper\">\n\t<div class=\"wpb_text_column wpb_content_element  vc_custom_1728685428380 mb0-desktop van\" >\n\t\t<div class=\"wpb_wrapper\">\n\t\t\t<h3 style=\"text-align: center;\">VANCOUVER<\/h3>\n<p><!--\n\n\n\n\n<p style=\"text-align: center;\"><a class=\"btn-bt default\" href=\"\/cities\/san-francisco-lemon-law-attorney\/\">MORE INFO<\/a>\n\n\n\n--><\/p>\n\n\t\t<\/div>\n\t<\/div>\n<\/div><\/div><\/div><\/div><\/div><\/div><\/div><\/div><\/div><div id=\"8\" class=\"vc_row wpb_row bottom-cta home-bottom-cta add-parallax vc_custom_1731365552425 vc_row-has-fill\"><div class=\"container\"><div class=\"wpb_column vc_column_container vc_col-sm-12\"><div class=\"vc_column-inner\"><div class=\"wpb_wrapper\">\n\t<div class=\"wpb_text_column wpb_content_element\" >\n\t\t<div class=\"wpb_wrapper\">\n\t\t\t<h2 style=\"text-align: center;\">AS\u00d3CIESE CON LOS MEJORES ABOGADOS DE TACOMA ESPECIALIZADOS EN LA LEY DEL LIM\u00d3N<\/h2>\n<p style=\"text-align: center;\">Si usted est\u00e1 luchando con un veh\u00edculo de lim\u00f3n en Tacoma, no lo enfrente solo. P\u00f3ngase en contacto con Prestige Legal Solutions para conectarse con un abogado experto en la ley de lim\u00f3n de Tacoma que navegar\u00e1 su reclamo de manera eficiente y eficaz. Nuestro dedicado equipo est\u00e1 comprometido a asegurar la justicia y la compensaci\u00f3n que usted merece para que pueda seguir adelante con su vida. Ll\u00e1menos hoy al <a href=\"tel:8447491481\">(844) 749-1481<\/a> para una evaluaci\u00f3n completa de su caso y dar el primer paso para resolver sus problemas con la ley del lim\u00f3n con confianza.<\/p>\n\n\t\t<\/div>\n\t<\/div>\n\n\t<div class=\"wpb_raw_code wpb_raw_js\" >\n\t\t<div class=\"wpb_wrapper\">\n\t\t\t<script charset=\"utf-8\" type=\"text\/javascript\" src=\"\/\/js.hsforms.net\/forms\/embed\/v2.js\"><\/script>\n<script>\n  hbspt.forms.create({\n    region: \"na1\",\n    portalId: \"8932302\",\n    formId: \"0843527b-ee7b-48b5-ad10-2f7d3567927b\"\n  });\n<\/script>\n\t\t<\/div>\n\t<\/div>\n<\/div><\/div><\/div><\/div><\/div>\n<\/div>","protected":false},"excerpt":{"rendered":"Evaluaciones de casos gratuitas y sin honorarios hasta que ganemos Como los abogados de la ley del lim\u00f3n de Tacoma m\u00e1s confiables de la regi\u00f3n, Prestige Legal Solutions se dedica a defender los derechos de los consumidores en toda la zona. Nuestra firma aporta a\u00f1os de experiencia especializada, respaldada por un historial de demandas exitosas y un profundo compromiso con la defensa del cliente.... <a class=\"more-link\" href=\"https:\/\/lemonlawswa.com\/es\/tacoma-abogado-de-la-ley-de-limon\/\">Seguir leyendo <span class=\"screen-reader-text\">Tacoma Abogado de la Ley del Lim\u00f3n<\/span><\/a>","protected":false},"author":1,"featured_media":4753,"parent":0,"menu_order":0,"comment_status":"closed","ping_status":"closed","template":"","meta":{"_acf_changed":false,"content-type":"","footnotes":""},"class_list":["post-4780","page","type-page","status-publish","has-post-thumbnail","entry"],"acf":[],"aioseo_notices":[],"_links":{"self":[{"href":"https:\/\/lemonlawswa.com\/es\/wp-json\/wp\/v2\/pages\/4780","targetHints":{"allow":["GET"]}}],"collection":[{"href":"https:\/\/lemonlawswa.com\/es\/wp-json\/wp\/v2\/pages"}],"about":[{"href":"https:\/\/lemonlawswa.com\/es\/wp-json\/wp\/v2\/types\/page"}],"author":[{"embeddable":true,"href":"https:\/\/lemonlawswa.com\/es\/wp-json\/wp\/v2\/users\/1"}],"replies":[{"embeddable":true,"href":"https:\/\/lemonlawswa.com\/es\/wp-json\/wp\/v2\/comments?post=4780"}],"version-history":[{"count":0,"href":"https:\/\/lemonlawswa.com\/es\/wp-json\/wp\/v2\/pages\/4780\/revisions"}],"wp:featuredmedia":[{"embeddable":true,"href":"https:\/\/lemonlawswa.com\/es\/wp-json\/wp\/v2\/media\/4753"}],"wp:attachment":[{"href":"https:\/\/lemonlawswa.com\/es\/wp-json\/wp\/v2\/media?parent=4780"}],"curies":[{"name":"wp","href":"https:\/\/api.w.org\/{rel}","templated":true}]}}