{"id":5487,"date":"2025-01-03T10:05:27","date_gmt":"2025-01-03T18:05:27","guid":{"rendered":"https:\/\/lemonlaws2.vmgagencysites.com\/?page_id=5487"},"modified":"2025-08-20T08:46:22","modified_gmt":"2025-08-20T15:46:22","slug":"gracias-hs","status":"publish","type":"page","link":"https:\/\/lemonlawswa.com\/es\/gracias-hs\/","title":{"rendered":"Gracias"},"content":{"rendered":"<div class=\"wpb-content-wrapper\"><div class=\"vc_row wpb_row please-expect blurb-row\"><div class=\"container\"><div class=\"vertical-align wpb_column vc_column_container vc_col-sm-6\"><div class=\"vc_column-inner\"><div class=\"wpb_wrapper\">\n\t<div class=\"wpb_text_column wpb_content_element  vc_custom_1734115030224 mb0-desktop\" >\n\t\t<div class=\"wpb_wrapper\">\n\t\t\t<h2 style=\"margin-bottom: 18px;\">Uno de nuestros especialistas se pondr\u00e1 en contacto con usted en breve.<\/h2>\n<p style=\"font-size: 20px !important; line-height: 30px;\">Para hablar con un miembro de <a href=\"https:\/\/lemonlawswa.com\/es\/abogados\/\">nuestro equipo<\/a> inmediatamente, llame al <a href=\"tel:8446612669\">(844) 661-2669<\/a>. Nuestro equipo est\u00e1 disponible de lunes a domingo de 8:00 AM a 8:00 PM PST para atender su llamada.<\/p>\n\n\t\t<\/div>\n\t<\/div>\n<\/div><\/div><\/div><div class=\"wpb_column vc_column_container vc_col-sm-6\"><div class=\"vc_column-inner\"><div class=\"wpb_wrapper\">\n\t<div class=\"wpb_text_column wpb_content_element  mb0\" >\n\t\t<div class=\"wpb_wrapper\">\n\t\t\t<p><img loading=\"lazy\" decoding=\"async\" class=\"aligncenter wp-image-5111\" src=\"https:\/\/lemonlawswa.com\/wp-content\/uploads\/2024\/12\/clip-art-of-handing-keys-to-someone-with-a-car-in-the-background.webp\" alt=\"\" width=\"350\" height=\"391\" srcset=\"https:\/\/lemonlawswa.com\/wp-content\/uploads\/2024\/12\/clip-art-of-handing-keys-to-someone-with-a-car-in-the-background.webp 500w, https:\/\/lemonlawswa.com\/wp-content\/uploads\/2024\/12\/clip-art-of-handing-keys-to-someone-with-a-car-in-the-background-268x300.webp 268w, https:\/\/lemonlawswa.com\/wp-content\/uploads\/2024\/12\/clip-art-of-handing-keys-to-someone-with-a-car-in-the-background-11x12.webp 11w\" sizes=\"auto, (max-width: 350px) 100vw, 350px\" \/><\/p>\n\n\t\t<\/div>\n\t<\/div>\n<\/div><\/div><\/div><\/div><\/div><div class=\"vc_row wpb_row video-learn-more dark1 vc_custom_1734126519284 vc_row-has-fill\"><div class=\"container\"><div class=\"vertical-align wpb_column vc_column_container vc_col-sm-12\"><div class=\"vc_column-inner\"><div class=\"wpb_wrapper\">\n\t<div class=\"wpb_text_column wpb_content_element  mb0\" >\n\t\t<div class=\"wpb_wrapper\">\n\t\t\t<h2 style=\"margin-bottom: 18px; text-align: center;\">M\u00e1s informaci\u00f3n sobre la Ley Lim\u00f3n<\/h2>\n<p style=\"text-align: center;\">\u00bfEst\u00e1 buscando detalles sobre la Ley Lim\u00f3n estatal y federal, resultados de casos y m\u00e1s? Prestige Legal Solutions ha creado una amplia selecci\u00f3n de recursos de la Ley Lim\u00f3n, incluyendo nuestra <a href=\"\/es\/faq-preguntas\/\">Preguntas frecuentes sobre la Ley Lim\u00f3n<\/a>para ayudarle a conocer mejor sus derechos como consumidor.<\/p>\n<p style=\"text-align: center;\">En Prestige Legal Solutions, ofrecemos evaluaciones gratuitas de casos y no cobramos honorarios a menos que ganemos su caso, lo que garantiza que tenga acceso a la justicia con un riesgo m\u00ednimo. Por lo tanto, si necesita m\u00e1s informaci\u00f3n, puede ponerse en contacto con nuestro equipo de expertos en cualquier momento.<\/p>\n\n\t\t<\/div>\n\t<\/div>\n<div class=\"vc_row wpb_row vc_inner vc_row-fluid vc_custom_1734371192994\"><div class=\"wpb_column vc_column_container vc_col-sm-4\"><div class=\"vc_column-inner\"><div class=\"wpb_wrapper\">\n\t<div class=\"wpb_video_widget wpb_content_element vc_clearfix   vc_custom_1731015777651 vc_video-aspect-ratio-169 vc_video-el-width-90 vc_video-align-center\" >\n\t\t<div class=\"wpb_wrapper\">\n\t\t\t\n\t\t\t<div class=\"wpb_video_wrapper\"><iframe loading=\"lazy\" title=\"\u00bfCuanto tiempo tarda un caso de ley lim\u00f3n?\" width=\"750\" height=\"422\" src=\"https:\/\/www.youtube.com\/embed\/Bp8WiZQYbZ4?feature=oembed\" frameborder=\"0\" allow=\"accelerometer; autoplay; clipboard-write; encrypted-media; gyroscope; picture-in-picture; web-share\" referrerpolicy=\"strict-origin-when-cross-origin\" allowfullscreen><\/iframe><\/div>\n\t\t<\/div>\n\t<\/div>\n<\/div><\/div><\/div><div class=\"wpb_column vc_column_container vc_col-sm-4\"><div class=\"vc_column-inner\"><div class=\"wpb_wrapper\">\n\t<div class=\"wpb_video_widget wpb_content_element vc_clearfix   vc_custom_1731015788131 vc_video-aspect-ratio-169 vc_video-el-width-90 vc_video-align-center\" >\n\t\t<div class=\"wpb_wrapper\">\n\t\t\t\n\t\t\t<div class=\"wpb_video_wrapper\"><iframe loading=\"lazy\" title=\"\u00bfQu\u00e9 tipos de problemas cubre la ley lim\u00f3n?\" width=\"750\" height=\"422\" src=\"https:\/\/www.youtube.com\/embed\/a_o0VysZgxE?feature=oembed\" frameborder=\"0\" allow=\"accelerometer; autoplay; clipboard-write; encrypted-media; gyroscope; picture-in-picture; web-share\" referrerpolicy=\"strict-origin-when-cross-origin\" allowfullscreen><\/iframe><\/div>\n\t\t<\/div>\n\t<\/div>\n<\/div><\/div><\/div><div class=\"wpb_column vc_column_container vc_col-sm-4\"><div class=\"vc_column-inner\"><div class=\"wpb_wrapper\">\n\t<div class=\"wpb_video_widget wpb_content_element vc_clearfix   vc_custom_1731015797465 vc_video-aspect-ratio-169 vc_video-el-width-90 vc_video-align-center\" >\n\t\t<div class=\"wpb_wrapper\">\n\t\t\t\n\t\t\t<div class=\"wpb_video_wrapper\"><iframe loading=\"lazy\" title=\"\u00bfCuanto cuesta contratar a un abogado de ley lim\u00f3n?\" width=\"750\" height=\"422\" src=\"https:\/\/www.youtube.com\/embed\/_qlDsenDqKA?feature=oembed\" frameborder=\"0\" allow=\"accelerometer; autoplay; clipboard-write; encrypted-media; gyroscope; picture-in-picture; web-share\" referrerpolicy=\"strict-origin-when-cross-origin\" allowfullscreen><\/iframe><\/div>\n\t\t<\/div>\n\t<\/div>\n<\/div><\/div><\/div><\/div><div class=\"vc_row wpb_row vc_inner vc_row-fluid vc_custom_1734371082107\"><div class=\"wpb_column vc_column_container vc_col-sm-6\"><div class=\"vc_column-inner\"><div class=\"wpb_wrapper\">\n\t<div class=\"wpb_video_widget wpb_content_element vc_clearfix   vc_video-aspect-ratio-169 vc_video-el-width-90 vc_video-align-center\" >\n\t\t<div class=\"wpb_wrapper\">\n\t\t\t\n\t\t\t<div class=\"wpb_video_wrapper\"><iframe loading=\"lazy\" title=\"\u00bfQu\u00e9 califica a un veh\u00edculo como un lim\u00f3n?\" width=\"750\" height=\"422\" src=\"https:\/\/www.youtube.com\/embed\/EE9AqeA8c7A?feature=oembed\" frameborder=\"0\" allow=\"accelerometer; autoplay; clipboard-write; encrypted-media; gyroscope; picture-in-picture; web-share\" referrerpolicy=\"strict-origin-when-cross-origin\" allowfullscreen><\/iframe><\/div>\n\t\t<\/div>\n\t<\/div>\n<\/div><\/div><\/div><div class=\"wpb_column vc_column_container vc_col-sm-6\"><div class=\"vc_column-inner\"><div class=\"wpb_wrapper\">\n\t<div class=\"wpb_video_widget wpb_content_element vc_clearfix   vc_video-aspect-ratio-169 vc_video-el-width-90 vc_video-align-center\" >\n\t\t<div class=\"wpb_wrapper\">\n\t\t\t\n\t\t\t<div class=\"wpb_video_wrapper\"><iframe loading=\"lazy\" title=\"\u00bfQu\u00e9 es la ley lim\u00f3n?\" width=\"750\" height=\"422\" src=\"https:\/\/www.youtube.com\/embed\/ZTh-Xw8PC_M?feature=oembed\" frameborder=\"0\" allow=\"accelerometer; autoplay; clipboard-write; encrypted-media; gyroscope; picture-in-picture; web-share\" referrerpolicy=\"strict-origin-when-cross-origin\" allowfullscreen><\/iframe><\/div>\n\t\t<\/div>\n\t<\/div>\n<\/div><\/div><\/div><\/div><\/div><\/div><\/div><\/div><\/div><div class=\"vc_row wpb_row meet-our-team light1\"><div class=\"container\"><div class=\"wpb_column vc_column_container vc_col-sm-12\"><div class=\"vc_column-inner\"><div class=\"wpb_wrapper\">\n\t<div class=\"wpb_text_column wpb_content_element  mb0\" >\n\t\t<div class=\"wpb_wrapper\">\n\t\t\t<h2 style=\"text-align: center;\">Conoce a nuestro equipo<\/h2>\n\n\t\t<\/div>\n\t<\/div>\n<!-- vc_grid start -->\n<div class=\"vc_grid-container-wrapper vc_clearfix\" >\n\t<div class=\"vc_grid-container vc_clearfix wpb_content_element vc_basic_grid mb0\" data-initial-loading-animation=\"none\" data-vc-grid-settings=\"{&quot;page_id&quot;:5487,&quot;style&quot;:&quot;pagination&quot;,&quot;action&quot;:&quot;vc_get_vc_grid_data&quot;,&quot;shortcode_id&quot;:&quot;1734546154105-46c2ade0-1702-4&quot;,&quot;items_per_page&quot;:&quot;4&quot;,&quot;auto_play&quot;:true,&quot;gap&quot;:35,&quot;speed&quot;:4000,&quot;loop&quot;:&quot;yes&quot;,&quot;animation_in&quot;:&quot;&quot;,&quot;animation_out&quot;:&quot;&quot;,&quot;arrows_design&quot;:&quot;none&quot;,&quot;arrows_color&quot;:&quot;blue&quot;,&quot;arrows_position&quot;:&quot;inside&quot;,&quot;paging_design&quot;:&quot;point_dots&quot;,&quot;paging_color&quot;:&quot;blue&quot;,&quot;tag&quot;:&quot;vc_basic_grid&quot;}\" data-vc-request=\"https:\/\/lemonlawswa.com\/wp-admin\/admin-ajax.php\" data-vc-post-id=\"5487\" data-vc-public-nonce=\"33a00977db\">\n\t<\/div>\n<\/div><!-- vc_grid end -->\n<\/div><\/div><\/div><\/div><\/div><div class=\"vc_row wpb_row five-steps\"><div class=\"container\"><div class=\"wpb_column vc_column_container vc_col-sm-12\"><div class=\"vc_column-inner\"><div class=\"wpb_wrapper\">\n\t<div class=\"wpb_text_column wpb_content_element  mb0\" >\n\t\t<div class=\"wpb_wrapper\">\n\t\t\t<p><img loading=\"lazy\" decoding=\"async\" class=\"aligncenter size-full wp-image-5116\" src=\"\/wp-content\/uploads\/2024\/12\/five-easy-steps-screenshot.png\" alt=\"\" width=\"1680\" height=\"665\" srcset=\"https:\/\/lemonlawswa.com\/wp-content\/uploads\/2024\/12\/five-easy-steps-screenshot.png 1680w, https:\/\/lemonlawswa.com\/wp-content\/uploads\/2024\/12\/five-easy-steps-screenshot-300x119.png 300w, https:\/\/lemonlawswa.com\/wp-content\/uploads\/2024\/12\/five-easy-steps-screenshot-1024x405.png 1024w, https:\/\/lemonlawswa.com\/wp-content\/uploads\/2024\/12\/five-easy-steps-screenshot-768x304.png 768w, https:\/\/lemonlawswa.com\/wp-content\/uploads\/2024\/12\/five-easy-steps-screenshot-1536x608.png 1536w, https:\/\/lemonlawswa.com\/wp-content\/uploads\/2024\/12\/five-easy-steps-screenshot-18x7.png 18w, https:\/\/lemonlawswa.com\/wp-content\/uploads\/2024\/12\/five-easy-steps-screenshot-1568x621.png 1568w\" sizes=\"auto, (max-width: 1680px) 100vw, 1680px\" \/><\/p>\n\n\t\t<\/div>\n\t<\/div>\n<\/div><\/div><\/div><\/div><\/div><div class=\"vc_row wpb_row reviews light1\"><div class=\"container\"><div class=\"wpb_column vc_column_container vc_col-sm-12\"><div class=\"vc_column-inner\"><div class=\"wpb_wrapper\">\n\t<div class=\"wpb_text_column wpb_content_element  mb0\" >\n\t\t<div class=\"wpb_wrapper\">\n\t\t\t<h2 style=\"text-align: center;\">Vea lo que dicen nuestros clientes<\/h2>\n<hr \/>\n<p style=\"text-align: center;\">[testimonial_view id=\"4\u2033]<\/p>\n\n\t\t<\/div>\n\t<\/div>\n<\/div><\/div><\/div><\/div><\/div><div class=\"vc_row wpb_row follow-us accent1 vc_custom_1734121515844 vc_row-has-fill\"><div class=\"container\"><div class=\"wpb_column vc_column_container vc_col-sm-12\"><div class=\"vc_column-inner\"><div class=\"wpb_wrapper\">\n\t<div class=\"wpb_text_column wpb_content_element  mb0\" >\n\t\t<div class=\"wpb_wrapper\">\n\t\t\t<h2 style=\"text-align: center;\">S\u00edganos en l\u00ednea<\/h2>\n<p style=\"text-align: center;\">\n\t<link href=\"https:\/\/lemonlawswa.com\/wp-content\/themes\/vds\/fa\/fa_6.4.2\/css\/fontawesome.css\" rel=\"stylesheet\">\n\t<link href=\"https:\/\/lemonlawswa.com\/wp-content\/themes\/vds\/fa\/fa_6.4.2\/css\/brands.css\" rel=\"stylesheet\">\n\t<style>\n\t\/* Give tiktok the same styles that fontello inherits - not the same square shape without this *\/\n\t.fab.fa-tiktok:before,\n\t.fab.fa-google:before,\n\t.fa-brands.fa-x-twitter:before,\n\t.fa-brands.fa-instagram:before {\n\t\t\/* font-family: \"fontello\"; *\/\n\t\tfont-style: normal;\n\t\tfont-weight: normal;\n\t\tspeak: never;\n\t\tdisplay: inline-block;\n\t\ttext-decoration: inherit;\n\t\twidth: 1em;\n\t\tmargin-right: 0.2em;\n\t\ttext-align: center;\n\t\t\/* opacity: .8; *\/\n\t\tfont-variant: normal;\n\t\ttext-transform: none;\n\t\tline-height: 1em;\n\t\tmargin-left: 0.2em;\n\t\t\/* font-size: 120%; *\/\n\t\t-webkit-font-smoothing: antialiased;\n\t\t-moz-osx-font-smoothing: grayscale;\n\t\t\/* text-shadow: 1px 1px 1px rgba(127, 127, 127, 0.3); *\/\n\t}\n\t<\/style>\n\n<ul class=\"social top-widget-socials\">\n\t\t\t<li>\n\t\t\t<!-- <a target=\"_blank\" href=\"\" aria-label=\"Facebook Link\"><i class=\"fab fa-facebook-f\" aria-hidden=\"true\"><\/i><\/a> -->\n\t\t\t<a target=\"_blank\" href=\"https:\/\/www.facebook.com\/plsfirm\/\" aria-label=\"Enlace Facebook\"><i class=\"icon-facebook\" aria-hidden=\"true\"><\/i><\/a>\n\t\t<\/li>\n\t\t\t\t\t<li>\n\t\t\t<!-- <a target=\"_blank\" href=\"\" aria-label=\"Instagram Link\"><i class=\"icon-instagram\" aria-hidden=\"true\"><\/i><\/a> -->\n\t\t\t<a target=\"_blank\" href=\"https:\/\/www.instagram.com\/lemonlawswa\/\" aria-label=\"Enlace Instagram\"><i class=\"fa-brands fa-instagram\"><\/i><\/a>\n\t\t<\/li>\n\t\t\t\t\t\t<li>\n\t\t\t<a target=\"_blank\" href=\"https:\/\/www.linkedin.com\/company\/plsfirm\" aria-label=\"Enlace LinkedIn\"><i class=\"icon-linkedin\" aria-hidden=\"true\"><\/i><\/a>\n\t\t<\/li>\n\t\t\t\t\t\t\t<\/ul><\/p>\n\n\t\t<\/div>\n\t<\/div>\n<\/div><\/div><\/div><\/div><\/div><div class=\"vc_row wpb_row bottom-cta home-bottom-cta add-parallax vc_custom_1734127817091 vc_row-has-fill\"><div class=\"container\"><div class=\"wpb_column vc_column_container vc_col-sm-12\"><div class=\"vc_column-inner\"><div class=\"wpb_wrapper\">\n\t<div class=\"wpb_text_column wpb_content_element\" >\n\t\t<div class=\"wpb_wrapper\">\n\t\t\t<h2 style=\"text-align: center;\">\u00bfSAB\u00cdA QUE TAMBI\u00c9N EJERCEMOS EL DERECHO LABORAL?<\/h2>\n<p style=\"text-align: center;\"><a class=\"btn-bt default\" title=\"Derecho laboral\" href=\"https:\/\/plsemploymentlaws.com\/\" target=\"_blank\" rel=\"noopener\">M\u00c1S INFO<\/a><\/p>\n\n\t\t<\/div>\n\t<\/div>\n<\/div><\/div><\/div><\/div><\/div>\n<\/div>","protected":false},"excerpt":{"rendered":"Por favor, espere que uno de nuestros especialistas se ponga en contacto con usted en breve. Para hablar con un miembro de nuestro equipo inmediatamente, llame al (844) 661-2669. Nuestro equipo est\u00e1 disponible de lunes a domingo de 8:00 AM a 8:00 PM PST para tomar su llamada. Aprenda m\u00e1s acerca de la Ley del Lim\u00f3n \u00bfEst\u00e1 buscando detalles sobre el estado ... <a class=\"more-link\" href=\"https:\/\/lemonlawswa.com\/es\/gracias-hs\/\">Seguir leyendo <span class=\"screen-reader-text\">Gracias<\/span><\/a>","protected":false},"author":1,"featured_media":0,"parent":0,"menu_order":0,"comment_status":"closed","ping_status":"closed","template":"","meta":{"_acf_changed":false,"content-type":"","footnotes":""},"class_list":["post-5487","page","type-page","status-publish","entry"],"acf":[],"aioseo_notices":[],"_links":{"self":[{"href":"https:\/\/lemonlawswa.com\/es\/wp-json\/wp\/v2\/pages\/5487","targetHints":{"allow":["GET"]}}],"collection":[{"href":"https:\/\/lemonlawswa.com\/es\/wp-json\/wp\/v2\/pages"}],"about":[{"href":"https:\/\/lemonlawswa.com\/es\/wp-json\/wp\/v2\/types\/page"}],"author":[{"embeddable":true,"href":"https:\/\/lemonlawswa.com\/es\/wp-json\/wp\/v2\/users\/1"}],"replies":[{"embeddable":true,"href":"https:\/\/lemonlawswa.com\/es\/wp-json\/wp\/v2\/comments?post=5487"}],"version-history":[{"count":0,"href":"https:\/\/lemonlawswa.com\/es\/wp-json\/wp\/v2\/pages\/5487\/revisions"}],"wp:attachment":[{"href":"https:\/\/lemonlawswa.com\/es\/wp-json\/wp\/v2\/media?parent=5487"}],"curies":[{"name":"wp","href":"https:\/\/api.w.org\/{rel}","templated":true}]}}