{"id":6515,"date":"2025-05-13T12:53:43","date_gmt":"2025-05-13T19:53:43","guid":{"rendered":"https:\/\/lemonlawswa.com\/?page_id=6515"},"modified":"2025-08-22T10:19:08","modified_gmt":"2025-08-22T17:19:08","slug":"george-stanley-esq","status":"publish","type":"page","link":"https:\/\/lemonlawswa.com\/es\/george-stanley-esq\/","title":{"rendered":"George Stanley"},"content":{"rendered":"<div class=\"wpb-content-wrapper\"><div class=\"vc_row wpb_row cta-row dark1\"><div class=\"container\"><div class=\"wpb_column vc_column_container vc_col-sm-12\"><div class=\"vc_column-inner\"><div class=\"wpb_wrapper\">\n\t<div class=\"wpb_text_column wpb_content_element  mb0\" >\n\t\t<div class=\"wpb_wrapper\">\n\t\t\t<h3>Evaluamos su caso gratis y sin honorarios<\/h3>\n<!-- HFCM by 99 Robots - Snippet # 19: National &quot;See if You Qualify&quot; Button (EN+ES) -->\n<div data-tf-live=\"01JBG22RY7ZCB9RBCRJJWE8MPA\"><\/div><script src=\"\/\/embed.typeform.com\/next\/embed.js\"><\/script>\n<!-- \/end HFCM by 99 Robots -->\n\n\n\t\t<\/div>\n\t<\/div>\n<\/div><\/div><\/div><\/div><\/div><div class=\"vc_row wpb_row fifty-fifty image-left light11 individual-lawyer\"><div class=\"container\"><div class=\"wpb_column vc_column_container vc_col-sm-6 vc_col-has-fill\"><div class=\"vc_column-inner vc_custom_1749858475321\"><div class=\"wpb_wrapper\">\n\t<div class=\"wpb_text_column wpb_content_element\" >\n\t\t<div class=\"wpb_wrapper\">\n\t\t\t<p><img loading=\"lazy\" decoding=\"async\" class=\"aligncenter size-full wp-image-6567\" src=\"https:\/\/lemonlawswa.com\/wp-content\/uploads\/2025\/06\/George_Stanley_0011_2-e1750106653744.jpg\" alt=\"\" width=\"1920\" height=\"1920\" srcset=\"https:\/\/lemonlawswa.com\/wp-content\/uploads\/2025\/06\/George_Stanley_0011_2-e1750106653744.jpg 1920w, https:\/\/lemonlawswa.com\/wp-content\/uploads\/2025\/06\/George_Stanley_0011_2-e1750106653744-300x300.jpg 300w, https:\/\/lemonlawswa.com\/wp-content\/uploads\/2025\/06\/George_Stanley_0011_2-e1750106653744-1024x1024.jpg 1024w, https:\/\/lemonlawswa.com\/wp-content\/uploads\/2025\/06\/George_Stanley_0011_2-e1750106653744-150x150.jpg 150w, https:\/\/lemonlawswa.com\/wp-content\/uploads\/2025\/06\/George_Stanley_0011_2-e1750106653744-768x768.jpg 768w, https:\/\/lemonlawswa.com\/wp-content\/uploads\/2025\/06\/George_Stanley_0011_2-e1750106653744-1536x1536.jpg 1536w, https:\/\/lemonlawswa.com\/wp-content\/uploads\/2025\/06\/George_Stanley_0011_2-e1750106653744-12x12.jpg 12w, https:\/\/lemonlawswa.com\/wp-content\/uploads\/2025\/06\/George_Stanley_0011_2-e1750106653744-1568x1568.jpg 1568w, https:\/\/lemonlawswa.com\/wp-content\/uploads\/2025\/06\/George_Stanley_0011_2-e1750106653744-400x400.jpg 400w, https:\/\/lemonlawswa.com\/wp-content\/uploads\/2025\/06\/George_Stanley_0011_2-e1750106653744-600x600.jpg 600w\" sizes=\"auto, (max-width: 1920px) 100vw, 1920px\" \/><\/p>\n\n\t\t<\/div>\n\t<\/div>\n<\/div><\/div><\/div><div class=\"wpb_column vc_column_container vc_col-sm-6\"><div class=\"vc_column-inner vc_custom_1728506738064\"><div class=\"wpb_wrapper\">\n\t<div class=\"wpb_text_column wpb_content_element  mb0\" >\n\t\t<div class=\"wpb_wrapper\">\n\t\t\t<h4 style=\"text-align: left;\">George Stanley, Esq.<\/h4>\n<hr class=\"line fw-line\" \/>\n<p>George Stanley es un abogado asociado en Prestige Legal Solutions, P.C., donde representa a los consumidores de Washington en disputas de la ley del lim\u00f3n bajo la Ley de Garant\u00eda de Veh\u00edculos Motorizados de Washington (RCW 19.118) y la Ley de Garant\u00eda Magnuson-Moss. Con experiencia previa en litigios sobre garant\u00edas en ambas costas, George aporta un enfoque estrat\u00e9gico y detallista a cada reclamaci\u00f3n. Su experiencia incluye haber trabajado en firmas contables globales como PwC, Deloitte y Grant Thornton, lo que le proporciona una amplia perspectiva anal\u00edtica en asuntos legales complejos. En Prestige Legal Solutions, George se compromete a responsabilizar a los fabricantes y a ayudar a los clientes a resolver sus casos de defectos en veh\u00edculos de manera eficiente y eficaz.<\/p>\n<p>ADMISIONES<\/p>\n<ul>\n<li><a href=\"https:\/\/www.mywsba.org\/PersonifyEbusiness\/LegalDirectory\/LegalProfile.aspx?Usr_ID=000000053983\">Colegio de Abogados del Estado de Washington #53983<\/a><\/li>\n<li><a href=\"https:\/\/www.courts.wa.gov\/\" target=\"_blank\" rel=\"noopener\">Tribunales del Estado de Washington<\/a><\/li>\n<li><a href=\"https:\/\/www.njcourts.gov\/\">Colegio de Abogados del Estado de Nueva Jersey #282092018<\/a><\/li>\n<li><a href=\"https:\/\/www.njcourts.gov\/\">Tribunales del Estado de Nueva Jersey<\/a><\/li>\n<\/ul>\n<p>EDUCACI\u00d3N<\/p>\n<ul>\n<li><a href=\"https:\/\/www.washington.edu\/\">Universidad de Washington<\/a><\/li>\n<li><a href=\"https:\/\/law.seattleu.edu\/\" target=\"_blank\" rel=\"noopener\">Facultad de Derecho de la Universidad de Seattle<\/a><\/li>\n<\/ul>\n\n\t\t<\/div>\n\t<\/div>\n<\/div><\/div><\/div><\/div><\/div><div class=\"vc_row wpb_row cta-row dark1\"><div class=\"container\"><div class=\"wpb_column vc_column_container vc_col-sm-12\"><div class=\"vc_column-inner\"><div class=\"wpb_wrapper\">\n\t<div class=\"wpb_text_column wpb_content_element  mb0\" >\n\t\t<div class=\"wpb_wrapper\">\n\t\t\t<h3>\u00bfEs su VEH\u00cdCULO un \"lim\u00f3n\"? \u00a1Aver\u00edg\u00fcelo ahora!<\/h3>\n<!-- HFCM by 99 Robots - Snippet # 19: National &quot;See if You Qualify&quot; Button (EN+ES) -->\n<div data-tf-live=\"01JBG22RY7ZCB9RBCRJJWE8MPA\"><\/div><script src=\"\/\/embed.typeform.com\/next\/embed.js\"><\/script>\n<!-- \/end HFCM by 99 Robots -->\n\n\n\t\t<\/div>\n\t<\/div>\n<\/div><\/div><\/div><\/div><\/div><div class=\"vc_row wpb_row bottom-cta home-bottom-cta add-parallax vc_custom_1718042544393 vc_row-has-fill\"><div class=\"container\"><div class=\"wpb_column vc_column_container vc_col-sm-12\"><div class=\"vc_column-inner\"><div class=\"wpb_wrapper\">\n\t<div class=\"wpb_text_column wpb_content_element\" >\n\t\t<div class=\"wpb_wrapper\">\n\t\t\t<h2 style=\"text-align: center;\">CONTACTE HOY MISMO CON NUESTROS ABOGADOS ESPECIALIZADOS EN LA LEY LIM\u00d3N<\/h2>\n<p style=\"text-align: center;\">Si usted est\u00e1 enfrentando problemas con un coche de lim\u00f3n, la b\u00fasqueda de ayuda legal de abogados con experiencia especializados en la ley federal y estatal de lim\u00f3n es importante. Nuestro equipo de la ley del lim\u00f3n en Prestige Legal est\u00e1 aqu\u00ed para ayudarle a navegar el complejo proceso legal y asegurar que reciba la compensaci\u00f3n y la justicia que se merece. P\u00f3ngase en contacto con nosotros hoy para programar una consulta y discutir su caso con nuestros abogados expertos en la ley del lim\u00f3n.<\/p>\n\n\t\t<\/div>\n\t<\/div>\n\n\t<div class=\"wpb_raw_code wpb_raw_js\" >\n\t\t<div class=\"wpb_wrapper\">\n\t\t\t<script charset=\"utf-8\" type=\"text\/javascript\" src=\"\/\/js.hsforms.net\/forms\/embed\/v2.js\"><\/script>\n<script>\n  hbspt.forms.create({\n    region: \"na1\",\n    portalId: \"8932302\",\n    formId: \"0843527b-ee7b-48b5-ad10-2f7d3567927b\"\n  });\n<\/script>\n\t\t<\/div>\n\t<\/div>\n<\/div><\/div><\/div><\/div><\/div>\n<\/div>","protected":false},"excerpt":{"rendered":"Evaluaciones de casos gratuitas y sin honorarios hasta que ganemos George Stanley, Esq. George Stanley es un abogado asociado en Prestige Legal Solutions, P.C., donde representa a los consumidores de Washington en disputas de la ley del lim\u00f3n bajo la Ley de Garant\u00eda de Veh\u00edculos Motorizados de Washington (RCW 19.118) y la Ley de Garant\u00eda Magnuson-Moss. Con experiencia previa en litigios de garant\u00eda en ambas costas,... <a class=\"more-link\" href=\"https:\/\/lemonlawswa.com\/es\/george-stanley-esq\/\">Seguir leyendo <span class=\"screen-reader-text\">George Stanley<\/span><\/a>","protected":false},"author":1,"featured_media":6567,"parent":0,"menu_order":0,"comment_status":"closed","ping_status":"closed","template":"","meta":{"_acf_changed":false,"content-type":"","footnotes":""},"class_list":["post-6515","page","type-page","status-publish","has-post-thumbnail","entry"],"acf":[],"aioseo_notices":[],"_links":{"self":[{"href":"https:\/\/lemonlawswa.com\/es\/wp-json\/wp\/v2\/pages\/6515","targetHints":{"allow":["GET"]}}],"collection":[{"href":"https:\/\/lemonlawswa.com\/es\/wp-json\/wp\/v2\/pages"}],"about":[{"href":"https:\/\/lemonlawswa.com\/es\/wp-json\/wp\/v2\/types\/page"}],"author":[{"embeddable":true,"href":"https:\/\/lemonlawswa.com\/es\/wp-json\/wp\/v2\/users\/1"}],"replies":[{"embeddable":true,"href":"https:\/\/lemonlawswa.com\/es\/wp-json\/wp\/v2\/comments?post=6515"}],"version-history":[{"count":0,"href":"https:\/\/lemonlawswa.com\/es\/wp-json\/wp\/v2\/pages\/6515\/revisions"}],"wp:featuredmedia":[{"embeddable":true,"href":"https:\/\/lemonlawswa.com\/es\/wp-json\/wp\/v2\/media\/6567"}],"wp:attachment":[{"href":"https:\/\/lemonlawswa.com\/es\/wp-json\/wp\/v2\/media?parent=6515"}],"curies":[{"name":"wp","href":"https:\/\/api.w.org\/{rel}","templated":true}]}}