{"id":6638,"date":"2025-08-28T15:27:45","date_gmt":"2025-08-28T22:27:45","guid":{"rendered":"https:\/\/lemonlawswa.com\/?page_id=6638"},"modified":"2025-08-28T15:30:02","modified_gmt":"2025-08-28T22:30:02","slug":"spokane-abogado-de-la-ley-de-limon","status":"publish","type":"page","link":"https:\/\/lemonlawswa.com\/es\/spokane-abogado-de-la-ley-de-limon\/","title":{"rendered":"Spokane Ley del Lim\u00f3n Abogado"},"content":{"rendered":"<div class=\"wpb-content-wrapper\"><div class=\"vc_row wpb_row cta-row dark1\"><div class=\"container\"><div class=\"wpb_column vc_column_container vc_col-sm-12\"><div class=\"vc_column-inner\"><div class=\"wpb_wrapper\">\n\t<div class=\"wpb_text_column wpb_content_element  mb0\" >\n\t\t<div class=\"wpb_wrapper\">\n\t\t\t<h3>Evaluamos su caso gratis y sin honorarios<\/h3>\n<!-- HFCM by 99 Robots - Snippet # 18: WA &quot;See if You Qualify&quot; Button (EN+ES) -->\n<div data-tf-live=\"01JBG22RY7ZCB9RBCRJJWE8MPA\"><\/div><script src=\"\/\/embed.typeform.com\/next\/embed.js\"><\/script>\n<!-- \/end HFCM by 99 Robots -->\n\n\n\t\t<\/div>\n\t<\/div>\n<\/div><\/div><\/div><\/div><\/div><div class=\"vc_row wpb_row table-of-content-row\"><div class=\"container\"><div class=\"wpb_column vc_column_container vc_col-sm-6\"><div class=\"vc_column-inner\"><div class=\"wpb_wrapper\">\n\t<div class=\"wpb_text_column wpb_content_element\" >\n\t\t<div class=\"wpb_wrapper\">\n\t\t\t<p>Si usted ha comprado o alquilado un veh\u00edculo en Spokane que sigue rompiendo, usted puede tener opciones legales bajo la Ley del Lim\u00f3n de Washington.<\/p>\n<p>En Prestige Legal Solutions, nuestros abogados de la ley del lim\u00f3n de Spokane tienen d\u00e9cadas de experiencia ayudando a los residentes a recuperar millones en reembolsos, reemplazos y compensaciones. Entendemos la frustraci\u00f3n de lidiar con problemas persistentes de autom\u00f3viles y sabemos c\u00f3mo navegar por los concesionarios y fabricantes para proteger sus derechos.<\/p>\n<p>Con una trayectoria probada y un profundo conocimiento de la legislaci\u00f3n de Washington, <a href=\"https:\/\/lemonlawswa.com\/es\/preguntas-frecuentes-sobre-la-ley-del-limon\/\">proporcionamos orientaci\u00f3n clara y conocimientos especializados<\/a> para que pueda resolver los problemas de su coche lim\u00f3n con eficacia y confianza.<\/p>\n<p><a class=\"btn-bt alternate\" title=\"Acerca de nuestro bufete de abogados de lim\u00f3n\" href=\"\/es\/acerca-de\/\">SOBRE NUESTRO BUFETE<\/a><\/p>\n\n\t\t<\/div>\n\t<\/div>\n<\/div><\/div><\/div><div class=\"accent1 table-of-contents wpb_column vc_column_container vc_col-sm-6 vc_col-has-fill\"><div class=\"vc_column-inner vc_custom_1718206463659\"><div class=\"wpb_wrapper\">\n\t<div class=\"wpb_text_column wpb_content_element\" >\n\t\t<div class=\"wpb_wrapper\">\n\t\t\t<h5>\u00cdNDICE<\/h5>\n<hr class=\"line fw-line\">\n<ul class=\"table-of-contents\">\n<li><a href=\"#1\">El proceso de los casos de la Ley del Lim\u00f3n en Spokane<br \/>\n<\/a><\/li>\n<li><a href=\"#2\">\u00bfTiene un lim\u00f3n?<\/a><\/li>\n<li><a href=\"#3\">Obtenga una revisi\u00f3n de su caso GRATIS de nuestros abogados de la Ley del Lim\u00f3n de Spokane<\/a><\/li>\n<li><a href=\"#4\">Garant\u00edas y Leyes Lim\u00f3n en Spokane<\/a><\/li>\n<li><a href=\"#5\">Requisitos para las reclamaciones de la Ley del Lim\u00f3n en Spokane<\/a><\/li>\n<li><a href=\"#6\">Qu\u00e9 hacer si un concesionario de Spokane le vendi\u00f3 un lim\u00f3n<\/a><\/li>\n<li><a href=\"#7\">Preguntas frecuentes sobre Spokane Lemon Law Reclamaciones<\/a><\/li>\n<li><a href=\"#8\">As\u00f3ciese con los mejores abogados de la Ley del Lim\u00f3n de Spokane<br \/>\n<\/a><\/li>\n<\/ul>\n\n\t\t<\/div>\n\t<\/div>\n<\/div><\/div><\/div><\/div><\/div><div id=\"1\" class=\"vc_row wpb_row accent1 blurb-row vc_custom_1739914507417\"><div class=\"container\"><div class=\"wpb_column vc_column_container vc_col-sm-1\"><div class=\"vc_column-inner\"><div class=\"wpb_wrapper\"><\/div><\/div><\/div><div class=\"wpb_column vc_column_container vc_col-sm-10\"><div class=\"vc_column-inner\"><div class=\"wpb_wrapper\">\n\t<div class=\"wpb_text_column wpb_content_element  mb0\" >\n\t\t<div class=\"wpb_wrapper\">\n\t\t\t<h2 style=\"text-align: center;\">El proceso de los casos de la Ley del Lim\u00f3n en Spokane<\/h2>\n<hr class=\"line\">\n<p style=\"text-align: center;\">Casos de la ley del lim\u00f3n en Spokane suelen comenzar con la identificaci\u00f3n de si su veh\u00edculo califica bajo la ley de Washington. La mayor\u00eda de los reclamos involucran veh\u00edculos nuevos o arrendados que tienen defectos sustanciales que afectan la seguridad, el uso o el valor. Una vez que un lim\u00f3n potencial se identifica, nuestros abogados revisan su historial de reparaciones, cobertura de la garant\u00eda, y la documentaci\u00f3n.<\/p>\n<p style=\"text-align: center;\">\nTras la revisi\u00f3n inicial, enviamos una carta de demanda al fabricante exponiendo los defectos y solicitando una recompra o una compensaci\u00f3n monetaria. Si el fabricante impugna la reclamaci\u00f3n, podemos proceder a un arbitraje o presentar una demanda formal.<\/p>\n<p style=\"text-align: center;\">\nA lo largo del proceso, nuestros abogados de la ley del lim\u00f3n Spokane guiarle, manejar las comunicaciones, y abogar por una compensaci\u00f3n justa para que pueda centrarse en conseguir un veh\u00edculo fiable en lugar de navegar complicados pasos legales solo.<\/p>\n\n\t\t<\/div>\n\t<\/div>\n<\/div><\/div><\/div><div class=\"wpb_column vc_column_container vc_col-sm-1\"><div class=\"vc_column-inner\"><div class=\"wpb_wrapper\"><\/div><\/div><\/div><\/div><\/div><div id=\"2\" class=\"vc_row wpb_row light1 blurb-row vc_custom_1718223391149\"><div class=\"container\"><div class=\"wpb_column vc_column_container vc_col-sm-1\"><div class=\"vc_column-inner\"><div class=\"wpb_wrapper\"><\/div><\/div><\/div><div class=\"wpb_column vc_column_container vc_col-sm-10\"><div class=\"vc_column-inner\"><div class=\"wpb_wrapper\">\n\t<div class=\"wpb_text_column wpb_content_element  mb0\" >\n\t\t<div class=\"wpb_wrapper\">\n\t\t\t<h3 style=\"text-align: center;\">\u00bfTiene un lim\u00f3n?<\/h3>\n<hr class=\"line\" \/>\n<p style=\"text-align: center;\">Para que un veh\u00edculo pueda considerarse defectuoso, debe cumplir una serie de requisitos espec\u00edficos establecidos por la Ley del lim\u00f3n de Washington. Un veh\u00edculo defectuoso suele presentar defectos sustanciales cubiertos por la garant\u00eda que no han sido subsanados a pesar de un n\u00famero razonable de intentos de reparaci\u00f3n por parte del concesionario. Si su coche est\u00e1 continuamente volviendo al taller por los mismos problemas sin resolver, es hora de considerar sus opciones legales.<\/p>\n\n\t\t<\/div>\n\t<\/div>\n<\/div><\/div><\/div><div class=\"wpb_column vc_column_container vc_col-sm-1\"><div class=\"vc_column-inner\"><div class=\"wpb_wrapper\"><\/div><\/div><\/div><\/div><\/div><div id=\"3\" class=\"vc_row wpb_row fifty-fifty image-left dark2 blend\"><div class=\"container\"><div class=\"free-case-seattle wpb_column vc_column_container vc_col-sm-6 vc_col-has-fill\"><div class=\"vc_column-inner vc_custom_1742940426393\"><div class=\"wpb_wrapper\"><\/div><\/div><\/div><div class=\"wpb_column vc_column_container vc_col-sm-6\"><div class=\"vc_column-inner\"><div class=\"wpb_wrapper\">\n\t<div class=\"wpb_text_column wpb_content_element  mb0\" >\n\t\t<div class=\"wpb_wrapper\">\n\t\t\t<h3>Obtenga una revisi\u00f3n de su caso GRATIS de nuestros abogados de la Ley del Lim\u00f3n de Spokane<\/h3>\n<p>No espere para solucionar los problemas persistentes de su veh\u00edculo. Prestige Legal Solutions hace que sea f\u00e1cil obtener una revisi\u00f3n del caso sin costo y sin obligaci\u00f3n con un abogado de la ley del lim\u00f3n en Spokane, WA.<\/p>\n<p>Durante su consulta, evaluaremos sus registros de reparaci\u00f3n, la informaci\u00f3n de la garant\u00eda y el contrato de alquiler o compra para determinar si re\u00fane los requisitos para una reclamaci\u00f3n. Si es as\u00ed, nuestro equipo le explicar\u00e1 sus opciones y le guiar\u00e1 a trav\u00e9s del proceso de principio a fin, garantizando que sus derechos est\u00e9n plenamente protegidos.<\/p>\n<!-- HFCM by 99 Robots - Snippet # 18: WA &quot;See if You Qualify&quot; Button (EN+ES) -->\n<div data-tf-live=\"01JBG22RY7ZCB9RBCRJJWE8MPA\"><\/div><script src=\"\/\/embed.typeform.com\/next\/embed.js\"><\/script>\n<!-- \/end HFCM by 99 Robots -->\n\n\n\t\t<\/div>\n\t<\/div>\n<\/div><\/div><\/div><\/div><\/div><div id=\"4\" class=\"vc_row wpb_row light1 blurb-row vc_custom_1718224081624\"><div class=\"container\"><div class=\"wpb_column vc_column_container vc_col-sm-1\"><div class=\"vc_column-inner\"><div class=\"wpb_wrapper\"><\/div><\/div><\/div><div class=\"wpb_column vc_column_container vc_col-sm-10\"><div class=\"vc_column-inner\"><div class=\"wpb_wrapper\">\n\t<div class=\"wpb_text_column wpb_content_element  mb0\" >\n\t\t<div class=\"wpb_wrapper\">\n\t\t\t<h2 style=\"text-align: center;\">Garant\u00edas y Leyes Lim\u00f3n en Spokane, WA<\/h2>\n<hr class=\"line\">\n<p style=\"text-align: center;\">Las garant\u00edas ampliadas y las garant\u00edas del fabricante desempe\u00f1an un papel importante en los casos de la ley del lim\u00f3n de Washington. Los defectos cubiertos por estas garant\u00edas refuerzan tu reclamaci\u00f3n, ya que la ley exige al fabricante que repare los problemas en un n\u00famero razonable de intentos.<\/p>\n<p style=\"text-align: center;\">En Spokane, un caso t\u00edpico implica documentar los intentos de reparaci\u00f3n cubiertos por la garant\u00eda y demostrar que el problema persiste a pesar de las repetidas reparaciones. Nuestros abogados saben c\u00f3mo revisar la cobertura de la garant\u00eda, reunir la documentaci\u00f3n necesaria y presentar un caso convincente que maximice sus posibilidades de recibir un reembolso u otra compensaci\u00f3n.<\/p>\n\n\t\t<\/div>\n\t<\/div>\n<\/div><\/div><\/div><div class=\"wpb_column vc_column_container vc_col-sm-1\"><div class=\"vc_column-inner\"><div class=\"wpb_wrapper\"><\/div><\/div><\/div><\/div><\/div><div id=\"5\" class=\"vc_row wpb_row fifty-fifty image-right dark1 flip-mobile\"><div class=\"container\"><div class=\"wpb_column vc_column_container vc_col-sm-6\"><div class=\"vc_column-inner\"><div class=\"wpb_wrapper\">\n\t<div class=\"wpb_text_column wpb_content_element  mb0\" >\n\t\t<div class=\"wpb_wrapper\">\n\t\t\t<h3 style=\"text-align: left;\">Requisitos para las reclamaciones de la Ley del Lim\u00f3n en Spokane<\/h3>\n<p style=\"text-align: left;\">Para que un coche pueda acogerse a la Ley del Lim\u00f3n de Washington, generalmente debe:<\/p>\n<ul style=\"text-align: left;\">\n<li>Ser nuevo o alquilado y estar cubierto por la garant\u00eda del fabricante.<\/li>\n<li>Tener un defecto sustancial que afecte a la seguridad, el uso o el valor.<\/li>\n<li>Siguen siendo defectuosos tras un n\u00famero razonable de intentos de reparaci\u00f3n.<\/li>\n<\/ul>\n<p style=\"text-align: left;\">Nuestros abogados de la ley del lim\u00f3n Spokane revisar su historial de reparaciones y el estado del veh\u00edculo para determinar si su coche cumple con estos criterios y asesorar sobre los mejores pasos a seguir para presentar su reclamo.<\/p>\n\n\t\t<\/div>\n\t<\/div>\n<\/div><\/div><\/div><div class=\"requirements wpb_column vc_column_container vc_col-sm-6 vc_col-has-fill\"><div class=\"vc_column-inner vc_custom_1737497084723\"><div class=\"wpb_wrapper\"><\/div><\/div><\/div><\/div><\/div><div id=\"6\" class=\"vc_row wpb_row dark2 blurb-row vc_custom_1739914553993\"><div class=\"container\"><div class=\"wpb_column vc_column_container vc_col-sm-1\"><div class=\"vc_column-inner\"><div class=\"wpb_wrapper\"><\/div><\/div><\/div><div class=\"wpb_column vc_column_container vc_col-sm-10\"><div class=\"vc_column-inner\"><div class=\"wpb_wrapper\">\n\t<div class=\"wpb_text_column wpb_content_element  mb0\" >\n\t\t<div class=\"wpb_wrapper\">\n\t\t\t<h2 style=\"text-align: center;\">Qu\u00e9 hacer si un concesionario de Spokane le vendi\u00f3 un lim\u00f3n<\/h2>\n<hr class=\"line\">\n<p style=\"text-align: center;\">Si usted sospecha que su veh\u00edculo de un concesionario de la zona de Spokane es un lim\u00f3n, es importante no ponerse en contacto con el concesionario o el fabricante antes de hablar con un abogado. Hacerlo puede complicar su reclamo o afectar sus derechos legales.<\/p>\n<p style=\"text-align: center;\">\nEn su lugar, re\u00fana los registros de reparaci\u00f3n, la informaci\u00f3n de la garant\u00eda y los documentos de alquiler o compra y, a continuaci\u00f3n, p\u00f3ngase en contacto con nuestros abogados expertos. Nos encargamos de todas las comunicaciones, negociamos con el fabricante y buscamos el mejor resultado posible en su nombre.<\/p>\n\n\t\t<\/div>\n\t<\/div>\n<\/div><\/div><\/div><div class=\"wpb_column vc_column_container vc_col-sm-1\"><div class=\"vc_column-inner\"><div class=\"wpb_wrapper\"><\/div><\/div><\/div><\/div><\/div><div id=\"7\" class=\"vc_row wpb_row accordion light1 vc_custom_1723237540694\"><div class=\"container\"><div class=\"wpb_column vc_column_container vc_col-sm-1\"><div class=\"vc_column-inner\"><div class=\"wpb_wrapper\"><\/div><\/div><\/div><div class=\"wpb_column vc_column_container vc_col-sm-10\"><div class=\"vc_column-inner\"><div class=\"wpb_wrapper\">\n\t<div class=\"wpb_text_column wpb_content_element  mb0\" >\n\t\t<div class=\"wpb_wrapper\">\n\t\t\t<h2 style=\"text-align: center;\">Preguntas frecuentes sobre Spokane Lemon Law Reclamaciones<\/h2>\n<p>&nbsp;<\/p>\n<p style=\"text-align: center;\">\n\n\t\t<\/div>\n\t<\/div>\n<div class=\"vc_tta-container\" data-vc-action=\"collapse\"><div class=\"vc_general vc_tta vc_tta-accordion vc_tta-color-grey vc_tta-style-classic vc_tta-shape-rounded vc_tta-o-shape-group vc_tta-controls-align-default\"><div class=\"vc_tta-panels-container\"><div class=\"vc_tta-panels\"><div class=\"vc_tta-panel vc_active\" id=\"1718136743764-4be9d8a6-f088\" data-vc-content=\".vc_tta-panel-body\"><div class=\"vc_tta-panel-heading\"><h3 class=\"vc_tta-panel-title vc_tta-controls-icon-position-left\"><a href=\"#1718136743764-4be9d8a6-f088\" data-vc-accordion data-vc-container=\".vc_tta-container\"><span class=\"vc_tta-title-text\">\u00bfQu\u00e9 tipo de compensaci\u00f3n puede resultar en una demanda de Spokane Lemon Law?<\/span><i class=\"vc_tta-controls-icon vc_tta-controls-icon-plus\"><\/i><\/a><\/h3><\/div><div class=\"vc_tta-panel-body\">\n\t<div class=\"wpb_text_column wpb_content_element\" >\n\t\t<div class=\"wpb_wrapper\">\n\t\t\t<p>Las reclamaciones de la ley del lim\u00f3n de Washington pueden resultar en un reembolso completo, una compensaci\u00f3n monetaria, el reembolso de los pagos de arrendamiento o compra, y la cobertura de los costes incidentales como los gastos de remolque y reparaci\u00f3n. Un abogado de Prestige Legal Solutions puede ayudarle a maximizar su compensaci\u00f3n mediante la construcci\u00f3n de un caso s\u00f3lido, asegur\u00e1ndose de que se le paga todo lo que se le debe.<\/p>\n\n\t\t<\/div>\n\t<\/div>\n<\/div><\/div><div class=\"vc_tta-panel\" id=\"1718136773552-00e3c884-8616\" data-vc-content=\".vc_tta-panel-body\"><div class=\"vc_tta-panel-heading\"><h3 class=\"vc_tta-panel-title vc_tta-controls-icon-position-left\"><a href=\"#1718136773552-00e3c884-8616\" data-vc-accordion data-vc-container=\".vc_tta-container\"><span class=\"vc_tta-title-text\">\u00bfQu\u00e9 problemas de coche cubre la Ley del Lim\u00f3n?<\/span><i class=\"vc_tta-controls-icon vc_tta-controls-icon-plus\"><\/i><\/a><\/h3><\/div><div class=\"vc_tta-panel-body\">\n\t<div class=\"wpb_text_column wpb_content_element\" >\n\t\t<div class=\"wpb_wrapper\">\n\t\t\t<p>Est\u00e1n cubiertos los defectos que merman sustancialmente la seguridad, el uso o el valor del veh\u00edculo. Esto incluye problemas persistentes de motor, transmisi\u00f3n, electricidad, frenos y direcci\u00f3n, entre otros.<\/p>\n\n\t\t<\/div>\n\t<\/div>\n<\/div><\/div><div class=\"vc_tta-panel\" id=\"1718136792073-91a89b4c-81f3\" data-vc-content=\".vc_tta-panel-body\"><div class=\"vc_tta-panel-heading\"><h3 class=\"vc_tta-panel-title vc_tta-controls-icon-position-left\"><a href=\"#1718136792073-91a89b4c-81f3\" data-vc-accordion data-vc-container=\".vc_tta-container\"><span class=\"vc_tta-title-text\">\u00bfQu\u00e9 tipos de veh\u00edculos cubre la Ley del Lim\u00f3n de Spokane?<\/span><i class=\"vc_tta-controls-icon vc_tta-controls-icon-plus\"><\/i><\/a><\/h3><\/div><div class=\"vc_tta-panel-body\">\n\t<div class=\"wpb_text_column wpb_content_element\" >\n\t\t<div class=\"wpb_wrapper\">\n\t\t\t<p>Los coches nuevos y alquilados, camiones, todoterrenos y algunas motocicletas con garant\u00eda del fabricante suelen estar cubiertos por la Ley del Lim\u00f3n de Washington. Algunos veh\u00edculos de peque\u00f1as empresas tambi\u00e9n pueden calificar.<\/p>\n\n\t\t<\/div>\n\t<\/div>\n<\/div><\/div><div class=\"vc_tta-panel\" id=\"1718136819111-8588f9db-0df5\" data-vc-content=\".vc_tta-panel-body\"><div class=\"vc_tta-panel-heading\"><h3 class=\"vc_tta-panel-title vc_tta-controls-icon-position-left\"><a href=\"#1718136819111-8588f9db-0df5\" data-vc-accordion data-vc-container=\".vc_tta-container\"><span class=\"vc_tta-title-text\">\u00bfC\u00f3mo puedo presentar una reclamaci\u00f3n Spokane Ley del Lim\u00f3n?<\/span><i class=\"vc_tta-controls-icon vc_tta-controls-icon-plus\"><\/i><\/a><\/h3><\/div><div class=\"vc_tta-panel-body\">\n\t<div class=\"wpb_text_column wpb_content_element\" >\n\t\t<div class=\"wpb_wrapper\">\n\t\t\t<p><span style=\"font-weight: 400;\">Comience por ponerse en contacto con nuestros abogados de la ley del lim\u00f3n Spokane para una revisi\u00f3n gratuita de su caso. Evaluamos sus registros, determinar la elegibilidad, y manejar las comunicaciones con el fabricante para presentar su reclamo correctamente. Nuestros abogados gestionar\u00e1n su caso, para que pueda evitar cometer errores comunes.<\/span><\/p>\n\n\t\t<\/div>\n\t<\/div>\n<\/div><\/div><\/div><\/div><\/div><\/div><\/div><\/div><\/div><div class=\"wpb_column vc_column_container vc_col-sm-1\"><div class=\"vc_column-inner\"><div class=\"wpb_wrapper\"><\/div><\/div><\/div><\/div><\/div><div class=\"vc_row wpb_row fifty-fifty image-right dark2\"><div class=\"container\"><div class=\"nap-col wpb_column vc_column_container vc_col-sm-6\"><div class=\"vc_column-inner\"><div class=\"wpb_wrapper\">\n\t<div class=\"wpb_text_column wpb_content_element  mb0\" >\n\t\t<div class=\"wpb_wrapper\">\n\t\t\t<h3>Lemonlawswa.com por Prestige Legal Solutions, P.C.<\/h3>\n<hr class=\"line fw-line\" \/>\n<h5 style=\"text-align: left;\">DIRECCI\u00d3N<\/h5>\n<p style=\"text-align: left;\"><!-- &#091;business_address&#093; -->701 Fifth Ave. Suite 4200<br \/>\nSeattle, Washington 98104<br \/>\n<a href=\"https:\/\/maps.app.goo.gl\/GxVwogAz81AABZmJ7\" target=\"_blank\" rel=\"noopener\">C\u00f3mo llegar<\/a><\/p>\n<h5 style=\"text-align: left;\">TEL\u00c9FONO<\/h5>\n<p style=\"text-align: left;\">Ll\u00e1menos: <a href=\"tel:+18447491481\">(844) 749-1481<\/a><\/p>\n\n\t\t<\/div>\n\t<\/div>\n<\/div><\/div><\/div><div class=\"map-col wpb_column vc_column_container vc_col-sm-6\"><div class=\"vc_column-inner\"><div class=\"wpb_wrapper\"><div class=\"wpb_gmaps_widget wpb_content_element vc_map_responsive mb0 map-element\" >\n\t\t<div class=\"wpb_wrapper\">\n\t\t<div class=\"wpb_map_wraper\">\n\t\t\t<iframe src=\"https:\/\/www.google.com\/maps\/embed?pb=!1m18!1m12!1m3!1d3190.997439029833!2d-122.33332772330034!3d47.60463988811244!2m3!1f0!2f0!3f0!3m2!1i1024!2i768!4f13.1!3m3!1m2!1s0x54906ab0b8e0f233%3A0x4426f70836c72e05!2s701%205th%20Ave%20Suite%204200%2C%20Seattle%2C%20WA%2098104!5e1!3m2!1sen!2sus!4v1735923115168!5m2!1sen!2sus\" width=\"600\" height=\"450\" style=\"border:0;\" allowfullscreen=\"\" loading=\"lazy\" referrerpolicy=\"no-referrer-when-downgrade\"><\/iframe>\t\t<\/div>\n\t<\/div>\n<\/div>\n<\/div><\/div><\/div><\/div><\/div><div class=\"vc_row wpb_row accent1 other-services multi-row manual-products-grid blurb-row\"><div class=\"container\"><div class=\"wpb_column vc_column_container vc_col-sm-12\"><div class=\"vc_column-inner\"><div class=\"wpb_wrapper\">\n\t<div class=\"wpb_text_column wpb_content_element  mb0\" >\n\t\t<div class=\"wpb_wrapper\">\n\t\t\t<h3 style=\"text-align: center;\">Otras \u00e1reas de Washington que servimos<\/h3>\n<hr class=\"line\">\n<p style=\"text-align: center;\">Prestige Legal Solutions representa a clientes en todo Washington, incluyendo Spokane Valley, Pullman, Coeur d'Alene, Wenatchee, Seattle, Yakima, y m\u00e1s all\u00e1, asegurando cobertura en todo el estado para las reclamaciones de la ley del lim\u00f3n.<\/p>\n\n\t\t<\/div>\n\t<\/div>\n<div class=\"vc_row wpb_row vc_inner vc_row-fluid\"><div class=\"wpb_column vc_column_container vc_col-sm-3\"><div class=\"vc_column-inner\"><div class=\"wpb_wrapper\">\n\t<div class=\"wpb_text_column wpb_content_element  vc_custom_1742524998746 mb0-desktop seattle\" >\n\t\t<div class=\"wpb_wrapper\">\n\t\t\t<h3 style=\"text-align: center;\">SEATTLE<\/h3>\n\n\t\t<\/div>\n\t<\/div>\n<\/div><\/div><\/div><div class=\"wpb_column vc_column_container vc_col-sm-3\"><div class=\"vc_column-inner\"><div class=\"wpb_wrapper\">\n\t<div class=\"wpb_text_column wpb_content_element  vc_custom_1742524985317 mb0-desktop tacoma\" >\n\t\t<div class=\"wpb_wrapper\">\n\t\t\t<h3 style=\"text-align: center;\">TACOMA<\/h3>\n\n\t\t<\/div>\n\t<\/div>\n<\/div><\/div><\/div><div class=\"wpb_column vc_column_container vc_col-sm-3\"><div class=\"vc_column-inner\"><div class=\"wpb_wrapper\">\n\t<div class=\"wpb_text_column wpb_content_element  vc_custom_1728685397596 mb0-desktop spokane\" >\n\t\t<div class=\"wpb_wrapper\">\n\t\t\t<h3 style=\"text-align: center;\">SPOKANE<\/h3>\n<p><!--\n\n\n\n\n\n\n\n<p style=\"text-align: center;\"><a class=\"btn-bt default\" href=\"\/cities\/sacramento-lemon-law-attorney\/\">MORE INFO<\/a>\n\n\n\n\n\n\n--><\/p>\n\n\t\t<\/div>\n\t<\/div>\n<\/div><\/div><\/div><div class=\"wpb_column vc_column_container vc_col-sm-3\"><div class=\"vc_column-inner\"><div class=\"wpb_wrapper\">\n\t<div class=\"wpb_text_column wpb_content_element  vc_custom_1737497221793 mb0-desktop van\" >\n\t\t<div class=\"wpb_wrapper\">\n\t\t\t<h3 style=\"text-align: center;\">VANCOUVER<\/h3>\n<p><!--\n\n\n\n\n\n\n\n<p style=\"text-align: center;\"><a class=\"btn-bt default\" href=\"\/cities\/san-francisco-lemon-law-attorney\/\">MORE INFO<\/a>\n\n\n\n\n\n\n--><\/p>\n\n\t\t<\/div>\n\t<\/div>\n<\/div><\/div><\/div><\/div><\/div><\/div><\/div><\/div><\/div><div id=\"8\" class=\"vc_row wpb_row bottom-cta home-bottom-cta add-parallax vc_custom_1731365552425 vc_row-has-fill\"><div class=\"container\"><div class=\"wpb_column vc_column_container vc_col-sm-12\"><div class=\"vc_column-inner\"><div class=\"wpb_wrapper\">\n\t<div class=\"wpb_text_column wpb_content_element\" >\n\t\t<div class=\"wpb_wrapper\">\n\t\t\t<h2 style=\"text-align: center;\">As\u00f3ciese con los mejores abogados de la Ley del Lim\u00f3n de Spokane<\/h2>\n<p style=\"text-align: center;\">No deje que un veh\u00edculo defectuoso lo deje atascado o pagando por reparaciones que no deber\u00eda. As\u00f3ciese con Prestige Legal Solutions, los principales abogados de la ley del lim\u00f3n en Spokane, WA, para obtener orientaci\u00f3n experta y una fuerte defensa. Nuestro experimentado equipo ofrece evaluaciones gratuitas de casos, maneja todos los procesos legales y lucha para asegurar el reembolso o el reemplazo que usted merece.<\/p>\n<p style=\"text-align: center;\">\n<a href=\"https:\/\/lemonlawswa.com\/es\/pongase-en-contacto-con\/\">P\u00f3ngase en contacto con nosotros<\/a> para iniciar la revisi\u00f3n de su caso y dar el primer paso hacia la resoluci\u00f3n de sus problemas de lim\u00f3n coche con confianza.<\/p>\n\n\t\t<\/div>\n\t<\/div>\n\n\t<div class=\"wpb_raw_code wpb_raw_js\" >\n\t\t<div class=\"wpb_wrapper\">\n\t\t\t<script charset=\"utf-8\" type=\"text\/javascript\" src=\"\/\/js.hsforms.net\/forms\/embed\/v2.js\"><\/script>\n<script>\n  hbspt.forms.create({\n    region: \"na1\",\n    portalId: \"8932302\",\n    formId: \"0843527b-ee7b-48b5-ad10-2f7d3567927b\"\n  });\n<\/script>\n\t\t<\/div>\n\t<\/div>\n<\/div><\/div><\/div><\/div><\/div>\n<\/div>","protected":false},"excerpt":{"rendered":"Evaluaciones de casos gratuitas y sin honorarios hasta que ganemos Si ha comprado o alquilado un veh\u00edculo en Spokane que sigue rompi\u00e9ndose, puede tener opciones legales bajo la Ley del Lim\u00f3n de Washington. En Prestige Legal Solutions, nuestros abogados de la ley del lim\u00f3n de Spokane tienen d\u00e9cadas de experiencia ayudando a los residentes a recuperar millones en reembolsos, reemplazos y compensaciones. Entendemos... <a class=\"more-link\" href=\"https:\/\/lemonlawswa.com\/es\/spokane-abogado-de-la-ley-de-limon\/\">Seguir leyendo <span class=\"screen-reader-text\">Spokane Ley del Lim\u00f3n Abogado<\/span><\/a>","protected":false},"author":1,"featured_media":6639,"parent":0,"menu_order":0,"comment_status":"closed","ping_status":"closed","template":"","meta":{"_acf_changed":false,"content-type":"","footnotes":""},"class_list":["post-6638","page","type-page","status-publish","has-post-thumbnail","entry"],"acf":[],"aioseo_notices":[],"_links":{"self":[{"href":"https:\/\/lemonlawswa.com\/es\/wp-json\/wp\/v2\/pages\/6638","targetHints":{"allow":["GET"]}}],"collection":[{"href":"https:\/\/lemonlawswa.com\/es\/wp-json\/wp\/v2\/pages"}],"about":[{"href":"https:\/\/lemonlawswa.com\/es\/wp-json\/wp\/v2\/types\/page"}],"author":[{"embeddable":true,"href":"https:\/\/lemonlawswa.com\/es\/wp-json\/wp\/v2\/users\/1"}],"replies":[{"embeddable":true,"href":"https:\/\/lemonlawswa.com\/es\/wp-json\/wp\/v2\/comments?post=6638"}],"version-history":[{"count":0,"href":"https:\/\/lemonlawswa.com\/es\/wp-json\/wp\/v2\/pages\/6638\/revisions"}],"wp:featuredmedia":[{"embeddable":true,"href":"https:\/\/lemonlawswa.com\/es\/wp-json\/wp\/v2\/media\/6639"}],"wp:attachment":[{"href":"https:\/\/lemonlawswa.com\/es\/wp-json\/wp\/v2\/media?parent=6638"}],"curies":[{"name":"wp","href":"https:\/\/api.w.org\/{rel}","templated":true}]}}