{"id":6657,"date":"2025-10-06T13:52:12","date_gmt":"2025-10-06T20:52:12","guid":{"rendered":"https:\/\/lemonlawswa.com\/?page_id=6657"},"modified":"2025-10-08T11:17:59","modified_gmt":"2025-10-08T18:17:59","slug":"abogado-de-la-ley-del-limon-de-vancouver","status":"publish","type":"page","link":"https:\/\/lemonlawswa.com\/es\/abogado-de-la-ley-del-limon-de-vancouver\/","title":{"rendered":"Vancouver Ley del Lim\u00f3n Abogado"},"content":{"rendered":"<div class=\"wpb-content-wrapper\"><div class=\"vc_row wpb_row cta-row dark1\"><div class=\"container\"><div class=\"wpb_column vc_column_container vc_col-sm-12\"><div class=\"vc_column-inner\"><div class=\"wpb_wrapper\">\n\t<div class=\"wpb_text_column wpb_content_element  mb0\" >\n\t\t<div class=\"wpb_wrapper\">\n\t\t\t<h3>Evaluamos su caso gratis y sin honorarios<\/h3>\n<!-- HFCM by 99 Robots - Snippet # 18: WA &quot;See if You Qualify&quot; Button (EN+ES) -->\n<div data-tf-live=\"01JBG22RY7ZCB9RBCRJJWE8MPA\"><\/div><script src=\"\/\/embed.typeform.com\/next\/embed.js\"><\/script>\n<!-- \/end HFCM by 99 Robots -->\n\n\n\t\t<\/div>\n\t<\/div>\n<\/div><\/div><\/div><\/div><\/div><div class=\"vc_row wpb_row table-of-content-row\"><div class=\"container\"><div class=\"wpb_column vc_column_container vc_col-sm-6\"><div class=\"vc_column-inner\"><div class=\"wpb_wrapper\">\n\t<div class=\"wpb_text_column wpb_content_element\" >\n\t\t<div class=\"wpb_wrapper\">\n\t\t\t<p>Si su veh\u00edculo tiene problemas continuos, no deber\u00eda tener que cargar solo con el coste o la frustraci\u00f3n. Nuestros abogados de la ley del lim\u00f3n de Vancouver en Prestige Legal Solutions tienen d\u00e9cadas de experiencia ayudando a los residentes de Washington a asegurar millones en reembolsos y otras compensaciones por veh\u00edculos defectuosos.<\/p>\n<p>Entendemos lo estresante que puede ser navegar por los concesionarios, garant\u00edas y reparaciones, y proporcionamos una orientaci\u00f3n clara, una representaci\u00f3n agresiva y resultados probados. Si usted compr\u00f3 o arrend\u00f3 un veh\u00edculo en Vancouver o en otro lugar en Washington, nuestros abogados est\u00e1n comprometidos a proteger sus derechos y ayudarle a resolver su demanda de la ley de lim\u00f3n de manera eficiente y con \u00e9xito.<\/p>\n<p><a class=\"btn-bt alternate\" title=\"Acerca de nuestro bufete de abogados de lim\u00f3n\" href=\"\/es\/acerca-de\/\">SOBRE NUESTRO BUFETE<\/a><\/p>\n\n\t\t<\/div>\n\t<\/div>\n<\/div><\/div><\/div><div class=\"accent1 table-of-contents wpb_column vc_column_container vc_col-sm-6 vc_col-has-fill\"><div class=\"vc_column-inner vc_custom_1718206463659\"><div class=\"wpb_wrapper\">\n\t<div class=\"wpb_text_column wpb_content_element\" >\n\t\t<div class=\"wpb_wrapper\">\n\t\t\t<h5>\u00cdNDICE<\/h5>\n<hr class=\"line fw-line\" \/>\n<ul class=\"table-of-contents\">\n<li><a href=\"#1\">El proceso de los casos de la Ley del Lim\u00f3n en Vancouver<br \/>\n<\/a><\/li>\n<li><a href=\"#2\">\u00bfTiene un lim\u00f3n?<\/a><\/li>\n<li><a href=\"#3\">Obtenga una revisi\u00f3n de su caso GRATIS de nuestros abogados de la Ley del Lim\u00f3n de Vancouver<\/a><\/li>\n<li><a href=\"#4\">Garant\u00edas y Leyes Lim\u00f3n en Vancouver<\/a><\/li>\n<li><a href=\"#5\">Requisitos para reclamar la Ley del Lim\u00f3n en Vancouver<\/a><\/li>\n<li><a href=\"#6\">Qu\u00e9 hacer si un concesionario de Vancouver le ha vendido un producto defectuoso<\/a><\/li>\n<li><a href=\"#7\">Preguntas frecuentes sobre las reclamaciones de la Ley del Lim\u00f3n de Vancouver<\/a><\/li>\n<li><a href=\"#8\">As\u00f3ciese con los mejores abogados de la Ley del Lim\u00f3n de Vancouver<br \/>\n<\/a><\/li>\n<\/ul>\n\n\t\t<\/div>\n\t<\/div>\n<\/div><\/div><\/div><\/div><\/div><div id=\"1\" class=\"vc_row wpb_row accent1 blurb-row vc_custom_1739914507417\"><div class=\"container\"><div class=\"wpb_column vc_column_container vc_col-sm-1\"><div class=\"vc_column-inner\"><div class=\"wpb_wrapper\"><\/div><\/div><\/div><div class=\"wpb_column vc_column_container vc_col-sm-10\"><div class=\"vc_column-inner\"><div class=\"wpb_wrapper\">\n\t<div class=\"wpb_text_column wpb_content_element  mb0\" >\n\t\t<div class=\"wpb_wrapper\">\n\t\t\t<h2 style=\"text-align: center;\">El Proceso de los Casos de la Ley del Lim\u00f3n en Vancouver, WA<\/h2>\n<hr class=\"line\" \/>\n<p style=\"text-align: center;\">Las reclamaciones de la ley del lim\u00f3n en Vancouver comienzan con la determinaci\u00f3n de si su veh\u00edculo cumple con los requisitos legales de Washington. Nuestros abogados revisan cuidadosamente su historial de reparaciones, la cobertura de la garant\u00eda y la documentaci\u00f3n para confirmar la elegibilidad. Una vez que identificamos un lim\u00f3n potencial, tomamos medidas inmediatas en su nombre, la gesti\u00f3n de todas las comunicaciones con el fabricante para proteger su reclamo.<\/p>\n<p style=\"text-align: center;\">El proceso suele incluir la recopilaci\u00f3n de registros de reparaci\u00f3n detallados, la verificaci\u00f3n del n\u00famero de intentos de reparaci\u00f3n y la evaluaci\u00f3n de la gravedad de los defectos. Nuestros abogados tambi\u00e9n eval\u00faan c\u00f3mo estos defectos afectan a la seguridad, el uso y el valor general de su veh\u00edculo, lo cual es fundamental para construir una reclamaci\u00f3n s\u00f3lida.<\/p>\n<p style=\"text-align: center;\">A lo largo del caso, le mantenemos informado en cada fase, explic\u00e1ndole claramente sus opciones y ayud\u00e1ndole a tomar decisiones estrat\u00e9gicas. Al encargarnos de todo el trabajo jur\u00eddico y procesal, minimizamos el estr\u00e9s y maximizamos sus posibilidades de recibir la indemnizaci\u00f3n que merece.<\/p>\n\n\t\t<\/div>\n\t<\/div>\n<\/div><\/div><\/div><div class=\"wpb_column vc_column_container vc_col-sm-1\"><div class=\"vc_column-inner\"><div class=\"wpb_wrapper\"><\/div><\/div><\/div><\/div><\/div><div id=\"2\" class=\"vc_row wpb_row light1 blurb-row vc_custom_1718223391149\"><div class=\"container\"><div class=\"wpb_column vc_column_container vc_col-sm-1\"><div class=\"vc_column-inner\"><div class=\"wpb_wrapper\"><\/div><\/div><\/div><div class=\"wpb_column vc_column_container vc_col-sm-10\"><div class=\"vc_column-inner\"><div class=\"wpb_wrapper\">\n\t<div class=\"wpb_text_column wpb_content_element  mb0\" >\n\t\t<div class=\"wpb_wrapper\">\n\t\t\t<h3 style=\"text-align: center;\">\u00bfTiene un lim\u00f3n?<\/h3>\n<hr class=\"line\" \/>\n<p style=\"text-align: center;\">Si su veh\u00edculo tiene problemas mec\u00e1nicos persistentes que afectan sustancialmente a su seguridad, uso o valor, es posible que pueda acogerse a la Ley del Lim\u00f3n de Washington. Incluso si no est\u00e1 seguro, la programaci\u00f3n de una revisi\u00f3n del caso es el mejor primer paso. Nuestros abogados eval\u00faan el historial de reparaciones y la garant\u00eda de su veh\u00edculo para determinar si puede tener una reclamaci\u00f3n v\u00e1lida.<\/p>\n\n\t\t<\/div>\n\t<\/div>\n<\/div><\/div><\/div><div class=\"wpb_column vc_column_container vc_col-sm-1\"><div class=\"vc_column-inner\"><div class=\"wpb_wrapper\"><\/div><\/div><\/div><\/div><\/div><div id=\"3\" class=\"vc_row wpb_row fifty-fifty image-left dark2 blend\"><div class=\"container\"><div class=\"free-case-seattle wpb_column vc_column_container vc_col-sm-6 vc_col-has-fill\"><div class=\"vc_column-inner vc_custom_1742940426393\"><div class=\"wpb_wrapper\"><\/div><\/div><\/div><div class=\"wpb_column vc_column_container vc_col-sm-6\"><div class=\"vc_column-inner\"><div class=\"wpb_wrapper\">\n\t<div class=\"wpb_text_column wpb_content_element  mb0\" >\n\t\t<div class=\"wpb_wrapper\">\n\t\t\t<h3>Obtenga una revisi\u00f3n de su caso GRATIS de nuestros abogados de la Ley del Lim\u00f3n de Vancouver<\/h3>\n<p>Act\u00fae ahora para proteger sus derechos y recuperar la compensaci\u00f3n por su veh\u00edculo defectuoso. Prestige Legal Solutions ofrece una consulta gratuita y sin compromiso con nuestro abogado especializado en la ley del lim\u00f3n en Vancouver, WA. Revisamos sus registros de reparaci\u00f3n, garant\u00eda y contratos de compra o arrendamiento para determinar si usted califica para una reclamaci\u00f3n y delinear la estrategia m\u00e1s eficaz para resolver su caso con \u00e9xito.<\/p>\n<!-- HFCM by 99 Robots - Snippet # 18: WA &quot;See if You Qualify&quot; Button (EN+ES) -->\n<div data-tf-live=\"01JBG22RY7ZCB9RBCRJJWE8MPA\"><\/div><script src=\"\/\/embed.typeform.com\/next\/embed.js\"><\/script>\n<!-- \/end HFCM by 99 Robots -->\n\n\n\t\t<\/div>\n\t<\/div>\n<\/div><\/div><\/div><\/div><\/div><div id=\"4\" class=\"vc_row wpb_row light1 blurb-row vc_custom_1718224081624\"><div class=\"container\"><div class=\"wpb_column vc_column_container vc_col-sm-1\"><div class=\"vc_column-inner\"><div class=\"wpb_wrapper\"><\/div><\/div><\/div><div class=\"wpb_column vc_column_container vc_col-sm-10\"><div class=\"vc_column-inner\"><div class=\"wpb_wrapper\">\n\t<div class=\"wpb_text_column wpb_content_element  mb0\" >\n\t\t<div class=\"wpb_wrapper\">\n\t\t\t<h2 style=\"text-align: center;\">Garant\u00edas y Leyes Lim\u00f3n en Vancouver, WA<\/h2>\n<hr class=\"line\" \/>\n<p style=\"text-align: center;\">Las garant\u00edas del fabricante y de veh\u00edculos de segunda mano certificados desempe\u00f1an un papel fundamental en los casos de la ley del lim\u00f3n de Vancouver. Los defectos cubiertos por estas garant\u00edas son fundamentales para probar su reclamaci\u00f3n, ya que demuestran la obligaci\u00f3n del fabricante de reparar los problemas que afectan a la seguridad o al valor del veh\u00edculo.<\/p>\n<p style=\"text-align: center;\">Nuestros abogados eval\u00faan la cobertura de su garant\u00eda y los registros de reparaci\u00f3n para asegurarse de que su reclamaci\u00f3n est\u00e1 bien documentada y es jur\u00eddicamente s\u00f3lida. Tambi\u00e9n tenemos en cuenta factores como los intentos de reparaci\u00f3n, la gravedad del defecto y el impacto del veh\u00edculo en su vida diaria para construir un caso s\u00f3lido que maximice la compensaci\u00f3n a la que tiene derecho seg\u00fan la ley de Washington.<\/p>\n\n\t\t<\/div>\n\t<\/div>\n<\/div><\/div><\/div><div class=\"wpb_column vc_column_container vc_col-sm-1\"><div class=\"vc_column-inner\"><div class=\"wpb_wrapper\"><\/div><\/div><\/div><\/div><\/div><div id=\"5\" class=\"vc_row wpb_row fifty-fifty image-right dark1 flip-mobile\"><div class=\"container\"><div class=\"wpb_column vc_column_container vc_col-sm-6\"><div class=\"vc_column-inner\"><div class=\"wpb_wrapper\">\n\t<div class=\"wpb_text_column wpb_content_element  mb0\" >\n\t\t<div class=\"wpb_wrapper\">\n\t\t\t<h3 style=\"text-align: left;\">Requisitos para reclamar la Ley del Lim\u00f3n en Vancouver<\/h3>\n<p style=\"text-align: left;\">Para calificar para una reclamaci\u00f3n de la ley del lim\u00f3n en Washington, su veh\u00edculo debe tener defectos significativos que perjudiquen su seguridad, uso o valor. Nuestros abogados de la ley del lim\u00f3n de Vancouver eval\u00faan cuidadosamente cada situaci\u00f3n para asegurarse de que su veh\u00edculo cumple los criterios legales. Los requisitos comunes incluyen:<\/p>\n<ul>\n<li style=\"text-align: left;\">M\u00faltiples intentos de reparaci\u00f3n del mismo problema dentro del periodo de garant\u00eda.<\/li>\n<li style=\"text-align: left;\">Defectos que persisten a pesar de los esfuerzos razonables de reparaci\u00f3n del fabricante.<\/li>\n<li style=\"text-align: left;\">Problemas que afecten a la seguridad, fiabilidad o funciones esenciales del veh\u00edculo.<\/li>\n<\/ul>\n<p style=\"text-align: left;\">Es fundamental documentar las visitas de reparaci\u00f3n, las \u00f3rdenes de servicio y las comunicaciones con el concesionario. Estos registros ayudan a construir un caso s\u00f3lido y demuestran el impacto de los defectos en su vida diaria.<\/p>\n\n\t\t<\/div>\n\t<\/div>\n<\/div><\/div><\/div><div class=\"requirements wpb_column vc_column_container vc_col-sm-6 vc_col-has-fill\"><div class=\"vc_column-inner vc_custom_1737497084723\"><div class=\"wpb_wrapper\"><\/div><\/div><\/div><\/div><\/div><div id=\"6\" class=\"vc_row wpb_row dark2 blurb-row vc_custom_1739914553993\"><div class=\"container\"><div class=\"wpb_column vc_column_container vc_col-sm-1\"><div class=\"vc_column-inner\"><div class=\"wpb_wrapper\"><\/div><\/div><\/div><div class=\"wpb_column vc_column_container vc_col-sm-10\"><div class=\"vc_column-inner\"><div class=\"wpb_wrapper\">\n\t<div class=\"wpb_text_column wpb_content_element  mb0\" >\n\t\t<div class=\"wpb_wrapper\">\n\t\t\t<h2 style=\"text-align: center;\">Qu\u00e9 hacer si un concesionario de Vancouver le ha vendido un producto defectuoso<\/h2>\n<hr class=\"line\" \/>\n<p style=\"text-align: center;\">Si sospecha que el veh\u00edculo que le ha vendido el concesionario es defectuoso, el primer paso es ponerse en contacto con un abogado con experiencia. Nuestros abogados especializados en la ley del lim\u00f3n de Vancouver revisar\u00e1n su caso, recopilar\u00e1n la documentaci\u00f3n necesaria y esbozar\u00e1n la mejor estrategia para reclamar una indemnizaci\u00f3n.<\/p>\n<p style=\"text-align: center;\">Es importante no negociar con el concesionario o el fabricante por su cuenta, ya que esto podr\u00eda afectar a su reclamaci\u00f3n. Actuando con rapidez y trabajando con profesionales del derecho, puede proteger sus derechos y posicionarse para obtener el mejor resultado posible en virtud de la ley del lim\u00f3n de Washington.<\/p>\n\n\t\t<\/div>\n\t<\/div>\n<\/div><\/div><\/div><div class=\"wpb_column vc_column_container vc_col-sm-1\"><div class=\"vc_column-inner\"><div class=\"wpb_wrapper\"><\/div><\/div><\/div><\/div><\/div><div id=\"7\" class=\"vc_row wpb_row accordion light1 vc_custom_1723237540694\"><div class=\"container\"><div class=\"wpb_column vc_column_container vc_col-sm-1\"><div class=\"vc_column-inner\"><div class=\"wpb_wrapper\"><\/div><\/div><\/div><div class=\"wpb_column vc_column_container vc_col-sm-10\"><div class=\"vc_column-inner\"><div class=\"wpb_wrapper\">\n\t<div class=\"wpb_text_column wpb_content_element  mb0\" >\n\t\t<div class=\"wpb_wrapper\">\n\t\t\t<h2 style=\"text-align: center;\">Preguntas frecuentes sobre las reclamaciones de la Ley del Lim\u00f3n de Vancouver<\/h2>\n\n\t\t<\/div>\n\t<\/div>\n<div class=\"vc_tta-container\" data-vc-action=\"collapse\"><div class=\"vc_general vc_tta vc_tta-accordion vc_tta-color-grey vc_tta-style-classic vc_tta-shape-rounded vc_tta-o-shape-group vc_tta-controls-align-default\"><div class=\"vc_tta-panels-container\"><div class=\"vc_tta-panels\"><div class=\"vc_tta-panel vc_active\" id=\"1718136743764-4be9d8a6-f088\" data-vc-content=\".vc_tta-panel-body\"><div class=\"vc_tta-panel-heading\"><h3 class=\"vc_tta-panel-title vc_tta-controls-icon-position-left\"><a href=\"#1718136743764-4be9d8a6-f088\" data-vc-accordion data-vc-container=\".vc_tta-container\"><span class=\"vc_tta-title-text\">\u00bfQu\u00e9 problemas de coche cubre la Ley del Lim\u00f3n?<\/span><i class=\"vc_tta-controls-icon vc_tta-controls-icon-plus\"><\/i><\/a><\/h3><\/div><div class=\"vc_tta-panel-body\">\n\t<div class=\"wpb_text_column wpb_content_element\" >\n\t\t<div class=\"wpb_wrapper\">\n\t\t\t<p>La Ley del Lim\u00f3n de Washington cubre los defectos que afectan sustancialmente a la seguridad, el uso o el valor de un veh\u00edculo. Esto incluye problemas con motores, transmisiones, frenos, sistemas el\u00e9ctricos y otros componentes principales que siguen sin resolverse despu\u00e9s de repetidos intentos de reparaci\u00f3n.<\/p>\n\n\t\t<\/div>\n\t<\/div>\n<\/div><\/div><div class=\"vc_tta-panel\" id=\"1718136773552-00e3c884-8616\" data-vc-content=\".vc_tta-panel-body\"><div class=\"vc_tta-panel-heading\"><h3 class=\"vc_tta-panel-title vc_tta-controls-icon-position-left\"><a href=\"#1718136773552-00e3c884-8616\" data-vc-accordion data-vc-container=\".vc_tta-container\"><span class=\"vc_tta-title-text\">\u00bfQu\u00e9 tipos de veh\u00edculos cubre la Ley del Lim\u00f3n de Vancouver?<\/span><i class=\"vc_tta-controls-icon vc_tta-controls-icon-plus\"><\/i><\/a><\/h3><\/div><div class=\"vc_tta-panel-body\">\n\t<div class=\"wpb_text_column wpb_content_element\" >\n\t\t<div class=\"wpb_wrapper\">\n\t\t\t<p>La ley se aplica a coches nuevos y alquilados, todoterrenos, camiones y algunas motocicletas con garant\u00eda del fabricante. Algunos veh\u00edculos de peque\u00f1as empresas tambi\u00e9n pueden acogerse a la ley, dependiendo del uso y de la cobertura de la garant\u00eda.<\/p>\n\n\t\t<\/div>\n\t<\/div>\n<\/div><\/div><div class=\"vc_tta-panel\" id=\"1718136792073-91a89b4c-81f3\" data-vc-content=\".vc_tta-panel-body\"><div class=\"vc_tta-panel-heading\"><h3 class=\"vc_tta-panel-title vc_tta-controls-icon-position-left\"><a href=\"#1718136792073-91a89b4c-81f3\" data-vc-accordion data-vc-container=\".vc_tta-container\"><span class=\"vc_tta-title-text\">\u00bfC\u00f3mo presento una reclamaci\u00f3n a la Ley del Lim\u00f3n de Vancouver?<\/span><i class=\"vc_tta-controls-icon vc_tta-controls-icon-plus\"><\/i><\/a><\/h3><\/div><div class=\"vc_tta-panel-body\">\n\t<div class=\"wpb_text_column wpb_content_element\" >\n\t\t<div class=\"wpb_wrapper\">\n\t\t\t<p>El primer paso es ponerse en contacto con nuestros abogados de la ley del lim\u00f3n de Vancouver para una evaluaci\u00f3n del caso. Revisamos el historial de reparaciones de su veh\u00edculo, la garant\u00eda y los documentos de arrendamiento o compra y, a continuaci\u00f3n, nos encargamos de todas las comunicaciones y pasos legales para llevar a cabo su reclamaci\u00f3n de manera eficiente.<\/p>\n\n\t\t<\/div>\n\t<\/div>\n<\/div><\/div><\/div><\/div><\/div><\/div><\/div><\/div><\/div><div class=\"wpb_column vc_column_container vc_col-sm-1\"><div class=\"vc_column-inner\"><div class=\"wpb_wrapper\"><\/div><\/div><\/div><\/div><\/div><div class=\"vc_row wpb_row fifty-fifty image-right dark2\"><div class=\"container\"><div class=\"nap-col wpb_column vc_column_container vc_col-sm-6\"><div class=\"vc_column-inner\"><div class=\"wpb_wrapper\">\n\t<div class=\"wpb_text_column wpb_content_element  mb0\" >\n\t\t<div class=\"wpb_wrapper\">\n\t\t\t<h3>Lemonlawswa.com por Prestige Legal Solutions, P.C.<\/h3>\n<hr class=\"line fw-line\" \/>\n<h5 style=\"text-align: left;\">DIRECCI\u00d3N<\/h5>\n<p style=\"text-align: left;\"><!-- &#091;business_address&#093; -->701 Fifth Ave. Suite 4200<br \/>\nSeattle, Washington 98104<br \/>\n<a href=\"https:\/\/maps.app.goo.gl\/GxVwogAz81AABZmJ7\" target=\"_blank\" rel=\"noopener\">C\u00f3mo llegar<\/a><\/p>\n<h5 style=\"text-align: left;\">TEL\u00c9FONO<\/h5>\n<p style=\"text-align: left;\">Ll\u00e1menos: <a href=\"tel:+18447491481\">(844) 749-1481<\/a><\/p>\n\n\t\t<\/div>\n\t<\/div>\n<\/div><\/div><\/div><div class=\"map-col wpb_column vc_column_container vc_col-sm-6\"><div class=\"vc_column-inner\"><div class=\"wpb_wrapper\"><div class=\"wpb_gmaps_widget wpb_content_element vc_map_responsive mb0 map-element\" >\n\t\t<div class=\"wpb_wrapper\">\n\t\t<div class=\"wpb_map_wraper\">\n\t\t\t<iframe src=\"https:\/\/www.google.com\/maps\/embed?pb=!1m18!1m12!1m3!1d3190.997439029833!2d-122.33332772330034!3d47.60463988811244!2m3!1f0!2f0!3f0!3m2!1i1024!2i768!4f13.1!3m3!1m2!1s0x54906ab0b8e0f233%3A0x4426f70836c72e05!2s701%205th%20Ave%20Suite%204200%2C%20Seattle%2C%20WA%2098104!5e1!3m2!1sen!2sus!4v1735923115168!5m2!1sen!2sus\" width=\"600\" height=\"450\" style=\"border:0;\" allowfullscreen=\"\" loading=\"lazy\" referrerpolicy=\"no-referrer-when-downgrade\"><\/iframe>\t\t<\/div>\n\t<\/div>\n<\/div>\n<\/div><\/div><\/div><\/div><\/div><div class=\"vc_row wpb_row accent1 other-services multi-row manual-products-grid blurb-row\"><div class=\"container\"><div class=\"wpb_column vc_column_container vc_col-sm-12\"><div class=\"vc_column-inner\"><div class=\"wpb_wrapper\">\n\t<div class=\"wpb_text_column wpb_content_element  mb0\" >\n\t\t<div class=\"wpb_wrapper\">\n\t\t\t<h3 style=\"text-align: center;\">Otras \u00e1reas de Washington que servimos<\/h3>\n<hr class=\"line\" \/>\n<p style=\"text-align: center;\">Prestige Legal Solutions representa a clientes en todo el estado de Washington, incluyendo el \u00e1rea metropolitana de Vancouver, asegurando que los residentes de cada ciudad puedan acceder a una representaci\u00f3n experta en la ley del lim\u00f3n.<\/p>\n\n\t\t<\/div>\n\t<\/div>\n<div class=\"vc_row wpb_row vc_inner vc_row-fluid\"><div class=\"wpb_column vc_column_container vc_col-sm-3\"><div class=\"vc_column-inner\"><div class=\"wpb_wrapper\">\n\t<div class=\"wpb_text_column wpb_content_element  vc_custom_1742524998746 mb0-desktop seattle\" >\n\t\t<div class=\"wpb_wrapper\">\n\t\t\t<h3 style=\"text-align: center;\">SEATTLE<\/h3>\n\n\t\t<\/div>\n\t<\/div>\n<\/div><\/div><\/div><div class=\"wpb_column vc_column_container vc_col-sm-3\"><div class=\"vc_column-inner\"><div class=\"wpb_wrapper\">\n\t<div class=\"wpb_text_column wpb_content_element  vc_custom_1742524985317 mb0-desktop tacoma\" >\n\t\t<div class=\"wpb_wrapper\">\n\t\t\t<h3 style=\"text-align: center;\">TACOMA<\/h3>\n\n\t\t<\/div>\n\t<\/div>\n<\/div><\/div><\/div><div class=\"wpb_column vc_column_container vc_col-sm-3\"><div class=\"vc_column-inner\"><div class=\"wpb_wrapper\">\n\t<div class=\"wpb_text_column wpb_content_element  vc_custom_1728685397596 mb0-desktop spokane\" >\n\t\t<div class=\"wpb_wrapper\">\n\t\t\t<h3 style=\"text-align: center;\">SPOKANE<\/h3>\n<p><!--\n\n\n\n\n\n\n\n<p style=\"text-align: center;\"><a class=\"btn-bt default\" href=\"\/cities\/sacramento-lemon-law-attorney\/\">MORE INFO<\/a>\n\n\n\n\n\n\n--><\/p>\n\n\t\t<\/div>\n\t<\/div>\n<\/div><\/div><\/div><div class=\"wpb_column vc_column_container vc_col-sm-3\"><div class=\"vc_column-inner\"><div class=\"wpb_wrapper\">\n\t<div class=\"wpb_text_column wpb_content_element  vc_custom_1737497221793 mb0-desktop van\" >\n\t\t<div class=\"wpb_wrapper\">\n\t\t\t<h3 style=\"text-align: center;\">VANCOUVER<\/h3>\n<p><!--\n\n\n\n\n\n\n\n<p style=\"text-align: center;\"><a class=\"btn-bt default\" href=\"\/cities\/san-francisco-lemon-law-attorney\/\">MORE INFO<\/a>\n\n\n\n\n\n\n--><\/p>\n\n\t\t<\/div>\n\t<\/div>\n<\/div><\/div><\/div><\/div><\/div><\/div><\/div><\/div><\/div><div id=\"8\" class=\"vc_row wpb_row bottom-cta home-bottom-cta add-parallax vc_custom_1731365552425 vc_row-has-fill\"><div class=\"container\"><div class=\"wpb_column vc_column_container vc_col-sm-12\"><div class=\"vc_column-inner\"><div class=\"wpb_wrapper\">\n\t<div class=\"wpb_text_column wpb_content_element\" >\n\t\t<div class=\"wpb_wrapper\">\n\t\t\t<h2 style=\"text-align: center;\">As\u00f3ciese con los mejores abogados de la Ley del Lim\u00f3n de Vancouver<\/h2>\n<p style=\"text-align: center;\">No espere para abordar los defectos persistentes del veh\u00edculo. P\u00f3ngase en contacto con nosotros en Prestige Legal Solutions, el principal abogado de la ley del lim\u00f3n en Vancouver, WA, para una revisi\u00f3n gratuita de su caso hoy. Nuestro experimentado equipo se encarga de cada paso de su reclamaci\u00f3n, protegiendo sus derechos y luchando para recuperar la compensaci\u00f3n que se merece.<\/p>\n<p style=\"text-align: center;\"><a href=\"https:\/\/lemonlawswa.com\/es\/pongase-en-contacto-con\/\">Llame ahora para empezar<\/a> su caso y tome el control de su reclamaci\u00f3n de la ley del lim\u00f3n con confianza.<\/p>\n\n\t\t<\/div>\n\t<\/div>\n\n\t<div class=\"wpb_raw_code wpb_raw_js\" >\n\t\t<div class=\"wpb_wrapper\">\n\t\t\t<script charset=\"utf-8\" type=\"text\/javascript\" src=\"\/\/js.hsforms.net\/forms\/embed\/v2.js\"><\/script>\n<script>\n  hbspt.forms.create({\n    region: \"na1\",\n    portalId: \"8932302\",\n    formId: \"0843527b-ee7b-48b5-ad10-2f7d3567927b\"\n  });\n<\/script>\n\t\t<\/div>\n\t<\/div>\n<\/div><\/div><\/div><\/div><\/div>\n<\/div>","protected":false},"excerpt":{"rendered":"Evaluaciones de casos gratuitas y sin honorarios hasta que ganemos Si su veh\u00edculo tiene problemas continuos, no deber\u00eda tener que cargar solo con el costo o la frustraci\u00f3n. Nuestros abogados de la ley del lim\u00f3n de Vancouver en Prestige Legal Solutions tienen d\u00e9cadas de experiencia ayudando a los residentes de Washington a asegurar millones en reembolsos y otras compensaciones por veh\u00edculos defectuosos. Entendemos lo estresante... <a class=\"more-link\" href=\"https:\/\/lemonlawswa.com\/es\/abogado-de-la-ley-del-limon-de-vancouver\/\">Seguir leyendo <span class=\"screen-reader-text\">Vancouver Ley del Lim\u00f3n Abogado<\/span><\/a>","protected":false},"author":1,"featured_media":6639,"parent":0,"menu_order":0,"comment_status":"closed","ping_status":"closed","template":"","meta":{"_acf_changed":false,"content-type":"","footnotes":""},"class_list":["post-6657","page","type-page","status-publish","has-post-thumbnail","entry"],"acf":[],"aioseo_notices":[],"_links":{"self":[{"href":"https:\/\/lemonlawswa.com\/es\/wp-json\/wp\/v2\/pages\/6657","targetHints":{"allow":["GET"]}}],"collection":[{"href":"https:\/\/lemonlawswa.com\/es\/wp-json\/wp\/v2\/pages"}],"about":[{"href":"https:\/\/lemonlawswa.com\/es\/wp-json\/wp\/v2\/types\/page"}],"author":[{"embeddable":true,"href":"https:\/\/lemonlawswa.com\/es\/wp-json\/wp\/v2\/users\/1"}],"replies":[{"embeddable":true,"href":"https:\/\/lemonlawswa.com\/es\/wp-json\/wp\/v2\/comments?post=6657"}],"version-history":[{"count":0,"href":"https:\/\/lemonlawswa.com\/es\/wp-json\/wp\/v2\/pages\/6657\/revisions"}],"wp:featuredmedia":[{"embeddable":true,"href":"https:\/\/lemonlawswa.com\/es\/wp-json\/wp\/v2\/media\/6639"}],"wp:attachment":[{"href":"https:\/\/lemonlawswa.com\/es\/wp-json\/wp\/v2\/media?parent=6657"}],"curies":[{"name":"wp","href":"https:\/\/api.w.org\/{rel}","templated":true}]}}